{"id":343,"date":"2021-11-02T11:58:44","date_gmt":"2021-11-02T11:58:44","guid":{"rendered":"https:\/\/demo.zorentino.com\/?page_id=343"},"modified":"2024-10-14T13:16:19","modified_gmt":"2024-10-14T13:16:19","slug":"weinshop","status":"publish","type":"page","link":"https:\/\/pfefferundsalz.gaeste-mappe.de\/fr\/weinshop\/","title":{"rendered":"Caviste"},"content":{"rendered":"<div data-elementor-type=\"wp-page\" data-elementor-id=\"343\" class=\"elementor elementor-343\" data-elementor-post-type=\"page\">\n\t\t\t\t\t\t<section class=\"elementor-section elementor-top-section elementor-element elementor-element-695d9325 elementor-section-boxed elementor-section-height-default elementor-section-height-default\" data-id=\"695d9325\" data-element_type=\"section\" data-e-type=\"section\" data-settings=\"{&quot;background_background&quot;:&quot;classic&quot;}\">\n\t\t\t\t\t\t<div class=\"elementor-container elementor-column-gap-default\">\n\t\t\t\t\t<div class=\"elementor-column elementor-col-100 elementor-top-column elementor-element elementor-element-6a6089c0\" data-id=\"6a6089c0\" data-element_type=\"column\" data-e-type=\"column\">\n\t\t\t<div class=\"elementor-widget-wrap elementor-element-populated\">\n\t\t\t\t\t\t<div class=\"elementor-element elementor-element-115d134d elementor-icon-list--layout-traditional elementor-list-item-link-full_width elementor-widget elementor-widget-icon-list\" data-id=\"115d134d\" data-element_type=\"widget\" data-e-type=\"widget\" data-widget_type=\"icon-list.default\">\n\t\t\t\t<div class=\"elementor-widget-container\">\n\t\t\t\t\t\t\t<ul class=\"elementor-icon-list-items\">\n\t\t\t\t\t\t\t<li class=\"elementor-icon-list-item\">\n\t\t\t\t\t\t\t\t\t\t\t<span class=\"elementor-icon-list-icon\">\n\t\t\t\t\t\t\t<svg xmlns=\"http:\/\/www.w3.org\/2000\/svg\" height=\"512pt\" viewbox=\"0 0 512 512\" width=\"512pt\"><path d=\"m0 392h90v30h-90zm0 0\"><\/path><path d=\"m0 272h90v90h-90zm0 0\"><\/path><path d=\"m180 234.28125c0-51.855469-35.925781-78.277344-38.789062-82.28125h-102.421876c-3.503906 4.898438-38.789062 29.9375-38.789062 82.28125v7.71875h120v210h-120v60h180zm0 0\"><\/path><path d=\"m60 0h60v122h-60zm0 0\"><\/path><path d=\"m390 0h60v122h-60zm0 0\"><\/path><path d=\"m225 0h60v122h-60zm0 0\"><\/path><path d=\"m471.210938 152h-102.421876c-1.292968 1.804688-6.921874 6.394531-13.484374 14.03125 12.738281 21.109375 19.695312 43.707031 19.695312 68.25v7.71875h75v210h-75v60h137v-277.71875c0-51.855469-37.925781-78.277344-40.789062-82.28125zm0 0\"><\/path><path d=\"m375 272h45v90h-45zm0 0\"><\/path><path d=\"m375 392h45v30h-45zm0 0\"><\/path><path d=\"m190.304688 166.03125c12.738281 21.109375 19.695312 43.707031 19.695312 68.25v7.71875h75v210h-75v60h135v-277.71875c0-51.855469-35.925781-78.277344-38.789062-82.28125h-102.421876c-1.292968 1.804688-6.917968 6.394531-13.484374 14.03125zm0 0\"><\/path><path d=\"m210 272h45v90h-45zm0 0\"><\/path><path d=\"m210 392h45v30h-45zm0 0\"><\/path><\/svg>\t\t\t\t\t\t<\/span>\n\t\t\t\t\t\t\t\t\t\t<span class=\"elementor-icon-list-text\">Caviste<\/span>\n\t\t\t\t\t\t\t\t\t<\/li>\n\t\t\t\t\t\t<\/ul>\n\t\t\t\t\t\t<\/div>\n\t\t\t\t<\/div>\n\t\t\t\t\t<\/div>\n\t\t<\/div>\n\t\t\t\t\t<\/div>\n\t\t<\/section>\n\t\t\t\t<section class=\"elementor-section elementor-top-section elementor-element elementor-element-33d5593 elementor-section-boxed elementor-section-height-default elementor-section-height-default\" data-id=\"33d5593\" data-element_type=\"section\" data-e-type=\"section\">\n\t\t\t\t\t\t<div class=\"elementor-container elementor-column-gap-default\">\n\t\t\t\t\t<div class=\"elementor-column elementor-col-100 elementor-top-column elementor-element elementor-element-d5efd0d\" data-id=\"d5efd0d\" data-element_type=\"column\" data-e-type=\"column\">\n\t\t\t<div class=\"elementor-widget-wrap elementor-element-populated\">\n\t\t\t\t\t\t<div class=\"elementor-element elementor-element-5a95f68 elementor-widget elementor-widget-image\" data-id=\"5a95f68\" data-element_type=\"widget\" data-e-type=\"widget\" data-widget_type=\"image.default\">\n\t\t\t\t<div class=\"elementor-widget-container\">\n\t\t\t\t\t\t\t\t\t\t\t\t\t\t\t<img fetchpriority=\"high\" decoding=\"async\" width=\"1371\" height=\"460\" src=\"https:\/\/pfefferundsalz.gaeste-mappe.de\/wp-content\/uploads\/2024\/10\/weinshop-4.jpg\" class=\"attachment-full size-full wp-image-12424\" alt=\"\" srcset=\"https:\/\/pfefferundsalz.gaeste-mappe.de\/wp-content\/uploads\/2024\/10\/weinshop-4.jpg 1371w, https:\/\/pfefferundsalz.gaeste-mappe.de\/wp-content\/uploads\/2024\/10\/weinshop-4-300x101.jpg 300w, https:\/\/pfefferundsalz.gaeste-mappe.de\/wp-content\/uploads\/2024\/10\/weinshop-4-1024x344.jpg 1024w, https:\/\/pfefferundsalz.gaeste-mappe.de\/wp-content\/uploads\/2024\/10\/weinshop-4-768x258.jpg 768w, https:\/\/pfefferundsalz.gaeste-mappe.de\/wp-content\/uploads\/2024\/10\/weinshop-4-18x6.jpg 18w\" sizes=\"(max-width: 1371px) 100vw, 1371px\" \/>\t\t\t\t\t\t\t\t\t\t\t\t\t\t\t<\/div>\n\t\t\t\t<\/div>\n\t\t\t\t\t<\/div>\n\t\t<\/div>\n\t\t\t\t\t<\/div>\n\t\t<\/section>\n\t\t\t\t<section class=\"elementor-section elementor-top-section elementor-element elementor-element-aa6019a elementor-section-boxed elementor-section-height-default elementor-section-height-default\" data-id=\"aa6019a\" data-element_type=\"section\" data-e-type=\"section\">\n\t\t\t\t\t\t<div class=\"elementor-container elementor-column-gap-default\">\n\t\t\t\t\t<div class=\"elementor-column elementor-col-100 elementor-top-column elementor-element elementor-element-25fe4400\" data-id=\"25fe4400\" data-element_type=\"column\" data-e-type=\"column\">\n\t\t\t<div class=\"elementor-widget-wrap elementor-element-populated\">\n\t\t\t\t\t\t<div class=\"elementor-element elementor-element-48bb5edc elementor-icon-list--layout-traditional elementor-list-item-link-full_width elementor-widget elementor-widget-icon-list\" data-id=\"48bb5edc\" data-element_type=\"widget\" data-e-type=\"widget\" data-widget_type=\"icon-list.default\">\n\t\t\t\t<div class=\"elementor-widget-container\">\n\t\t\t\t\t\t\t<ul class=\"elementor-icon-list-items\">\n\t\t\t\t\t\t\t<li class=\"elementor-icon-list-item\">\n\t\t\t\t\t\t\t\t\t\t\t<span class=\"elementor-icon-list-icon\">\n\t\t\t\t\t\t\t<svg xmlns=\"http:\/\/www.w3.org\/2000\/svg\" id=\"Solid\" height=\"512\" viewbox=\"0 0 512 512\" width=\"512\"><path d=\"m248 280a8 8 0 0 1 8-8h89.586c3.744-30.69 13.234-62.259 18.77-78.913-12.965-19.872-32.769-30.481-38.125-33.087h-44.454a105.736 105.736 0 0 0 -24.7 17.206c-16.64 15.609-25.077 34.044-25.077 54.794v128.805a39.841 39.841 0 0 1 16 7.217zm0-48c0-17.3 8.039-33.248 23.249-46.109a8 8 0 0 1 10.33 12.218c-11.664 9.864-17.579 21.266-17.579 33.891v16a8 8 0 0 1 -16 0z\"><\/path><path d=\"m374.058 477.209a7.955 7.955 0 0 0 1.942-5.209v-110.742a80.737 80.737 0 0 1 -16-15.984v78.726a8 8 0 0 1 -8 8h-64.022a39.912 39.912 0 0 1 0 48h78.9a62.654 62.654 0 0 0 7.18-2.791z\"><\/path><path d=\"m264 288h80v128h-80z\"><\/path><path d=\"m440.449 283.06a40.007 40.007 0 0 1 -22.2-6.7l-20.237-13.491a23.962 23.962 0 0 0 -19.905-3.108l-15.219 4.339a203.737 203.737 0 0 0 -2.888 31.9c0 24.189 11.107 39.52 20.426 48.122 12.697 11.719 27.098 15.878 35.574 15.878s22.877-4.159 35.574-15.878c9.319-8.602 20.426-23.933 20.426-48.122a185.128 185.128 0 0 0 -1.619-23.178l-12.058 6.029a39.965 39.965 0 0 1 -17.874 4.209z\"><\/path><path d=\"m288 72v40h32v-40a8 8 0 0 1 8-8v-32h-48v32a8 8 0 0 1 8 8z\"><\/path><path d=\"m288 128h32v16h-32z\"><\/path><path d=\"m406.884 249.551 20.237 13.492a24.053 24.053 0 0 0 24.047 1.5l16.575-8.289c-5.168-27.51-13.656-53.5-17.384-64.251h-68.716a495.456 495.456 0 0 0 -15.41 54.507l7.477-2.135a39.941 39.941 0 0 1 33.174 5.176z\"><\/path><path d=\"m440 480s-16-16-16-32v-72.66a48.815 48.815 0 0 1 -16 0v72.66c0 16-16 32-16 32z\"><\/path><circle cx=\"192\" cy=\"344\" r=\"24\"><\/circle><circle cx=\"128\" cy=\"344\" r=\"24\"><\/circle><circle cx=\"192\" cy=\"456\" r=\"24\"><\/circle><circle cx=\"224\" cy=\"400\" r=\"24\"><\/circle><circle cx=\"256\" cy=\"456\" r=\"24\"><\/circle><circle cx=\"128\" cy=\"456\" r=\"24\"><\/circle><circle cx=\"160\" cy=\"400\" r=\"24\"><\/circle><circle cx=\"96\" cy=\"400\" r=\"24\"><\/circle><path d=\"m39.37 321.24a7.994 7.994 0 0 0 9.14 6.66c17.38-2.71 31.09-.6 41.57 3.33a40.224 40.224 0 0 1 8.2-13.98 84.565 84.565 0 0 0 -14.69-4.55 75.548 75.548 0 0 1 4.94-14.14 84 84 0 0 1 13.16-20.08c8.62 10.09 19.84 18.34 28.16 23.69v-18.06a8.006 8.006 0 0 1 12.44-6.66c13.96 9.31 26.79 12.77 38.12 10.29a36.266 36.266 0 0 0 16.76-9.03l-22.9-11.45a8 8 0 0 1 -.86-13.81c14.99-9.99 23.15-31.64 26.59-43.22-26.82-4.5-51.94 1.57-52.21 1.64a8.009 8.009 0 0 1 -9.94-7.76v-20.11c-31.24 15.43-31.98 42.88-32 44.11a8 8 0 0 1 -10.53 7.59l-12.99-4.33c1.11 12.66 3.95 21.74 6.42 27.55a57.1 57.1 0 0 0 3.27 6.53 99.306 99.306 0 0 0 -18.46 27.38 90.919 90.919 0 0 0 -5.94 17.92 111.789 111.789 0 0 0 -21.58 1.35 8 8 0 0 0 -6.67 9.14z\"><\/path><\/svg>\t\t\t\t\t\t<\/span>\n\t\t\t\t\t\t\t\t\t\t<span class=\"elementor-icon-list-text\">Bienvenue dans la boutique en ligne du domaine viticole Simon Huber !<\/span>\n\t\t\t\t\t\t\t\t\t<\/li>\n\t\t\t\t\t\t<\/ul>\n\t\t\t\t\t\t<\/div>\n\t\t\t\t<\/div>\n\t\t\t\t\t<\/div>\n\t\t<\/div>\n\t\t\t\t\t<\/div>\n\t\t<\/section>\n\t\t\t\t<section class=\"elementor-section elementor-top-section elementor-element elementor-element-66d2a98f elementor-section-boxed elementor-section-height-default elementor-section-height-default\" data-id=\"66d2a98f\" data-element_type=\"section\" data-e-type=\"section\">\n\t\t\t\t\t\t<div class=\"elementor-container elementor-column-gap-default\">\n\t\t\t\t\t<div class=\"elementor-column elementor-col-100 elementor-top-column elementor-element elementor-element-3117d447\" data-id=\"3117d447\" data-element_type=\"column\" data-e-type=\"column\">\n\t\t\t<div class=\"elementor-widget-wrap elementor-element-populated\">\n\t\t\t\t\t\t<div class=\"elementor-element elementor-element-16ac080e elementor-widget elementor-widget-text-editor\" data-id=\"16ac080e\" data-element_type=\"widget\" data-e-type=\"widget\" data-widget_type=\"text-editor.default\">\n\t\t\t\t<div class=\"elementor-widget-container\">\n\t\t\t\t\t\t\t\t\t<p>Notre offre s&#039;adresse aux connaisseurs et amateurs de bons vins qui appr\u00e9cient la qualit\u00e9 et la r\u00e9gionalit\u00e9. D\u00e9couvrez notre gamme de vins blancs et rouges ainsi que nos sp\u00e9cialit\u00e9s de vins effervescents \u2013 soigneusement s\u00e9lectionn\u00e9s et \u00e9labor\u00e9s avec amour.<\/p><p>Nous souhaitons vous offrir une exp\u00e9rience d&#039;achat sans tracas : parcourez notre s\u00e9lection, utilisez nos forfaits vins pour d\u00e9guster et profitez d&#039;une livraison rapide directement \u00e0 votre domicile. Chez nous, vous trouverez toujours le bon vin pour chaque occasion.<\/p><p>D\u00e9couvrez nos offres r\u00e9guli\u00e8rement renouvel\u00e9es, comme le \u00ab Forfait Vin du Mois \u00bb, et laissez-vous inspirer par de nouvelles saveurs. Votre satisfaction est notre priorit\u00e9 absolue \u2013 du processus de commande \u00e0 la livraison !<\/p>\t\t\t\t\t\t\t\t<\/div>\n\t\t\t\t<\/div>\n\t\t\t\t\t<\/div>\n\t\t<\/div>\n\t\t\t\t\t<\/div>\n\t\t<\/section>\n\t\t\t\t<section class=\"elementor-section elementor-top-section elementor-element elementor-element-0553c72 elementor-section-boxed elementor-section-height-default elementor-section-height-default\" data-id=\"0553c72\" data-element_type=\"section\" data-e-type=\"section\">\n\t\t\t\t\t\t<div class=\"elementor-container elementor-column-gap-default\">\n\t\t\t\t\t<div class=\"elementor-column elementor-col-100 elementor-top-column elementor-element elementor-element-58e9271\" data-id=\"58e9271\" data-element_type=\"column\" data-e-type=\"column\">\n\t\t\t<div class=\"elementor-widget-wrap elementor-element-populated\">\n\t\t\t\t\t\t<div class=\"elementor-element elementor-element-b178950 elementor-align-justify elementor-widget__width-initial elementor-widget elementor-widget-button\" data-id=\"b178950\" data-element_type=\"widget\" data-e-type=\"widget\" data-widget_type=\"button.default\">\n\t\t\t\t<div class=\"elementor-widget-container\">\n\t\t\t\t\t\t\t\t\t<div class=\"elementor-button-wrapper\">\n\t\t\t\t\t<a class=\"elementor-button elementor-button-link elementor-size-sm\" href=\"https:\/\/weinstore.net\/webshop\/19.0\/index.php?shop_id=ZqeFiQAEkxI0JKSV8jBEaQ==&#038;user_id=ZqeFiQAEhStoqxKQp3Kwgg==&#038;\" target=\"_blank\" rel=\"noopener\">\n\t\t\t\t\t\t<span class=\"elementor-button-content-wrapper\">\n\t\t\t\t\t\t\t\t\t<span class=\"elementor-button-text\">Au magasin de vins<\/span>\n\t\t\t\t\t<\/span>\n\t\t\t\t\t<\/a>\n\t\t\t\t<\/div>\n\t\t\t\t\t\t\t\t<\/div>\n\t\t\t\t<\/div>\n\t\t\t\t\t<\/div>\n\t\t<\/div>\n\t\t\t\t\t<\/div>\n\t\t<\/section>\n\t\t\t\t<\/div>","protected":false},"excerpt":{"rendered":"<p>Weinshop Willkommen im Onlineshop des Weinguts Simon Huber! Unser Angebot richtet sich an Genie\u00dfer und Liebhaber erlesener Weine, die Wert auf Qualit\u00e4t und Regionalit\u00e4t legen. Entdecken Sie unser Sortiment an Wei\u00df- und Rotweinen sowie prickelnden Sektspezialit\u00e4ten \u2013 sorgf\u00e4ltig ausgew\u00e4hlt und mit viel Liebe hergestellt. Wir m\u00f6chten Ihnen ein unkompliziertes Einkaufserlebnis bieten: St\u00f6bern Sie durch unsere [&hellip;]<\/p>\n","protected":false},"author":2,"featured_media":0,"parent":0,"menu_order":0,"comment_status":"closed","ping_status":"closed","template":"","meta":{"site-sidebar-layout":"no-sidebar","site-content-layout":"page-builder","ast-site-content-layout":"default","site-content-style":"default","site-sidebar-style":"default","ast-global-header-display":"","ast-banner-title-visibility":"","ast-main-header-display":"","ast-hfb-above-header-display":"","ast-hfb-below-header-display":"","ast-hfb-mobile-header-display":"","site-post-title":"disabled","ast-breadcrumbs-content":"","ast-featured-img":"disabled","footer-sml-layout":"","ast-disable-related-posts":"","theme-transparent-header-meta":"","adv-header-id-meta":"","stick-header-meta":"","header-above-stick-meta":"","header-main-stick-meta":"","header-below-stick-meta":"","astra-migrate-meta-layouts":"default","ast-page-background-enabled":"default","ast-page-background-meta":{"desktop":{"background-color":"var(--ast-global-color-4)","background-image":"","background-repeat":"repeat","background-position":"center center","background-size":"auto","background-attachment":"scroll","background-type":"","background-media":"","overlay-type":"","overlay-color":"","overlay-opacity":"","overlay-gradient":""},"tablet":{"background-color":"","background-image":"","background-repeat":"repeat","background-position":"center center","background-size":"auto","background-attachment":"scroll","background-type":"","background-media":"","overlay-type":"","overlay-color":"","overlay-opacity":"","overlay-gradient":""},"mobile":{"background-color":"","background-image":"","background-repeat":"repeat","background-position":"center center","background-size":"auto","background-attachment":"scroll","background-type":"","background-media":"","overlay-type":"","overlay-color":"","overlay-opacity":"","overlay-gradient":""}},"ast-content-background-meta":{"desktop":{"background-color":"var(--ast-global-color-5)","background-image":"","background-repeat":"repeat","background-position":"center center","background-size":"auto","background-attachment":"scroll","background-type":"","background-media":"","overlay-type":"","overlay-color":"","overlay-opacity":"","overlay-gradient":""},"tablet":{"background-color":"var(--ast-global-color-5)","background-image":"","background-repeat":"repeat","background-position":"center center","background-size":"auto","background-attachment":"scroll","background-type":"","background-media":"","overlay-type":"","overlay-color":"","overlay-opacity":"","overlay-gradient":""},"mobile":{"background-color":"var(--ast-global-color-5)","background-image":"","background-repeat":"repeat","background-position":"center center","background-size":"auto","background-attachment":"scroll","background-type":"","background-media":"","overlay-type":"","overlay-color":"","overlay-opacity":"","overlay-gradient":""}},"_glsr_average":0,"_glsr_ranking":0,"_glsr_reviews":0,"footnotes":""},"class_list":["post-343","page","type-page","status-publish","hentry"],"_links":{"self":[{"href":"https:\/\/pfefferundsalz.gaeste-mappe.de\/fr\/wp-json\/wp\/v2\/pages\/343","targetHints":{"allow":["GET"]}}],"collection":[{"href":"https:\/\/pfefferundsalz.gaeste-mappe.de\/fr\/wp-json\/wp\/v2\/pages"}],"about":[{"href":"https:\/\/pfefferundsalz.gaeste-mappe.de\/fr\/wp-json\/wp\/v2\/types\/page"}],"author":[{"embeddable":true,"href":"https:\/\/pfefferundsalz.gaeste-mappe.de\/fr\/wp-json\/wp\/v2\/users\/2"}],"replies":[{"embeddable":true,"href":"https:\/\/pfefferundsalz.gaeste-mappe.de\/fr\/wp-json\/wp\/v2\/comments?post=343"}],"version-history":[{"count":82,"href":"https:\/\/pfefferundsalz.gaeste-mappe.de\/fr\/wp-json\/wp\/v2\/pages\/343\/revisions"}],"predecessor-version":[{"id":12471,"href":"https:\/\/pfefferundsalz.gaeste-mappe.de\/fr\/wp-json\/wp\/v2\/pages\/343\/revisions\/12471"}],"wp:attachment":[{"href":"https:\/\/pfefferundsalz.gaeste-mappe.de\/fr\/wp-json\/wp\/v2\/media?parent=343"}],"curies":[{"name":"wp","href":"https:\/\/api.w.org\/{rel}","templated":true}]}}