{"id":5843,"date":"2023-03-24T14:33:01","date_gmt":"2023-03-24T14:33:01","guid":{"rendered":"https:\/\/gaestehaus-am-kurpark.gaeste-mappe.com\/?page_id=5843"},"modified":"2025-12-29T08:33:12","modified_gmt":"2025-12-29T08:33:12","slug":"fasssauna","status":"publish","type":"page","link":"https:\/\/pfefferundsalz.gaeste-mappe.de\/fr\/fasssauna\/","title":{"rendered":"Sauna tonneau"},"content":{"rendered":"<div data-elementor-type=\"wp-page\" data-elementor-id=\"5843\" class=\"elementor elementor-5843\" data-elementor-post-type=\"page\">\n\t\t\t\t\t\t<section class=\"elementor-section elementor-top-section elementor-element elementor-element-443884d5 elementor-section-boxed elementor-section-height-default elementor-section-height-default\" data-id=\"443884d5\" data-element_type=\"section\" data-e-type=\"section\" data-settings=\"{&quot;background_background&quot;:&quot;classic&quot;}\">\n\t\t\t\t\t\t<div class=\"elementor-container elementor-column-gap-default\">\n\t\t\t\t\t<div class=\"elementor-column elementor-col-100 elementor-top-column elementor-element elementor-element-60b55b26\" data-id=\"60b55b26\" data-element_type=\"column\" data-e-type=\"column\">\n\t\t\t<div class=\"elementor-widget-wrap elementor-element-populated\">\n\t\t\t\t\t\t<div class=\"elementor-element elementor-element-69562c60 elementor-icon-list--layout-traditional elementor-list-item-link-full_width elementor-widget elementor-widget-icon-list\" data-id=\"69562c60\" data-element_type=\"widget\" data-e-type=\"widget\" data-widget_type=\"icon-list.default\">\n\t\t\t\t<div class=\"elementor-widget-container\">\n\t\t\t\t\t\t\t<ul class=\"elementor-icon-list-items\">\n\t\t\t\t\t\t\t<li class=\"elementor-icon-list-item\">\n\t\t\t\t\t\t\t\t\t\t\t<span class=\"elementor-icon-list-icon\">\n\t\t\t\t\t\t\t<svg xmlns=\"http:\/\/www.w3.org\/2000\/svg\" xmlns:xlink=\"http:\/\/www.w3.org\/1999\/xlink\" id=\"Layer_1\" x=\"0px\" y=\"0px\" viewbox=\"0 0 512 512\" style=\"enable-background:new 0 0 512 512;\" xml:space=\"preserve\"><g>\t<g>\t\t<path d=\"M120.867,65.219c-32.706,0-59.313,26.608-59.313,59.313c0,32.705,26.608,59.313,59.313,59.313   s59.313-26.607,59.313-59.313C180.18,91.826,153.573,65.219,120.867,65.219z\"><\/path>\t<\/g><\/g><g>\t<g>\t\t<path d=\"M370.102,462.965L317,313.198H214.098l-47.12-111.839H90.08L31.442,360.844c-2.37,6.447-2.863,13.327-1.586,19.888H0v30   h154.44h9.032h90.454l50.01,83.415c6.821,11.376,18.995,17.849,31.577,17.849c4.975,0,10.016-1.012,14.812-3.133   C367.801,501.135,376.487,480.975,370.102,462.965z M105.545,380.732l17.863-28.638l15.156,28.638H105.545z\"><\/path>\t<\/g><\/g><g>\t<g>\t\t<path d=\"M359.706,112.663c0-19.012-7.689-29.445-13.304-37.063c-4.647-6.306-7.453-10.113-7.453-19.265   c0-9.153,2.806-12.959,7.454-19.267c5.613-7.618,13.303-18.051,13.303-37.064h-30c0,9.152-2.806,12.959-7.453,19.266   c-5.614,7.618-13.304,18.051-13.304,37.064c0,19.012,7.689,29.445,13.304,37.063c4.647,6.306,7.453,10.113,7.453,19.265   c0,9.155-2.806,12.962-7.454,19.27c-5.614,7.621-13.303,18.055-13.303,37.069c0,19.014,7.688,29.448,13.303,37.066   c4.648,6.308,7.454,10.116,7.454,19.27h30c0-19.014-7.688-29.448-13.303-37.067c-4.648-6.308-7.454-10.115-7.454-19.27   c0-9.155,2.806-12.961,7.454-19.27C352.017,142.111,359.706,131.677,359.706,112.663z\"><\/path>\t<\/g><\/g><g>\t<g>\t\t<path d=\"M435.853,112.662c0-19.012-7.689-29.445-13.304-37.063c-4.647-6.306-7.453-10.113-7.453-19.265   c0-9.153,2.806-12.959,7.454-19.267c5.613-7.615,13.303-18.048,13.303-37.061h-30c0,9.152-2.806,12.959-7.453,19.266   c-5.614,7.618-13.304,18.051-13.304,37.064c0,19.012,7.689,29.445,13.304,37.063c4.647,6.306,7.453,10.113,7.453,19.265   c0,9.155-2.806,12.962-7.454,19.27c-5.614,7.619-13.303,18.053-13.303,37.066s7.688,29.448,13.303,37.066   c4.648,6.308,7.454,10.116,7.454,19.27h30c0-19.014-7.688-29.448-13.303-37.067c-4.648-6.308-7.454-10.115-7.454-19.27   c0-9.155,2.806-12.961,7.454-19.27C428.164,142.11,435.853,131.676,435.853,112.662z\"><\/path>\t<\/g><\/g><g>\t<g>\t\t<path d=\"M512,112.665c0-19.012-7.689-29.445-13.304-37.063c-4.647-6.306-7.453-10.113-7.453-19.265   c0-9.153,2.806-12.959,7.453-19.267C504.311,29.452,512,19.019,512,0.006h-30c0,9.152-2.806,12.959-7.453,19.266   c-5.614,7.618-13.304,18.051-13.304,37.064c0,19.012,7.689,29.445,13.304,37.063c4.647,6.306,7.453,10.113,7.453,19.265   c0,9.155-2.806,12.962-7.454,19.27c-5.614,7.619-13.303,18.053-13.303,37.066s7.688,29.448,13.303,37.066   c4.648,6.308,7.454,10.116,7.454,19.27h30c0-19.014-7.688-29.448-13.303-37.067c-4.648-6.308-7.454-10.115-7.454-19.27   c0-9.155,2.806-12.961,7.454-19.27C504.312,142.113,512,131.679,512,112.665z\"><\/path>\t<\/g><\/g><g><\/g><g><\/g><g><\/g><g><\/g><g><\/g><g><\/g><g><\/g><g><\/g><g><\/g><g><\/g><g><\/g><g><\/g><g><\/g><g><\/g><g><\/g><\/svg>\t\t\t\t\t\t<\/span>\n\t\t\t\t\t\t\t\t\t\t<span class=\"elementor-icon-list-text\">Sauna tonneau<\/span>\n\t\t\t\t\t\t\t\t\t<\/li>\n\t\t\t\t\t\t<\/ul>\n\t\t\t\t\t\t<\/div>\n\t\t\t\t<\/div>\n\t\t\t\t\t<\/div>\n\t\t<\/div>\n\t\t\t\t\t<\/div>\n\t\t<\/section>\n\t\t\t\t<section class=\"elementor-section elementor-top-section elementor-element elementor-element-1aa8fb02 elementor-section-boxed elementor-section-height-default elementor-section-height-default\" data-id=\"1aa8fb02\" data-element_type=\"section\" data-e-type=\"section\">\n\t\t\t\t\t\t<div class=\"elementor-container elementor-column-gap-default\">\n\t\t\t\t\t<div class=\"elementor-column elementor-col-50 elementor-top-column elementor-element elementor-element-3aa61e50\" data-id=\"3aa61e50\" data-element_type=\"column\" data-e-type=\"column\">\n\t\t\t<div class=\"elementor-widget-wrap elementor-element-populated\">\n\t\t\t\t\t\t<div class=\"elementor-element elementor-element-92271a3 elementor-widget-tablet__width-initial elementor-widget elementor-widget-image\" data-id=\"92271a3\" data-element_type=\"widget\" data-e-type=\"widget\" data-widget_type=\"image.default\">\n\t\t\t\t<div class=\"elementor-widget-container\">\n\t\t\t\t\t\t\t\t\t\t\t\t\t\t\t<img fetchpriority=\"high\" decoding=\"async\" width=\"1024\" height=\"961\" src=\"https:\/\/pfefferundsalz.gaeste-mappe.de\/wp-content\/uploads\/2024\/10\/sauna-1.webp\" class=\"attachment-large size-large wp-image-12389\" alt=\"\" srcset=\"https:\/\/pfefferundsalz.gaeste-mappe.de\/wp-content\/uploads\/2024\/10\/sauna-1.webp 1024w, https:\/\/pfefferundsalz.gaeste-mappe.de\/wp-content\/uploads\/2024\/10\/sauna-1-300x282.webp 300w, https:\/\/pfefferundsalz.gaeste-mappe.de\/wp-content\/uploads\/2024\/10\/sauna-1-768x721.webp 768w, https:\/\/pfefferundsalz.gaeste-mappe.de\/wp-content\/uploads\/2024\/10\/sauna-1-13x12.webp 13w\" sizes=\"(max-width: 1024px) 100vw, 1024px\" \/>\t\t\t\t\t\t\t\t\t\t\t\t\t\t\t<\/div>\n\t\t\t\t<\/div>\n\t\t\t\t\t<\/div>\n\t\t<\/div>\n\t\t\t\t<div class=\"elementor-column elementor-col-50 elementor-top-column elementor-element elementor-element-5bc3b7a\" data-id=\"5bc3b7a\" data-element_type=\"column\" data-e-type=\"column\">\n\t\t\t<div class=\"elementor-widget-wrap elementor-element-populated\">\n\t\t\t\t\t\t<div class=\"elementor-element elementor-element-ea73492 elementor-widget elementor-widget-image\" data-id=\"ea73492\" data-element_type=\"widget\" data-e-type=\"widget\" data-widget_type=\"image.default\">\n\t\t\t\t<div class=\"elementor-widget-container\">\n\t\t\t\t\t\t\t\t\t\t\t\t\t\t\t<img decoding=\"async\" width=\"600\" height=\"400\" src=\"https:\/\/pfefferundsalz.gaeste-mappe.de\/wp-content\/uploads\/2024\/10\/fasssauna.jpg\" class=\"attachment-full size-full wp-image-12045\" alt=\"\" srcset=\"https:\/\/pfefferundsalz.gaeste-mappe.de\/wp-content\/uploads\/2024\/10\/fasssauna.jpg 600w, https:\/\/pfefferundsalz.gaeste-mappe.de\/wp-content\/uploads\/2024\/10\/fasssauna-300x200.jpg 300w, https:\/\/pfefferundsalz.gaeste-mappe.de\/wp-content\/uploads\/2024\/10\/fasssauna-18x12.jpg 18w\" sizes=\"(max-width: 600px) 100vw, 600px\" \/>\t\t\t\t\t\t\t\t\t\t\t\t\t\t\t<\/div>\n\t\t\t\t<\/div>\n\t\t\t\t\t<\/div>\n\t\t<\/div>\n\t\t\t\t\t<\/div>\n\t\t<\/section>\n\t\t\t\t<section class=\"elementor-section elementor-top-section elementor-element elementor-element-3e43870 elementor-section-boxed elementor-section-height-default elementor-section-height-default\" data-id=\"3e43870\" data-element_type=\"section\" data-e-type=\"section\">\n\t\t\t\t\t\t<div class=\"elementor-container elementor-column-gap-default\">\n\t\t\t\t\t<div class=\"elementor-column elementor-col-100 elementor-top-column elementor-element elementor-element-a9c027b\" data-id=\"a9c027b\" data-element_type=\"column\" data-e-type=\"column\">\n\t\t\t<div class=\"elementor-widget-wrap elementor-element-populated\">\n\t\t\t\t\t\t<div class=\"elementor-element elementor-element-59142586 elementor-icon-list--layout-traditional elementor-list-item-link-full_width elementor-widget elementor-widget-icon-list\" data-id=\"59142586\" data-element_type=\"widget\" data-e-type=\"widget\" data-widget_type=\"icon-list.default\">\n\t\t\t\t<div class=\"elementor-widget-container\">\n\t\t\t\t\t\t\t<ul class=\"elementor-icon-list-items\">\n\t\t\t\t\t\t\t<li class=\"elementor-icon-list-item\">\n\t\t\t\t\t\t\t\t\t\t\t<span class=\"elementor-icon-list-icon\">\n\t\t\t\t\t\t\t<svg xmlns=\"http:\/\/www.w3.org\/2000\/svg\" xmlns:xlink=\"http:\/\/www.w3.org\/1999\/xlink\" id=\"Layer_1\" x=\"0px\" y=\"0px\" viewbox=\"0 0 512.003 512.003\" style=\"enable-background:new 0 0 512.003 512.003;\" xml:space=\"preserve\"><g>\t<g>\t\t<g>\t\t\t<path d=\"M115.553,111.477c3.53,5.71,9.639,8.851,15.893,8.851c3.349,0,6.741-0.902,9.798-2.792    c8.768-5.422,11.481-16.924,6.059-25.692c-4.07-6.581-2.097-15.818,1.636-30.247c4.012-15.504,9.004-34.8-1.456-52.446    c-5.255-8.867-16.7-11.795-25.573-6.54c-8.867,5.256-11.795,16.705-6.539,25.573c2.543,4.292-0.057,14.342-2.571,24.063    C108.348,69.454,102.807,90.867,115.553,111.477z\"><\/path>\t\t\t<path d=\"M175.309,111.477c3.531,5.71,9.64,8.852,15.894,8.852c3.349,0,6.739-0.901,9.798-2.792    c8.768-5.42,11.481-16.923,6.06-25.69c-4.07-6.583-2.098-15.818,1.635-30.248c4.012-15.504,9.003-34.799-1.455-52.445    c-5.256-8.868-16.708-11.795-25.573-6.54c-8.868,5.256-11.796,16.705-6.541,25.572c2.545,4.292-0.056,14.343-2.571,24.063    C168.107,69.454,162.567,90.867,175.309,111.477z\"><\/path>\t\t\t<path d=\"M20.116,319.151l16.915,111.033c0.095,0.62,0.142,1.246,0.142,1.874c0,21.267,15.558,38.961,35.889,42.321    L60.089,319.151H20.116z\"><\/path>\t\t\t<path d=\"M98.084,474.962h50.826v-8.531c-5.184-8.891-9.502-18.424-12.777-28.531c-4.278-13.212-1.956-27.805,6.21-39.032    c1.927-2.649,4.14-5.036,6.566-7.154v-72.563H85.062L98.084,474.962z\"><\/path>\t\t\t<path d=\"M177.566,380.931h54.917l5.163-61.78h-63.85v61.964C175.045,381.005,176.301,380.931,177.566,380.931z\"><\/path>\t\t\t<polygon points=\"257.456,380.931 293.178,380.931 302.591,319.151 262.619,319.151    \"><\/polygon>\t\t\t<path d=\"M317.286,222.685l4.063-26.667c1.035-6.8-0.942-13.694-5.424-18.911c-4.483-5.217-11-8.21-17.879-8.21h-22.87    l-4.436,53.073h40.342C313.187,221.97,315.267,222.219,317.286,222.685z\"><\/path>\t\t\t<path d=\"M11.369,221.97h40.599l-4.436-53.074H24.661c-6.879,0-13.396,2.993-17.879,8.21c-4.482,5.217-6.459,12.111-5.424,18.911    l4.054,26.611C7.356,222.198,9.351,221.97,11.369,221.97z\"><\/path>\t\t\t<polygon points=\"148.909,221.97 148.909,168.896 72.504,168.896 76.94,221.97    \"><\/polygon>\t\t\t<polygon points=\"173.796,221.97 245.768,221.97 250.203,168.896 173.796,168.896    \"><\/polygon>\t\t\t<path d=\"M507.478,155.619c-5.958-8.412-17.607-10.399-26.02-4.441c-3.872,2.745-92.818,67.68-125.256,253.397H179.245    c-5.972,0-11.583,2.857-15.095,7.688c-3.513,4.829-4.502,11.047-2.663,16.729c16.082,49.651,61.964,83.012,114.171,83.012    c52.049,0,97.811-33.161,114.022-82.564c0.416-1.178,0.716-2.411,0.887-3.683c4.477-29.47,10.464-55.717,17.266-78.947    c15.009-51.254,33.993-87.806,49.506-111.801c3.032-4.69,6.016-9.038,8.918-13.058c20.382-28.238,36.669-40.232,36.78-40.311    C511.449,175.68,513.436,164.03,507.478,155.619z\"><\/path>\t\t\t<path d=\"M301.194,304.576c6.696,0,12.346-4.977,13.192-11.618l5.326-41.842c1.012-7.946-5.18-14.977-13.191-14.977H16.185    c-8.01,0-14.203,7.03-13.191,14.977l5.326,41.842c0.845,6.641,6.497,11.618,13.191,11.618H301.194z\"><\/path>\t\t<\/g>\t<\/g><\/g><g><\/g><g><\/g><g><\/g><g><\/g><g><\/g><g><\/g><g><\/g><g><\/g><g><\/g><g><\/g><g><\/g><g><\/g><g><\/g><g><\/g><g><\/g><\/svg>\t\t\t\t\t\t<\/span>\n\t\t\t\t\t\t\t\t\t\t<span class=\"elementor-icon-list-text\">D\u00e9tendez-vous dans le sauna tonneau<\/span>\n\t\t\t\t\t\t\t\t\t<\/li>\n\t\t\t\t\t\t<\/ul>\n\t\t\t\t\t\t<\/div>\n\t\t\t\t<\/div>\n\t\t\t\t\t<\/div>\n\t\t<\/div>\n\t\t\t\t\t<\/div>\n\t\t<\/section>\n\t\t\t\t<section class=\"elementor-section elementor-top-section elementor-element elementor-element-264392fd elementor-section-boxed elementor-section-height-default elementor-section-height-default\" data-id=\"264392fd\" data-element_type=\"section\" data-e-type=\"section\">\n\t\t\t\t\t\t<div class=\"elementor-container elementor-column-gap-default\">\n\t\t\t\t\t<div class=\"elementor-column elementor-col-100 elementor-top-column elementor-element elementor-element-243d6741\" data-id=\"243d6741\" data-element_type=\"column\" data-e-type=\"column\">\n\t\t\t<div class=\"elementor-widget-wrap elementor-element-populated\">\n\t\t\t\t\t\t<div class=\"elementor-element elementor-element-190739b4 elementor-widget elementor-widget-text-editor\" data-id=\"190739b4\" data-element_type=\"widget\" data-e-type=\"widget\" data-widget_type=\"text-editor.default\">\n\t\t\t\t<div class=\"elementor-widget-container\">\n\t\t\t\t\t\t\t\t\t<p style=\"font-weight: 400;\">Oui, l\u2019\u00e9t\u00e9 est g\u00e9nial, nous le savons. Mais lorsque les feuilles changent lentement de couleur et que nous devons \u00e0 nouveau porter des vestes \u00e9paisses et des chapeaux, cela a aussi quelque chose de positif : notre sauna tonneau est \u00e0 nouveau chauff\u00e9 !<\/p>\n<p style=\"font-weight: 400;\">Asseyez-vous confortablement dans un tonneau chauff\u00e9, entour\u00e9 par la magnifique nature de la For\u00eat-Noire. La sensation de gel lors des temp\u00e9ratures automnales ou des premi\u00e8res chutes de neige est vite oubli\u00e9e \u2013 cela semble fantastique, n&#039;est-ce pas ?<\/p>\n<p style=\"font-weight: 400;\">Vous pouvez passer du temps entre les s\u00e9ances de sauna confortablement au milieu de la pelouse ensoleill\u00e9e et profiter du calme et de la tranquillit\u00e9. S&#039;\u00e9teindre n&#039;a jamais \u00e9t\u00e9 aussi simple...<\/p>\n<p style=\"font-weight: 400;\"><strong>R\u00e9servable toute l&#039;ann\u00e9e<\/strong><br><strong>Maximum 6 personnes<\/strong><br><strong>R\u00e9servable tous les jours \u00e0 partir de 12h<\/strong><br><strong>Pour nos clients de l\u2019h\u00f4tel : R\u00e9servable exclusivement pour 2 heures \u2013 14 euros\/personne<\/strong><\/p>\n<p style=\"font-weight: 400;\"><strong>Vous souhaitez encore plus de confort ?<\/strong><br>R\u00e9servez un sac sauna avec peignoir, deux serviettes et une bouteille d&#039;eau de 0,5 l pour seulement 5 euros par personne. <br><br>Par souci de l&#039;environnement \u2013 chaussons sur demande.<\/p>\t\t\t\t\t\t\t\t<\/div>\n\t\t\t\t<\/div>\n\t\t\t\t\t<\/div>\n\t\t<\/div>\n\t\t\t\t\t<\/div>\n\t\t<\/section>\n\t\t\t\t<section class=\"elementor-section elementor-top-section elementor-element elementor-element-a2f9a39 elementor-section-boxed elementor-section-height-default elementor-section-height-default\" data-id=\"a2f9a39\" data-element_type=\"section\" data-e-type=\"section\">\n\t\t\t\t\t\t<div class=\"elementor-container elementor-column-gap-default\">\n\t\t\t\t\t<div class=\"elementor-column elementor-col-100 elementor-top-column elementor-element elementor-element-1d6e24da\" data-id=\"1d6e24da\" data-element_type=\"column\" data-e-type=\"column\">\n\t\t\t<div class=\"elementor-widget-wrap elementor-element-populated\">\n\t\t\t\t\t\t<div class=\"elementor-element elementor-element-b392ba9 elementor-mobile-align-justify elementor-widget elementor-widget-button\" data-id=\"b392ba9\" data-element_type=\"widget\" data-e-type=\"widget\" data-widget_type=\"button.default\">\n\t\t\t\t<div class=\"elementor-widget-container\">\n\t\t\t\t\t\t\t\t\t<div class=\"elementor-button-wrapper\">\n\t\t\t\t\t<a class=\"elementor-button elementor-button-link elementor-size-sm\" href=\"mailto:info@pfefferundsalz-gengenbach.de?subject=Fasssauna%20anfragen\">\n\t\t\t\t\t\t<span class=\"elementor-button-content-wrapper\">\n\t\t\t\t\t\t\t\t\t<span class=\"elementor-button-text\">Demandes de renseignements sur les saunas barils<\/span>\n\t\t\t\t\t<\/span>\n\t\t\t\t\t<\/a>\n\t\t\t\t<\/div>\n\t\t\t\t\t\t\t\t<\/div>\n\t\t\t\t<\/div>\n\t\t\t\t\t<\/div>\n\t\t<\/div>\n\t\t\t\t\t<\/div>\n\t\t<\/section>\n\t\t\t\t<section class=\"elementor-section elementor-top-section elementor-element elementor-element-b7e2f96 elementor-section-boxed elementor-section-height-default elementor-section-height-default\" data-id=\"b7e2f96\" data-element_type=\"section\" data-e-type=\"section\">\n\t\t\t\t\t\t<div class=\"elementor-container elementor-column-gap-default\">\n\t\t\t\t\t<div class=\"elementor-column elementor-col-100 elementor-top-column elementor-element elementor-element-54f2e42\" data-id=\"54f2e42\" data-element_type=\"column\" data-e-type=\"column\">\n\t\t\t<div class=\"elementor-widget-wrap elementor-element-populated\">\n\t\t\t\t\t\t<div class=\"elementor-element elementor-element-475c2d4 elementor-icon-list--layout-traditional elementor-list-item-link-full_width elementor-widget elementor-widget-icon-list\" data-id=\"475c2d4\" data-element_type=\"widget\" data-e-type=\"widget\" data-widget_type=\"icon-list.default\">\n\t\t\t\t<div class=\"elementor-widget-container\">\n\t\t\t\t\t\t\t<ul class=\"elementor-icon-list-items\">\n\t\t\t\t\t\t\t<li class=\"elementor-icon-list-item\">\n\t\t\t\t\t\t\t\t\t\t\t<span class=\"elementor-icon-list-icon\">\n\t\t\t\t\t\t\t<svg xmlns=\"http:\/\/www.w3.org\/2000\/svg\" id=\"Layer_30\" height=\"512\" viewbox=\"0 0 32 32\" width=\"512\" data-name=\"Layer 30\"><path d=\"m13 17h7v1.47a5.665 5.665 0 0 1 1.56 1.13 5.833 5.833 0 0 1 .44-.4v-14.2a1 1 0 0 1 2 0 1 1 0 0 0 2 0 3 3 0 0 0 -6 0v4h-7v-4a1 1 0 0 1 2 0 1 1 0 0 0 2 0 3 3 0 0 0 -6 0v13.03a4.866 4.866 0 0 1 2 .67zm7-6v4h-7v-4z\"><\/path><path d=\"m29 22a1.412 1.412 0 0 1 -1.127-.681 3.206 3.206 0 0 0 -5.184 0 1.27 1.27 0 0 1 -2.251 0 3.2 3.2 0 0 0 -5.179 0 1.4 1.4 0 0 1 -1.122.681 1.406 1.406 0 0 1 -1.122-.68 3.313 3.313 0 0 0 -2.59-1.32 3.313 3.313 0 0 0 -2.589 1.319 1.4 1.4 0 0 1 -1.123.681 1.4 1.4 0 0 1 -1.123-.681 3.316 3.316 0 0 0 -2.59-1.319 1 1 0 0 0 -1 1v9h28v-7a1 1 0 0 0 -1-1z\"><\/path><\/svg>\t\t\t\t\t\t<\/span>\n\t\t\t\t\t\t\t\t\t\t<span class=\"elementor-icon-list-text\">Piscines et bien-\u00eatre dans la r\u00e9gion<\/span>\n\t\t\t\t\t\t\t\t\t<\/li>\n\t\t\t\t\t\t<\/ul>\n\t\t\t\t\t\t<\/div>\n\t\t\t\t<\/div>\n\t\t\t\t\t<\/div>\n\t\t<\/div>\n\t\t\t\t\t<\/div>\n\t\t<\/section>\n\t\t\t\t<section class=\"elementor-section elementor-top-section elementor-element elementor-element-77a54db elementor-section-boxed elementor-section-height-default elementor-section-height-default\" data-id=\"77a54db\" data-element_type=\"section\" data-e-type=\"section\">\n\t\t\t\t\t\t<div class=\"elementor-container elementor-column-gap-default\">\n\t\t\t\t\t<div class=\"elementor-column elementor-col-100 elementor-top-column elementor-element elementor-element-0c6e393\" data-id=\"0c6e393\" data-element_type=\"column\" data-e-type=\"column\">\n\t\t\t<div class=\"elementor-widget-wrap elementor-element-populated\">\n\t\t\t\t\t\t<div class=\"elementor-element elementor-element-8bbaa5e elementor-widget elementor-widget-text-editor\" data-id=\"8bbaa5e\" data-element_type=\"widget\" data-e-type=\"widget\" data-widget_type=\"text-editor.default\">\n\t\t\t\t<div class=\"elementor-widget-container\">\n\t\t\t\t\t\t\t\t\t<p><strong>Paradis baln\u00e9aire de la For\u00eat-Noire<\/strong><\/p><p>Neust\u00e4dterstrasse 24<br \/>79822 Titisee Neustadt<br \/>Num\u00e9ro de t\u00e9l\u00e9phone 0800 04444333<\/p><p><a href=\"http:\/\/www.badeparadies-schwarzwald.de\" target=\"_blank\" rel=\"noopener\">www.badeparadies-schwarzwald.de<\/a><\/p><p><strong>Thermes de Caracalla<\/strong><\/p><p>R\u00f6merplatz 1<br \/>76530 Baden-Baden<br \/>Num\u00e9ro de t\u00e9l\u00e9phone 07221 275940<\/p><p><a href=\"http:\/\/www.carasana.de\/de\/caracalla-therme.html\" target=\"_blank\" rel=\"noopener\">www.carasana.de\/de\/caracalla-therme.html<\/a><\/p><p><strong>La piscine ludique de l&#039;\u00eele<\/strong><\/p><p>Gr\u00fcnstrasse 65<br \/>77723 Gengenbach\u00a0<br \/>Num\u00e9ro de t\u00e9l\u00e9phone 07803 930254<\/p><p><a href=\"http:\/\/www.stadt-gengenbach.de\/leben-wohnen\/freizeitbad-die-insel\" target=\"_blank\" rel=\"noopener\">www.stadt-gengenbach.de\/leben-wohnen\/freizeitbad-die-insel<\/a><\/p><p><strong>Piscine de loisirs de Stegermatt<\/strong><\/p><p>Stegermattstrasse 11<br \/>77652 Offenbourg<br \/>Num\u00e9ro de t\u00e9l\u00e9phone 0781 9276-600<\/p><p><a href=\"http:\/\/www.freizeitbad-stegermatt.de\" target=\"_blank\" rel=\"noopener\">www.freizeitbad-stegermatt.de<\/a><\/p><p><strong>Monde aquatique Rulantica<\/strong><\/p><p>Roland Mack Anneau 1<br \/>77977 Rouille<br \/>Num\u00e9ro de t\u00e9l\u00e9phone 0781 9276-600<\/p><p><a href=\"http:\/\/www.europapark.de\/de\/rulantica\" target=\"_blank\" rel=\"noopener\">www.europapark.de\/de\/rulantica<\/a><\/p>\t\t\t\t\t\t\t\t<\/div>\n\t\t\t\t<\/div>\n\t\t\t\t\t<\/div>\n\t\t<\/div>\n\t\t\t\t\t<\/div>\n\t\t<\/section>\n\t\t\t\t<\/div>","protected":false},"excerpt":{"rendered":"<p>Fasssauna Entspannen in der Fasssauna Ja, der Sommer ist toll, das wissen wir. Aber wenn sich das Laub langsam f\u00e4rbt und wir wieder dicke Jacken und M\u00fctzen tragen m\u00fcssen, hat das auch etwas Positives: Unsere Fasssauna wird wieder angeheizt! Gem\u00fctlich in einem beheizten Fass sitzen, umgeben von der herrlichen Natur des Schwarzwalds. Das Frieren bei [&hellip;]<\/p>\n","protected":false},"author":2,"featured_media":0,"parent":0,"menu_order":0,"comment_status":"closed","ping_status":"closed","template":"","meta":{"site-sidebar-layout":"no-sidebar","site-content-layout":"page-builder","ast-site-content-layout":"default","site-content-style":"default","site-sidebar-style":"default","ast-global-header-display":"","ast-banner-title-visibility":"","ast-main-header-display":"","ast-hfb-above-header-display":"","ast-hfb-below-header-display":"","ast-hfb-mobile-header-display":"","site-post-title":"disabled","ast-breadcrumbs-content":"","ast-featured-img":"disabled","footer-sml-layout":"","ast-disable-related-posts":"","theme-transparent-header-meta":"","adv-header-id-meta":"","stick-header-meta":"","header-above-stick-meta":"","header-main-stick-meta":"","header-below-stick-meta":"","astra-migrate-meta-layouts":"default","ast-page-background-enabled":"default","ast-page-background-meta":{"desktop":{"background-color":"var(--ast-global-color-4)","background-image":"","background-repeat":"repeat","background-position":"center center","background-size":"auto","background-attachment":"scroll","background-type":"","background-media":"","overlay-type":"","overlay-color":"","overlay-opacity":"","overlay-gradient":""},"tablet":{"background-color":"","background-image":"","background-repeat":"repeat","background-position":"center center","background-size":"auto","background-attachment":"scroll","background-type":"","background-media":"","overlay-type":"","overlay-color":"","overlay-opacity":"","overlay-gradient":""},"mobile":{"background-color":"","background-image":"","background-repeat":"repeat","background-position":"center center","background-size":"auto","background-attachment":"scroll","background-type":"","background-media":"","overlay-type":"","overlay-color":"","overlay-opacity":"","overlay-gradient":""}},"ast-content-background-meta":{"desktop":{"background-color":"var(--ast-global-color-5)","background-image":"","background-repeat":"repeat","background-position":"center center","background-size":"auto","background-attachment":"scroll","background-type":"","background-media":"","overlay-type":"","overlay-color":"","overlay-opacity":"","overlay-gradient":""},"tablet":{"background-color":"var(--ast-global-color-5)","background-image":"","background-repeat":"repeat","background-position":"center center","background-size":"auto","background-attachment":"scroll","background-type":"","background-media":"","overlay-type":"","overlay-color":"","overlay-opacity":"","overlay-gradient":""},"mobile":{"background-color":"var(--ast-global-color-5)","background-image":"","background-repeat":"repeat","background-position":"center center","background-size":"auto","background-attachment":"scroll","background-type":"","background-media":"","overlay-type":"","overlay-color":"","overlay-opacity":"","overlay-gradient":""}},"_glsr_average":0,"_glsr_ranking":0,"_glsr_reviews":0,"footnotes":""},"class_list":["post-5843","page","type-page","status-publish","hentry"],"_links":{"self":[{"href":"https:\/\/pfefferundsalz.gaeste-mappe.de\/fr\/wp-json\/wp\/v2\/pages\/5843","targetHints":{"allow":["GET"]}}],"collection":[{"href":"https:\/\/pfefferundsalz.gaeste-mappe.de\/fr\/wp-json\/wp\/v2\/pages"}],"about":[{"href":"https:\/\/pfefferundsalz.gaeste-mappe.de\/fr\/wp-json\/wp\/v2\/types\/page"}],"author":[{"embeddable":true,"href":"https:\/\/pfefferundsalz.gaeste-mappe.de\/fr\/wp-json\/wp\/v2\/users\/2"}],"replies":[{"embeddable":true,"href":"https:\/\/pfefferundsalz.gaeste-mappe.de\/fr\/wp-json\/wp\/v2\/comments?post=5843"}],"version-history":[{"count":74,"href":"https:\/\/pfefferundsalz.gaeste-mappe.de\/fr\/wp-json\/wp\/v2\/pages\/5843\/revisions"}],"predecessor-version":[{"id":12840,"href":"https:\/\/pfefferundsalz.gaeste-mappe.de\/fr\/wp-json\/wp\/v2\/pages\/5843\/revisions\/12840"}],"wp:attachment":[{"href":"https:\/\/pfefferundsalz.gaeste-mappe.de\/fr\/wp-json\/wp\/v2\/media?parent=5843"}],"curies":[{"name":"wp","href":"https:\/\/api.w.org\/{rel}","templated":true}]}}