{"id":8553,"date":"2023-11-12T15:17:14","date_gmt":"2023-11-12T15:17:14","guid":{"rendered":"https:\/\/grachtentraum.gaeste-mappe.de\/?page_id=8553"},"modified":"2025-02-02T13:20:23","modified_gmt":"2025-02-02T13:20:23","slug":"gutscheine","status":"publish","type":"page","link":"https:\/\/pfefferundsalz.gaeste-mappe.de\/fr\/gutscheine\/","title":{"rendered":"Bons d&#039;achat"},"content":{"rendered":"<div data-elementor-type=\"wp-page\" data-elementor-id=\"8553\" class=\"elementor elementor-8553\" data-elementor-post-type=\"page\">\n\t\t\t\t\t\t<section class=\"elementor-section elementor-top-section elementor-element elementor-element-4d5ad368 elementor-section-boxed elementor-section-height-default elementor-section-height-default\" data-id=\"4d5ad368\" data-element_type=\"section\" data-e-type=\"section\" data-settings=\"{&quot;background_background&quot;:&quot;classic&quot;}\">\n\t\t\t\t\t\t<div class=\"elementor-container elementor-column-gap-default\">\n\t\t\t\t\t<div class=\"elementor-column elementor-col-100 elementor-top-column elementor-element elementor-element-ba981dc\" data-id=\"ba981dc\" data-element_type=\"column\" data-e-type=\"column\">\n\t\t\t<div class=\"elementor-widget-wrap elementor-element-populated\">\n\t\t\t\t\t\t<div class=\"elementor-element elementor-element-2a159ae kopf elementor-icon-list--layout-traditional elementor-list-item-link-full_width elementor-widget elementor-widget-icon-list\" data-id=\"2a159ae\" data-element_type=\"widget\" data-e-type=\"widget\" data-widget_type=\"icon-list.default\">\n\t\t\t\t<div class=\"elementor-widget-container\">\n\t\t\t\t\t\t\t<ul class=\"elementor-icon-list-items\">\n\t\t\t\t\t\t\t<li class=\"elementor-icon-list-item\">\n\t\t\t\t\t\t\t\t\t\t\t<span class=\"elementor-icon-list-icon\">\n\t\t\t\t\t\t\t<svg xmlns=\"http:\/\/www.w3.org\/2000\/svg\" height=\"512\" viewbox=\"0 0 512 512\" width=\"512\"><g id=\"giftcard_gift_card_coupon_voucher\"><g><path d=\"m54.548 206.979c20.442-20.263 58.26-15.254 84.472 11.189.723.729 1.428 1.506 2.119 2.313v-139.127h-98.2c-23.714 0-42.939 19.225-42.939 42.94v154.081h54.27c-16.332-24.714-16.957-54.311.278-71.396z\"><\/path><path d=\"m94.717 400.918-44.551-47.264 20.969-18.989h-71.135v53.041c0 23.716 19.225 42.939 42.939 42.939h98.199v-73.484z\"><\/path><path d=\"m202.435 218.169c26.212-26.443 64.029-31.452 84.472-11.189 17.234 17.085 16.61 46.682.278 71.396h224.815v-154.082c0-23.715-19.226-42.939-42.94-42.939h-268.744v139.127c.691-.807 1.396-1.584 2.119-2.313z\"><\/path><path d=\"m291.288 356.368-47.264 44.55-43.708-46.369v76.097h268.744c23.715 0 42.94-19.224 42.94-42.939v-53.041h-241.894z\"><\/path><path d=\"m215.415 241.228c-13.411 13.528-16.022 54.037-16.022 54.037s40.483-2.968 53.895-16.496 15.804-32.9 5.345-43.266c-10.459-10.367-29.809-7.804-43.218 5.725z\"><\/path><path d=\"m82.822 235.503c-10.459 10.365-8.066 29.737 5.344 43.266 13.412 13.528 53.895 16.496 53.895 16.496s-2.61-40.509-16.021-54.037c-13.41-13.529-32.76-16.092-43.218-5.725z\"><\/path><\/g><\/g><g id=\"Capa_1\"><\/g><\/svg>\t\t\t\t\t\t<\/span>\n\t\t\t\t\t\t\t\t\t\t<span class=\"elementor-icon-list-text\">Bons d&#039;achat<\/span>\n\t\t\t\t\t\t\t\t\t<\/li>\n\t\t\t\t\t\t<\/ul>\n\t\t\t\t\t\t<\/div>\n\t\t\t\t<\/div>\n\t\t\t\t\t<\/div>\n\t\t<\/div>\n\t\t\t\t\t<\/div>\n\t\t<\/section>\n\t\t\t\t<section class=\"elementor-section elementor-top-section elementor-element elementor-element-20e6014 elementor-section-boxed elementor-section-height-default elementor-section-height-default\" data-id=\"20e6014\" data-element_type=\"section\" data-e-type=\"section\">\n\t\t\t\t\t\t<div class=\"elementor-container elementor-column-gap-default\">\n\t\t\t\t\t<div class=\"elementor-column elementor-col-100 elementor-top-column elementor-element elementor-element-a5cfc03\" data-id=\"a5cfc03\" data-element_type=\"column\" data-e-type=\"column\">\n\t\t\t<div class=\"elementor-widget-wrap elementor-element-populated\">\n\t\t\t\t\t\t<div class=\"elementor-element elementor-element-93ae6c7 elementor-widget elementor-widget-gallery\" data-id=\"93ae6c7\" data-element_type=\"widget\" data-e-type=\"widget\" data-settings=\"{&quot;columns&quot;:3,&quot;gap&quot;:{&quot;unit&quot;:&quot;px&quot;,&quot;size&quot;:20,&quot;sizes&quot;:[]},&quot;columns_tablet&quot;:3,&quot;columns_mobile&quot;:3,&quot;gallery_layout&quot;:&quot;grid&quot;,&quot;gap_tablet&quot;:{&quot;unit&quot;:&quot;px&quot;,&quot;size&quot;:10,&quot;sizes&quot;:[]},&quot;gap_mobile&quot;:{&quot;unit&quot;:&quot;px&quot;,&quot;size&quot;:10,&quot;sizes&quot;:[]},&quot;link_to&quot;:&quot;file&quot;,&quot;aspect_ratio&quot;:&quot;3:2&quot;,&quot;overlay_background&quot;:&quot;yes&quot;,&quot;content_hover_animation&quot;:&quot;fade-in&quot;}\" data-widget_type=\"gallery.default\">\n\t\t\t\t<div class=\"elementor-widget-container\">\n\t\t\t\t\t\t\t<div class=\"elementor-gallery__container\">\n\t\t\t\t\t\t\t<a class=\"e-gallery-item elementor-gallery-item elementor-animated-content\" href=\"https:\/\/pfefferundsalz.gaeste-mappe.de\/wp-content\/uploads\/2025\/02\/KDB5615.jpg\" data-elementor-open-lightbox=\"yes\" data-elementor-lightbox-slideshow=\"93ae6c7\" data-elementor-lightbox-title=\"_KDB5615\" data-e-action-hash=\"#elementor-action%3Aaction%3Dlightbox%26settings%3DeyJpZCI6MTI2ODIsInVybCI6Imh0dHBzOlwvXC9wZmVmZmVydW5kc2Fsei5nYWVzdGUtbWFwcGUuZGVcL3dwLWNvbnRlbnRcL3VwbG9hZHNcLzIwMjVcLzAyXC9LREI1NjE1LmpwZyIsInNsaWRlc2hvdyI6IjkzYWU2YzcifQ%3D%3D\">\n\t\t\t\t\t<div class=\"e-gallery-image elementor-gallery-item__image\" data-thumbnail=\"https:\/\/pfefferundsalz.gaeste-mappe.de\/wp-content\/uploads\/2025\/02\/KDB5615.jpg\" data-width=\"850\" data-height=\"567\" aria-label=\"\" role=\"img\" ><\/div>\n\t\t\t\t\t\t\t\t\t\t\t<div class=\"elementor-gallery-item__overlay\"><\/div>\n\t\t\t\t\t\t\t\t\t\t\t\t\t\t<\/a>\n\t\t\t\t\t\t\t<a class=\"e-gallery-item elementor-gallery-item elementor-animated-content\" href=\"https:\/\/pfefferundsalz.gaeste-mappe.de\/wp-content\/uploads\/2025\/02\/KDB5635.jpg\" data-elementor-open-lightbox=\"yes\" data-elementor-lightbox-slideshow=\"93ae6c7\" data-elementor-lightbox-title=\"_KDB5635\" data-e-action-hash=\"#elementor-action%3Aaction%3Dlightbox%26settings%3DeyJpZCI6MTI2ODMsInVybCI6Imh0dHBzOlwvXC9wZmVmZmVydW5kc2Fsei5nYWVzdGUtbWFwcGUuZGVcL3dwLWNvbnRlbnRcL3VwbG9hZHNcLzIwMjVcLzAyXC9LREI1NjM1LmpwZyIsInNsaWRlc2hvdyI6IjkzYWU2YzcifQ%3D%3D\">\n\t\t\t\t\t<div class=\"e-gallery-image elementor-gallery-item__image\" data-thumbnail=\"https:\/\/pfefferundsalz.gaeste-mappe.de\/wp-content\/uploads\/2025\/02\/KDB5635.jpg\" data-width=\"850\" data-height=\"567\" aria-label=\"\" role=\"img\" ><\/div>\n\t\t\t\t\t\t\t\t\t\t\t<div class=\"elementor-gallery-item__overlay\"><\/div>\n\t\t\t\t\t\t\t\t\t\t\t\t\t\t<\/a>\n\t\t\t\t\t\t\t<a class=\"e-gallery-item elementor-gallery-item elementor-animated-content\" href=\"https:\/\/pfefferundsalz.gaeste-mappe.de\/wp-content\/uploads\/2025\/02\/KDB5636.jpg\" data-elementor-open-lightbox=\"yes\" data-elementor-lightbox-slideshow=\"93ae6c7\" data-elementor-lightbox-title=\"_KDB5636\" data-e-action-hash=\"#elementor-action%3Aaction%3Dlightbox%26settings%3DeyJpZCI6MTI2ODQsInVybCI6Imh0dHBzOlwvXC9wZmVmZmVydW5kc2Fsei5nYWVzdGUtbWFwcGUuZGVcL3dwLWNvbnRlbnRcL3VwbG9hZHNcLzIwMjVcLzAyXC9LREI1NjM2LmpwZyIsInNsaWRlc2hvdyI6IjkzYWU2YzcifQ%3D%3D\">\n\t\t\t\t\t<div class=\"e-gallery-image elementor-gallery-item__image\" data-thumbnail=\"https:\/\/pfefferundsalz.gaeste-mappe.de\/wp-content\/uploads\/2025\/02\/KDB5636.jpg\" data-width=\"850\" data-height=\"567\" aria-label=\"\" role=\"img\" ><\/div>\n\t\t\t\t\t\t\t\t\t\t\t<div class=\"elementor-gallery-item__overlay\"><\/div>\n\t\t\t\t\t\t\t\t\t\t\t\t\t\t<\/a>\n\t\t\t\t\t<\/div>\n\t\t\t\t\t<\/div>\n\t\t\t\t<\/div>\n\t\t\t\t\t<\/div>\n\t\t<\/div>\n\t\t\t\t\t<\/div>\n\t\t<\/section>\n\t\t\t\t<section class=\"elementor-section elementor-top-section elementor-element elementor-element-3c3f6bb elementor-section-boxed elementor-section-height-default elementor-section-height-default\" data-id=\"3c3f6bb\" data-element_type=\"section\" data-e-type=\"section\">\n\t\t\t\t\t\t<div class=\"elementor-container elementor-column-gap-default\">\n\t\t\t\t\t<div class=\"elementor-column elementor-col-100 elementor-top-column elementor-element elementor-element-3504762\" data-id=\"3504762\" data-element_type=\"column\" data-e-type=\"column\">\n\t\t\t<div class=\"elementor-widget-wrap elementor-element-populated\">\n\t\t\t\t\t\t<div class=\"elementor-element elementor-element-2c03133 elementor-widget elementor-widget-text-editor\" data-id=\"2c03133\" data-element_type=\"widget\" data-e-type=\"widget\" data-widget_type=\"text-editor.default\">\n\t\t\t\t<div class=\"elementor-widget-container\">\n\t\t\t\t\t\t\t\t\t<p>Souhaitez-vous rendre heureuse une personne sp\u00e9ciale ? Avec un bon de l&#039;h\u00f4tel \u00e0 vin Pfeffer &amp; Salz, vous pouvez offrir du plaisir et de la d\u00e9tente dans une ambiance \u00e9l\u00e9gante - que ce soit pour un d\u00eener exquis, une pause d\u00e9tente ou une exp\u00e9rience inoubliable dans la For\u00eat-Noire. Un bon cadeau con\u00e7u avec amour est le souvenir parfait de votre s\u00e9jour et une merveilleuse fa\u00e7on de partager vos plus beaux moments.<\/p>\n<p>Les bons sont disponibles directement \u00e0 la r\u00e9ception ou peuvent \u00eatre facilement command\u00e9s en ligne. Choisissez le montant souhait\u00e9 et concevez votre cadeau individuellement. Pour plus d&#039;informations et pour commander, veuillez cliquer sur le bouton ci-dessous.<\/p>\t\t\t\t\t\t\t\t<\/div>\n\t\t\t\t<\/div>\n\t\t\t\t\t<\/div>\n\t\t<\/div>\n\t\t\t\t\t<\/div>\n\t\t<\/section>\n\t\t\t\t<section class=\"elementor-section elementor-top-section elementor-element elementor-element-59ddffd elementor-section-boxed elementor-section-height-default elementor-section-height-default\" data-id=\"59ddffd\" data-element_type=\"section\" data-e-type=\"section\">\n\t\t\t\t\t\t<div class=\"elementor-container elementor-column-gap-default\">\n\t\t\t\t\t<div class=\"elementor-column elementor-col-100 elementor-top-column elementor-element elementor-element-e1746de\" data-id=\"e1746de\" data-element_type=\"column\" data-e-type=\"column\">\n\t\t\t<div class=\"elementor-widget-wrap elementor-element-populated\">\n\t\t\t\t\t\t<div class=\"elementor-element elementor-element-998bd04 elementor-mobile-align-justify elementor-widget elementor-widget-button\" data-id=\"998bd04\" data-element_type=\"widget\" data-e-type=\"widget\" data-widget_type=\"button.default\">\n\t\t\t\t<div class=\"elementor-widget-container\">\n\t\t\t\t\t\t\t\t\t<div class=\"elementor-button-wrapper\">\n\t\t\t\t\t<a class=\"elementor-button elementor-button-link elementor-size-sm\" href=\"https:\/\/www.pfefferundsalz-gengenbach.de\/de\/weinhotel\/gutscheine\/\" target=\"_blank\" rel=\"noopener\">\n\t\t\t\t\t\t<span class=\"elementor-button-content-wrapper\">\n\t\t\t\t\t\t\t\t\t<span class=\"elementor-button-text\">Commander des bons<\/span>\n\t\t\t\t\t<\/span>\n\t\t\t\t\t<\/a>\n\t\t\t\t<\/div>\n\t\t\t\t\t\t\t\t<\/div>\n\t\t\t\t<\/div>\n\t\t\t\t\t<\/div>\n\t\t<\/div>\n\t\t\t\t\t<\/div>\n\t\t<\/section>\n\t\t\t\t<\/div>","protected":false},"excerpt":{"rendered":"<p>Gutscheine M\u00f6chten Sie einem besonderen Menschen eine Freude machen? Mit einem Gutschein des Weinhotels Pfeffer &amp; Salz schenken Sie Genuss und Erholung in stilvollem Ambiente \u2013 sei es f\u00fcr ein exquisites Dinner, eine entspannende Auszeit oder ein unvergessliches Erlebnis im Schwarzwald. Ein liebevoll gestalteter Gutschein ist das perfekte Andenken an Ihren Aufenthalt und eine wunderbare [&hellip;]<\/p>\n","protected":false},"author":2,"featured_media":0,"parent":0,"menu_order":0,"comment_status":"closed","ping_status":"closed","template":"","meta":{"site-sidebar-layout":"no-sidebar","site-content-layout":"page-builder","ast-site-content-layout":"default","site-content-style":"default","site-sidebar-style":"default","ast-global-header-display":"","ast-banner-title-visibility":"","ast-main-header-display":"","ast-hfb-above-header-display":"","ast-hfb-below-header-display":"","ast-hfb-mobile-header-display":"","site-post-title":"disabled","ast-breadcrumbs-content":"","ast-featured-img":"disabled","footer-sml-layout":"","ast-disable-related-posts":"","theme-transparent-header-meta":"","adv-header-id-meta":"","stick-header-meta":"","header-above-stick-meta":"","header-main-stick-meta":"","header-below-stick-meta":"","astra-migrate-meta-layouts":"default","ast-page-background-enabled":"default","ast-page-background-meta":{"desktop":{"background-color":"var(--ast-global-color-4)","background-image":"","background-repeat":"repeat","background-position":"center center","background-size":"auto","background-attachment":"scroll","background-type":"","background-media":"","overlay-type":"","overlay-color":"","overlay-opacity":"","overlay-gradient":""},"tablet":{"background-color":"","background-image":"","background-repeat":"repeat","background-position":"center center","background-size":"auto","background-attachment":"scroll","background-type":"","background-media":"","overlay-type":"","overlay-color":"","overlay-opacity":"","overlay-gradient":""},"mobile":{"background-color":"","background-image":"","background-repeat":"repeat","background-position":"center center","background-size":"auto","background-attachment":"scroll","background-type":"","background-media":"","overlay-type":"","overlay-color":"","overlay-opacity":"","overlay-gradient":""}},"ast-content-background-meta":{"desktop":{"background-color":"var(--ast-global-color-5)","background-image":"","background-repeat":"repeat","background-position":"center center","background-size":"auto","background-attachment":"scroll","background-type":"","background-media":"","overlay-type":"","overlay-color":"","overlay-opacity":"","overlay-gradient":""},"tablet":{"background-color":"var(--ast-global-color-5)","background-image":"","background-repeat":"repeat","background-position":"center center","background-size":"auto","background-attachment":"scroll","background-type":"","background-media":"","overlay-type":"","overlay-color":"","overlay-opacity":"","overlay-gradient":""},"mobile":{"background-color":"var(--ast-global-color-5)","background-image":"","background-repeat":"repeat","background-position":"center center","background-size":"auto","background-attachment":"scroll","background-type":"","background-media":"","overlay-type":"","overlay-color":"","overlay-opacity":"","overlay-gradient":""}},"_glsr_average":0,"_glsr_ranking":0,"_glsr_reviews":0,"footnotes":""},"class_list":["post-8553","page","type-page","status-publish","hentry"],"_links":{"self":[{"href":"https:\/\/pfefferundsalz.gaeste-mappe.de\/fr\/wp-json\/wp\/v2\/pages\/8553","targetHints":{"allow":["GET"]}}],"collection":[{"href":"https:\/\/pfefferundsalz.gaeste-mappe.de\/fr\/wp-json\/wp\/v2\/pages"}],"about":[{"href":"https:\/\/pfefferundsalz.gaeste-mappe.de\/fr\/wp-json\/wp\/v2\/types\/page"}],"author":[{"embeddable":true,"href":"https:\/\/pfefferundsalz.gaeste-mappe.de\/fr\/wp-json\/wp\/v2\/users\/2"}],"replies":[{"embeddable":true,"href":"https:\/\/pfefferundsalz.gaeste-mappe.de\/fr\/wp-json\/wp\/v2\/comments?post=8553"}],"version-history":[{"count":38,"href":"https:\/\/pfefferundsalz.gaeste-mappe.de\/fr\/wp-json\/wp\/v2\/pages\/8553\/revisions"}],"predecessor-version":[{"id":12716,"href":"https:\/\/pfefferundsalz.gaeste-mappe.de\/fr\/wp-json\/wp\/v2\/pages\/8553\/revisions\/12716"}],"wp:attachment":[{"href":"https:\/\/pfefferundsalz.gaeste-mappe.de\/fr\/wp-json\/wp\/v2\/media?parent=8553"}],"curies":[{"name":"wp","href":"https:\/\/api.w.org\/{rel}","templated":true}]}}