{"id":388,"date":"2021-11-02T12:13:37","date_gmt":"2021-11-02T12:13:37","guid":{"rendered":"https:\/\/demo.zorentino.com\/?page_id=388"},"modified":"2024-10-06T11:08:37","modified_gmt":"2024-10-06T11:08:37","slug":"der-schwarzwald","status":"publish","type":"page","link":"https:\/\/pfefferundsalz.gaeste-mappe.de\/it\/der-schwarzwald\/","title":{"rendered":"La Foresta Nera"},"content":{"rendered":"<div data-elementor-type=\"wp-page\" data-elementor-id=\"388\" class=\"elementor elementor-388\" data-elementor-post-type=\"page\">\n\t\t\t\t\t\t<section class=\"elementor-section elementor-top-section elementor-element elementor-element-62cec5d8 elementor-section-boxed elementor-section-height-default elementor-section-height-default\" data-id=\"62cec5d8\" data-element_type=\"section\" data-e-type=\"section\" data-settings=\"{&quot;background_background&quot;:&quot;classic&quot;}\">\n\t\t\t\t\t\t<div class=\"elementor-container elementor-column-gap-default\">\n\t\t\t\t\t<div class=\"elementor-column elementor-col-100 elementor-top-column elementor-element elementor-element-5df51033\" data-id=\"5df51033\" data-element_type=\"column\" data-e-type=\"column\">\n\t\t\t<div class=\"elementor-widget-wrap elementor-element-populated\">\n\t\t\t\t\t\t<div class=\"elementor-element elementor-element-1e19c180 kopf elementor-icon-list--layout-traditional elementor-list-item-link-full_width elementor-widget elementor-widget-icon-list\" data-id=\"1e19c180\" data-element_type=\"widget\" data-e-type=\"widget\" data-widget_type=\"icon-list.default\">\n\t\t\t\t<div class=\"elementor-widget-container\">\n\t\t\t\t\t\t\t<ul class=\"elementor-icon-list-items\">\n\t\t\t\t\t\t\t<li class=\"elementor-icon-list-item\">\n\t\t\t\t\t\t\t\t\t\t\t<span class=\"elementor-icon-list-icon\">\n\t\t\t\t\t\t\t<svg xmlns=\"http:\/\/www.w3.org\/2000\/svg\" height=\"512\" viewbox=\"0 0 300 300\" width=\"512\"><g id=\"Artwork\"><path d=\"m205.471 253.447c-32.372-2.708-56.443-6.765-82.278-18.242v-27.816c18.918-2.281 30.19-21.458 34.749-39.9 6.184-25-2.9-31.786-8.913-36.276-3.659-2.733-4.681-3.663-3.934-6.867 3.593-15.407 1.1-35.341-17.741-40.814a27.414 27.414 0 0 0 -15.323 0c-18.842 5.473-21.333 25.407-17.74 40.814a5.053 5.053 0 0 1 .03 2.905c11.35 17.986 10.855 41.163-7.094 56.227 4.844 9.738 11.879 18.355 21.966 22.175v-44.828a3.5 3.5 0 0 1 7 0v71.109c-27.357-13.409-34.515-23.745-58.819-29.295v-14.218c18.169-1.4 36.383-14.364 37.406-33.23.821-15.124-6.041-24.183-11.051-30.8-4.6-6.073-6.544-8.938-4.453-13.217 4.769-9.755 11.814-36.6 1.682-52.832-5.385-8.626-14.5-13-27.084-13s-21.7 4.374-27.083 13c-10.132 16.23-3.087 43.077 1.682 52.832 2.091 4.279.146 7.144-4.453 13.217-5.01 6.615-11.872 15.674-11.052 30.8.9 16.6 15.214 28.521 30.406 32.133v-91.307a3.5 3.5 0 0 1 7 0v105.325c-24.067-3.422-40.921 4.778-41.945 5.292a3.5 3.5 0 0 0 -1.929 3.128v73.238a10.512 10.512 0 0 0 10.5 10.5h271.835a3.5 3.5 0 0 0 2.5-5.954c-14.014-14.253-58.147-31.78-85.864-34.099z\"><\/path><path d=\"m292.29 137.445c-1.3-1.14-1.19-1.514-21.5.4v-20.95a23.815 23.815 0 0 0 20.28-23.52v-26.896a23.78 23.78 0 1 0 -47.56 0v26.893a23.815 23.815 0 0 0 20.28 23.52v21.821c-17.588 2.726-34.408 7.819-50.068 16.124v-19.173a23.816 23.816 0 0 0 20.278-23.52v-26.894a23.781 23.781 0 0 0 -47.561 0v26.894a23.816 23.816 0 0 0 20.281 23.52v23.159a127.882 127.882 0 0 0 -29.7 24.7c-15.41 17.515-32.178 34.829-51.207 45.16 16.907 7.52 33.061 11.764 51.424 14.547a101.977 101.977 0 0 0 29.032-16.812c14.78-12.359 26.807-42.69 87.228-42.186v-44.132a3.561 3.561 0 0 0 -1.207-2.655z\"><\/path><path d=\"m190.59 244.973c4.956.555 10.085 1.048 15.465 1.5 27.887 2.333 70.052 18.74 87.445 33.565v-88.8c-13.536-.118-32.778 2.556-43.517 7.417-29.256 13.236-25.806 29.345-59.393 46.318z\"><\/path><path d=\"m108.17 51.06h30.152a17.459 17.459 0 1 0 -9.994-31.775 22.281 22.281 0 1 0 -20.158 31.775z\"><\/path><\/g><\/svg>\t\t\t\t\t\t<\/span>\n\t\t\t\t\t\t\t\t\t\t<span class=\"elementor-icon-list-text\">La Foresta Nera<\/span>\n\t\t\t\t\t\t\t\t\t<\/li>\n\t\t\t\t\t\t<\/ul>\n\t\t\t\t\t\t<\/div>\n\t\t\t\t<\/div>\n\t\t\t\t\t<\/div>\n\t\t<\/div>\n\t\t\t\t\t<\/div>\n\t\t<\/section>\n\t\t\t\t<section class=\"elementor-section elementor-top-section elementor-element elementor-element-7ee597b elementor-section-boxed elementor-section-height-default elementor-section-height-default\" data-id=\"7ee597b\" data-element_type=\"section\" data-e-type=\"section\">\n\t\t\t\t\t\t<div class=\"elementor-container elementor-column-gap-default\">\n\t\t\t\t\t<div class=\"elementor-column elementor-col-100 elementor-top-column elementor-element elementor-element-38fbc4f\" data-id=\"38fbc4f\" data-element_type=\"column\" data-e-type=\"column\">\n\t\t\t<div class=\"elementor-widget-wrap elementor-element-populated\">\n\t\t\t\t\t\t<div class=\"elementor-element elementor-element-42949ba elementor-widget elementor-widget-gallery\" data-id=\"42949ba\" data-element_type=\"widget\" data-e-type=\"widget\" data-settings=\"{&quot;gallery_layout&quot;:&quot;justified&quot;,&quot;ideal_row_height&quot;:{&quot;unit&quot;:&quot;px&quot;,&quot;size&quot;:140,&quot;sizes&quot;:[]},&quot;ideal_row_height_tablet&quot;:{&quot;unit&quot;:&quot;px&quot;,&quot;size&quot;:133,&quot;sizes&quot;:[]},&quot;ideal_row_height_mobile&quot;:{&quot;unit&quot;:&quot;px&quot;,&quot;size&quot;:117,&quot;sizes&quot;:[]},&quot;gap&quot;:{&quot;unit&quot;:&quot;px&quot;,&quot;size&quot;:10,&quot;sizes&quot;:[]},&quot;gap_tablet&quot;:{&quot;unit&quot;:&quot;px&quot;,&quot;size&quot;:10,&quot;sizes&quot;:[]},&quot;gap_mobile&quot;:{&quot;unit&quot;:&quot;px&quot;,&quot;size&quot;:10,&quot;sizes&quot;:[]},&quot;link_to&quot;:&quot;file&quot;,&quot;overlay_background&quot;:&quot;yes&quot;,&quot;content_hover_animation&quot;:&quot;fade-in&quot;}\" data-widget_type=\"gallery.default\">\n\t\t\t\t<div class=\"elementor-widget-container\">\n\t\t\t\t\t\t\t<div class=\"elementor-gallery__container\">\n\t\t\t\t\t\t\t<a class=\"e-gallery-item elementor-gallery-item elementor-animated-content\" href=\"https:\/\/pfefferundsalz.gaeste-mappe.de\/wp-content\/uploads\/2024\/03\/schwarzwald-1.jpg\" data-elementor-open-lightbox=\"yes\" data-elementor-lightbox-slideshow=\"42949ba\" data-elementor-lightbox-title=\"schwarzwald-1\" data-e-action-hash=\"#elementor-action%3Aaction%3Dlightbox%26settings%3DeyJpZCI6MTE3NjksInVybCI6Imh0dHBzOlwvXC9wZmVmZmVydW5kc2Fsei5nYWVzdGUtbWFwcGUuZGVcL3dwLWNvbnRlbnRcL3VwbG9hZHNcLzIwMjRcLzAzXC9zY2h3YXJ6d2FsZC0xLmpwZyIsInNsaWRlc2hvdyI6IjQyOTQ5YmEifQ%3D%3D\">\n\t\t\t\t\t<div class=\"e-gallery-image elementor-gallery-item__image\" data-thumbnail=\"https:\/\/pfefferundsalz.gaeste-mappe.de\/wp-content\/uploads\/2024\/03\/schwarzwald-1.jpg\" data-width=\"1200\" data-height=\"706\" aria-label=\"\" role=\"img\" ><\/div>\n\t\t\t\t\t\t\t\t\t\t\t<div class=\"elementor-gallery-item__overlay\"><\/div>\n\t\t\t\t\t\t\t\t\t\t\t\t\t\t<\/a>\n\t\t\t\t\t\t\t<a class=\"e-gallery-item elementor-gallery-item elementor-animated-content\" href=\"https:\/\/pfefferundsalz.gaeste-mappe.de\/wp-content\/uploads\/2024\/03\/schwarzwald-2.jpg\" data-elementor-open-lightbox=\"yes\" data-elementor-lightbox-slideshow=\"42949ba\" data-elementor-lightbox-title=\"schwarzwald-2\" data-e-action-hash=\"#elementor-action%3Aaction%3Dlightbox%26settings%3DeyJpZCI6MTE3NzAsInVybCI6Imh0dHBzOlwvXC9wZmVmZmVydW5kc2Fsei5nYWVzdGUtbWFwcGUuZGVcL3dwLWNvbnRlbnRcL3VwbG9hZHNcLzIwMjRcLzAzXC9zY2h3YXJ6d2FsZC0yLmpwZyIsInNsaWRlc2hvdyI6IjQyOTQ5YmEifQ%3D%3D\">\n\t\t\t\t\t<div class=\"e-gallery-image elementor-gallery-item__image\" data-thumbnail=\"https:\/\/pfefferundsalz.gaeste-mappe.de\/wp-content\/uploads\/2024\/03\/schwarzwald-2.jpg\" data-width=\"1200\" data-height=\"828\" aria-label=\"\" role=\"img\" ><\/div>\n\t\t\t\t\t\t\t\t\t\t\t<div class=\"elementor-gallery-item__overlay\"><\/div>\n\t\t\t\t\t\t\t\t\t\t\t\t\t\t<\/a>\n\t\t\t\t\t\t\t<a class=\"e-gallery-item elementor-gallery-item elementor-animated-content\" href=\"https:\/\/pfefferundsalz.gaeste-mappe.de\/wp-content\/uploads\/2024\/03\/schwarzwald-3.jpg\" data-elementor-open-lightbox=\"yes\" data-elementor-lightbox-slideshow=\"42949ba\" data-elementor-lightbox-title=\"schwarzwald-3\" data-e-action-hash=\"#elementor-action%3Aaction%3Dlightbox%26settings%3DeyJpZCI6MTE3NzEsInVybCI6Imh0dHBzOlwvXC9wZmVmZmVydW5kc2Fsei5nYWVzdGUtbWFwcGUuZGVcL3dwLWNvbnRlbnRcL3VwbG9hZHNcLzIwMjRcLzAzXC9zY2h3YXJ6d2FsZC0zLmpwZyIsInNsaWRlc2hvdyI6IjQyOTQ5YmEifQ%3D%3D\">\n\t\t\t\t\t<div class=\"e-gallery-image elementor-gallery-item__image\" data-thumbnail=\"https:\/\/pfefferundsalz.gaeste-mappe.de\/wp-content\/uploads\/2024\/03\/schwarzwald-3.jpg\" data-width=\"1200\" data-height=\"800\" aria-label=\"\" role=\"img\" ><\/div>\n\t\t\t\t\t\t\t\t\t\t\t<div class=\"elementor-gallery-item__overlay\"><\/div>\n\t\t\t\t\t\t\t\t\t\t\t\t\t\t<\/a>\n\t\t\t\t\t\t\t<a class=\"e-gallery-item elementor-gallery-item elementor-animated-content\" href=\"https:\/\/pfefferundsalz.gaeste-mappe.de\/wp-content\/uploads\/2024\/03\/schwarzwald-4.jpg\" data-elementor-open-lightbox=\"yes\" data-elementor-lightbox-slideshow=\"42949ba\" data-elementor-lightbox-title=\"schwarzwald-4\" data-e-action-hash=\"#elementor-action%3Aaction%3Dlightbox%26settings%3DeyJpZCI6MTE3NzIsInVybCI6Imh0dHBzOlwvXC9wZmVmZmVydW5kc2Fsei5nYWVzdGUtbWFwcGUuZGVcL3dwLWNvbnRlbnRcL3VwbG9hZHNcLzIwMjRcLzAzXC9zY2h3YXJ6d2FsZC00LmpwZyIsInNsaWRlc2hvdyI6IjQyOTQ5YmEifQ%3D%3D\">\n\t\t\t\t\t<div class=\"e-gallery-image elementor-gallery-item__image\" data-thumbnail=\"https:\/\/pfefferundsalz.gaeste-mappe.de\/wp-content\/uploads\/2024\/03\/schwarzwald-4.jpg\" data-width=\"1200\" data-height=\"800\" aria-label=\"\" role=\"img\" ><\/div>\n\t\t\t\t\t\t\t\t\t\t\t<div class=\"elementor-gallery-item__overlay\"><\/div>\n\t\t\t\t\t\t\t\t\t\t\t\t\t\t<\/a>\n\t\t\t\t\t\t\t<a class=\"e-gallery-item elementor-gallery-item elementor-animated-content\" href=\"https:\/\/pfefferundsalz.gaeste-mappe.de\/wp-content\/uploads\/2024\/03\/schwarzwald-5.jpg\" data-elementor-open-lightbox=\"yes\" data-elementor-lightbox-slideshow=\"42949ba\" data-elementor-lightbox-title=\"schwarzwald-5\" data-e-action-hash=\"#elementor-action%3Aaction%3Dlightbox%26settings%3DeyJpZCI6MTE3NzMsInVybCI6Imh0dHBzOlwvXC9wZmVmZmVydW5kc2Fsei5nYWVzdGUtbWFwcGUuZGVcL3dwLWNvbnRlbnRcL3VwbG9hZHNcLzIwMjRcLzAzXC9zY2h3YXJ6d2FsZC01LmpwZyIsInNsaWRlc2hvdyI6IjQyOTQ5YmEifQ%3D%3D\">\n\t\t\t\t\t<div class=\"e-gallery-image elementor-gallery-item__image\" data-thumbnail=\"https:\/\/pfefferundsalz.gaeste-mappe.de\/wp-content\/uploads\/2024\/03\/schwarzwald-5.jpg\" data-width=\"1200\" data-height=\"800\" aria-label=\"\" role=\"img\" ><\/div>\n\t\t\t\t\t\t\t\t\t\t\t<div class=\"elementor-gallery-item__overlay\"><\/div>\n\t\t\t\t\t\t\t\t\t\t\t\t\t\t<\/a>\n\t\t\t\t\t\t\t<a class=\"e-gallery-item elementor-gallery-item elementor-animated-content\" href=\"https:\/\/pfefferundsalz.gaeste-mappe.de\/wp-content\/uploads\/2024\/03\/schwarzwald-6.jpg\" data-elementor-open-lightbox=\"yes\" data-elementor-lightbox-slideshow=\"42949ba\" data-elementor-lightbox-title=\"schwarzwald-6\" data-e-action-hash=\"#elementor-action%3Aaction%3Dlightbox%26settings%3DeyJpZCI6MTE3NzQsInVybCI6Imh0dHBzOlwvXC9wZmVmZmVydW5kc2Fsei5nYWVzdGUtbWFwcGUuZGVcL3dwLWNvbnRlbnRcL3VwbG9hZHNcLzIwMjRcLzAzXC9zY2h3YXJ6d2FsZC02LmpwZyIsInNsaWRlc2hvdyI6IjQyOTQ5YmEifQ%3D%3D\">\n\t\t\t\t\t<div class=\"e-gallery-image elementor-gallery-item__image\" data-thumbnail=\"https:\/\/pfefferundsalz.gaeste-mappe.de\/wp-content\/uploads\/2024\/03\/schwarzwald-6.jpg\" data-width=\"1200\" data-height=\"800\" aria-label=\"\" role=\"img\" ><\/div>\n\t\t\t\t\t\t\t\t\t\t\t<div class=\"elementor-gallery-item__overlay\"><\/div>\n\t\t\t\t\t\t\t\t\t\t\t\t\t\t<\/a>\n\t\t\t\t\t\t\t<a class=\"e-gallery-item elementor-gallery-item elementor-animated-content\" href=\"https:\/\/pfefferundsalz.gaeste-mappe.de\/wp-content\/uploads\/2024\/03\/schwarzwald-7.jpg\" data-elementor-open-lightbox=\"yes\" data-elementor-lightbox-slideshow=\"42949ba\" data-elementor-lightbox-title=\"schwarzwald-7\" data-e-action-hash=\"#elementor-action%3Aaction%3Dlightbox%26settings%3DeyJpZCI6MTE3NzUsInVybCI6Imh0dHBzOlwvXC9wZmVmZmVydW5kc2Fsei5nYWVzdGUtbWFwcGUuZGVcL3dwLWNvbnRlbnRcL3VwbG9hZHNcLzIwMjRcLzAzXC9zY2h3YXJ6d2FsZC03LmpwZyIsInNsaWRlc2hvdyI6IjQyOTQ5YmEifQ%3D%3D\">\n\t\t\t\t\t<div class=\"e-gallery-image elementor-gallery-item__image\" data-thumbnail=\"https:\/\/pfefferundsalz.gaeste-mappe.de\/wp-content\/uploads\/2024\/03\/schwarzwald-7.jpg\" data-width=\"1200\" data-height=\"800\" aria-label=\"\" role=\"img\" ><\/div>\n\t\t\t\t\t\t\t\t\t\t\t<div class=\"elementor-gallery-item__overlay\"><\/div>\n\t\t\t\t\t\t\t\t\t\t\t\t\t\t<\/a>\n\t\t\t\t\t\t\t<a class=\"e-gallery-item elementor-gallery-item elementor-animated-content\" href=\"https:\/\/pfefferundsalz.gaeste-mappe.de\/wp-content\/uploads\/2024\/03\/schwarzwald-8.jpg\" data-elementor-open-lightbox=\"yes\" data-elementor-lightbox-slideshow=\"42949ba\" data-elementor-lightbox-title=\"schwarzwald-8\" data-e-action-hash=\"#elementor-action%3Aaction%3Dlightbox%26settings%3DeyJpZCI6MTE3NzYsInVybCI6Imh0dHBzOlwvXC9wZmVmZmVydW5kc2Fsei5nYWVzdGUtbWFwcGUuZGVcL3dwLWNvbnRlbnRcL3VwbG9hZHNcLzIwMjRcLzAzXC9zY2h3YXJ6d2FsZC04LmpwZyIsInNsaWRlc2hvdyI6IjQyOTQ5YmEifQ%3D%3D\">\n\t\t\t\t\t<div class=\"e-gallery-image elementor-gallery-item__image\" data-thumbnail=\"https:\/\/pfefferundsalz.gaeste-mappe.de\/wp-content\/uploads\/2024\/03\/schwarzwald-8.jpg\" data-width=\"1200\" data-height=\"531\" aria-label=\"\" role=\"img\" ><\/div>\n\t\t\t\t\t\t\t\t\t\t\t<div class=\"elementor-gallery-item__overlay\"><\/div>\n\t\t\t\t\t\t\t\t\t\t\t\t\t\t<\/a>\n\t\t\t\t\t\t\t<a class=\"e-gallery-item elementor-gallery-item elementor-animated-content\" href=\"https:\/\/pfefferundsalz.gaeste-mappe.de\/wp-content\/uploads\/2024\/03\/schwarzwald-9.jpg\" data-elementor-open-lightbox=\"yes\" data-elementor-lightbox-slideshow=\"42949ba\" data-elementor-lightbox-title=\"schwarzwald-9\" data-e-action-hash=\"#elementor-action%3Aaction%3Dlightbox%26settings%3DeyJpZCI6MTE3NzcsInVybCI6Imh0dHBzOlwvXC9wZmVmZmVydW5kc2Fsei5nYWVzdGUtbWFwcGUuZGVcL3dwLWNvbnRlbnRcL3VwbG9hZHNcLzIwMjRcLzAzXC9zY2h3YXJ6d2FsZC05LmpwZyIsInNsaWRlc2hvdyI6IjQyOTQ5YmEifQ%3D%3D\">\n\t\t\t\t\t<div class=\"e-gallery-image elementor-gallery-item__image\" data-thumbnail=\"https:\/\/pfefferundsalz.gaeste-mappe.de\/wp-content\/uploads\/2024\/03\/schwarzwald-9.jpg\" data-width=\"1200\" data-height=\"800\" aria-label=\"\" role=\"img\" ><\/div>\n\t\t\t\t\t\t\t\t\t\t\t<div class=\"elementor-gallery-item__overlay\"><\/div>\n\t\t\t\t\t\t\t\t\t\t\t\t\t\t<\/a>\n\t\t\t\t\t\t\t<a class=\"e-gallery-item elementor-gallery-item elementor-animated-content\" href=\"https:\/\/pfefferundsalz.gaeste-mappe.de\/wp-content\/uploads\/2024\/03\/schwarzwald-10.jpg\" data-elementor-open-lightbox=\"yes\" data-elementor-lightbox-slideshow=\"42949ba\" data-elementor-lightbox-title=\"schwarzwald-10\" data-e-action-hash=\"#elementor-action%3Aaction%3Dlightbox%26settings%3DeyJpZCI6MTE3NzgsInVybCI6Imh0dHBzOlwvXC9wZmVmZmVydW5kc2Fsei5nYWVzdGUtbWFwcGUuZGVcL3dwLWNvbnRlbnRcL3VwbG9hZHNcLzIwMjRcLzAzXC9zY2h3YXJ6d2FsZC0xMC5qcGciLCJzbGlkZXNob3ciOiI0Mjk0OWJhIn0%3D\">\n\t\t\t\t\t<div class=\"e-gallery-image elementor-gallery-item__image\" data-thumbnail=\"https:\/\/pfefferundsalz.gaeste-mappe.de\/wp-content\/uploads\/2024\/03\/schwarzwald-10.jpg\" data-width=\"1200\" data-height=\"800\" aria-label=\"\" role=\"img\" ><\/div>\n\t\t\t\t\t\t\t\t\t\t\t<div class=\"elementor-gallery-item__overlay\"><\/div>\n\t\t\t\t\t\t\t\t\t\t\t\t\t\t<\/a>\n\t\t\t\t\t<\/div>\n\t\t\t\t\t<\/div>\n\t\t\t\t<\/div>\n\t\t\t\t\t<\/div>\n\t\t<\/div>\n\t\t\t\t\t<\/div>\n\t\t<\/section>\n\t\t\t\t<section class=\"elementor-section elementor-top-section elementor-element elementor-element-1d9527e1 elementor-section-boxed elementor-section-height-default elementor-section-height-default\" data-id=\"1d9527e1\" data-element_type=\"section\" data-e-type=\"section\">\n\t\t\t\t\t\t<div class=\"elementor-container elementor-column-gap-default\">\n\t\t\t\t\t<div class=\"elementor-column elementor-col-100 elementor-top-column elementor-element elementor-element-7f3b488\" data-id=\"7f3b488\" data-element_type=\"column\" data-e-type=\"column\">\n\t\t\t<div class=\"elementor-widget-wrap elementor-element-populated\">\n\t\t\t\t\t\t<div class=\"elementor-element elementor-element-6f69d99e elementor-icon-list--layout-traditional elementor-list-item-link-full_width elementor-widget elementor-widget-icon-list\" data-id=\"6f69d99e\" data-element_type=\"widget\" data-e-type=\"widget\" data-widget_type=\"icon-list.default\">\n\t\t\t\t<div class=\"elementor-widget-container\">\n\t\t\t\t\t\t\t<ul class=\"elementor-icon-list-items\">\n\t\t\t\t\t\t\t<li class=\"elementor-icon-list-item\">\n\t\t\t\t\t\t\t\t\t\t\t<span class=\"elementor-icon-list-icon\">\n\t\t\t\t\t\t\t<svg xmlns=\"http:\/\/www.w3.org\/2000\/svg\" id=\"Layer_1\" height=\"512\" viewbox=\"0 0 480 480\" width=\"512\"><g><path d=\"m472 480h-464c-4.418 0-8-3.582-8-8s3.582-8 8-8h464c4.418 0 8 3.582 8 8s-3.582 8-8 8z\"><\/path><path d=\"m131.79 193.59c-20.45 39.53-24.41 85.86-10.95 128.33.93 2.94-.02 6.11-2.28 8.21-1.58 1.47-2.56 3.55-2.56 5.87v16.4c0 3.23-3.63 5.13-6.28 3.29l-6.16-4.27c-3.619-2.501-8.611-1.616-11.14 2.02-2.51 3.64-1.61 8.62 2.02 11.14l18.15 12.58c2.14 1.48 3.41 3.91 3.41 6.51v56.33c0 4.418-3.582 8-8 8s-8-3.582-8-8v-15.09c-40.554 10.559-80.024-19.434-81.93-60.24-.67-14.59 3.38-28.61 11.54-40.35 1.5-2.16 1.75-4.94.8-7.39-25.68-65.64 24.94-136.74 94.54-134.95 5.88.15 9.55 6.38 6.84 11.61z\"><\/path><path d=\"m387.75 177.78c-35.359 7.832-60.75 39.103-60.75 75.48v97.48c0 17.686 5.98 34.781 17.45 48.85 3.37 4.12 1.84 10.34-3.06 12.42-13.33 5.63-27.62 9.43-42.55 11.07-4.72.52-8.84-3.21-8.84-7.97v-24.56c0-2.58 1.25-5 3.34-6.5l20.32-14.54c8.61-6.19-.71-19.17-9.32-13.02l-8.01 5.74c-2.65 1.89-6.33 0-6.33-3.25v-35.98c0-10.59-16-10.59-16 0v15.99c0 3.26-3.69 5.15-6.33 3.25-8.56-6.13-8.36-6.13-9.67-6.67-8.73-3.52-15.33 8.43-7.66 13.94l20.32 14.54c2.09 1.5 3.34 3.92 3.34 6.5v69.45c0 4.418-3.582 8-8 8s-8-3.582-8-8v-17.89c-73.78-11.66-130.2-76.28-128.98-153.57 1.31-83.22 69.77-150.55 153-150.54 42.97.01 81.85 17.82 109.67 46.44 4.33 4.45 2.12 12.01-3.94 13.34z\"><\/path><path d=\"m183.758 424.181c-15.659 4.762-32.608 3.466-47.218-3.505-2.768-1.321-4.541-4.109-4.541-7.176v-37.18c0-7.648 9.734-10.838 14.298-4.7 11.164 15.015 24.67 28.01 39.78 38.46 5.469 3.783 4.042 12.166-2.319 14.101z\"><\/path><path d=\"m274.616 102.133c-47.89 1.982-93.337 24.745-124.075 62.778-1.839 2.275-4.768 3.337-7.648 2.829-15.117-2.661-31.177-2.329-46.796 1.373-5.907 1.4-11.22-3.923-9.662-9.79 14.507-54.63 53.079-159.323 109.285-159.323 39.225 0 69.018 51.56 85.911 90.987 2.208 5.152-1.414 10.914-7.015 11.146z\"><\/path><path d=\"m432.42 177.213c-2.332-.42-4.653-.727-6.939-.923-2.333-.199-4.49-1.354-5.85-3.26-25.342-35.515-63.942-60.63-107.935-68.424-4.938-.875-7.826-6.072-6.017-10.75l23.461-60.676c10.727-27.729 50-27.709 60.72 0l51.538 133.295c2.267 5.864-2.79 11.854-8.978 10.738z\"><\/path><path d=\"m480 253.26v97.48c0 30.16-21.91 55.29-50.64 60.33-4.89.86-9.36-2.93-9.36-7.89v-52.91c0-4.26-3.22-7.98-7.47-8.25-4.66-.3-8.53 3.38-8.53 7.98v90c0 4.418-3.582 8-8 8s-8-3.582-8-8v-30.2c-25.92-7.13-45-30.91-45-59.06v-97.48c0-33.833 27.427-61.26 61.26-61.26h14.48c33.833 0 61.26 27.427 61.26 61.26z\"><\/path><\/g><\/svg>\t\t\t\t\t\t<\/span>\n\t\t\t\t\t\t\t\t\t\t<span class=\"elementor-icon-list-text\">La Foresta Nera: un paradiso naturale nel cuore dell&#039;Europa<\/span>\n\t\t\t\t\t\t\t\t\t<\/li>\n\t\t\t\t\t\t<\/ul>\n\t\t\t\t\t\t<\/div>\n\t\t\t\t<\/div>\n\t\t\t\t\t<\/div>\n\t\t<\/div>\n\t\t\t\t\t<\/div>\n\t\t<\/section>\n\t\t\t\t<section class=\"elementor-section elementor-top-section elementor-element elementor-element-253acf08 elementor-section-boxed elementor-section-height-default elementor-section-height-default\" data-id=\"253acf08\" data-element_type=\"section\" data-e-type=\"section\">\n\t\t\t\t\t\t<div class=\"elementor-container elementor-column-gap-default\">\n\t\t\t\t\t<div class=\"elementor-column elementor-col-100 elementor-top-column elementor-element elementor-element-78d8dd3e\" data-id=\"78d8dd3e\" data-element_type=\"column\" data-e-type=\"column\">\n\t\t\t<div class=\"elementor-widget-wrap elementor-element-populated\">\n\t\t\t\t\t\t<div class=\"elementor-element elementor-element-3b59b61c elementor-widget elementor-widget-text-editor\" data-id=\"3b59b61c\" data-element_type=\"widget\" data-e-type=\"widget\" data-widget_type=\"text-editor.default\">\n\t\t\t\t<div class=\"elementor-widget-container\">\n\t\t\t\t\t\t\t\t\t<p>La Foresta Nera, una delle regioni pi\u00f9 famose della Germania, affascina visitatori da tutto il mondo con il suo paesaggio impressionante e le ricche tradizioni culturali.<\/p><p><strong>Natura e paesaggio<\/strong><\/p><p>La bellezza naturale della Foresta Nera si estende attraverso dolci colline, fitte foreste e valli pittoresche. Le maestose cime montuose offrono panorami mozzafiato, mentre limpidi ruscelli e laghi invitano a soffermarsi. I sentieri escursionistici si snodano attraverso il paesaggio e regalano esperienze indimenticabili in mezzo alla natura incontaminata.<\/p><p><strong>Cultura e tradizione<\/strong><\/p><p>Lontano dalla natura, la Foresta Nera offre una ricca diversit\u00e0 culturale. Citt\u00e0 storiche e villaggi pittoreschi testimoniano una lunga storia e mestieri tradizionali. Dalle case a graticcio ai vecchi mulini, c&#039;\u00e8 molto da scoprire. La cucina regionale vizia con il prosciutto della Foresta Nera, la torta di ciliegie e altre specialit\u00e0 regionali.<\/p><p><strong>Attivit\u00e0 ed esperienze<\/strong><\/p><p>La Foresta Nera offre qualcosa per tutti: avventure all&#039;aria aperta come l&#039;escursionismo, il ciclismo e lo sci sono altrettanto possibili cos\u00ec come rilassanti soggiorni benessere in lussuose spa. Numerosi parchi tematici e attrazioni assicurano divertimento e svago per tutta la famiglia.<\/p><p><strong>Destinazioni<\/strong><\/p><p>Ti abbiamo nelle categorie <a href=\"https:\/\/pfefferundsalz.gaeste-mappe.de\/it\/freizeitaktivitaeten\/\">Attivit\u00e0 ricreative<\/a>, <a href=\"https:\/\/pfefferundsalz.gaeste-mappe.de\/it\/golf\/\">Golf<\/a>, <a href=\"https:\/\/pfefferundsalz.gaeste-mappe.de\/it\/gengenbach\/\">Gengenbach<\/a>, <a href=\"https:\/\/pfefferundsalz.gaeste-mappe.de\/it\/elsass\/\">Alsazia<\/a> E <a href=\"https:\/\/pfefferundsalz.gaeste-mappe.de\/it\/kinzigtal\/\">Kinzigtal<\/a> interessanti destinazioni escursionistiche messe insieme.<\/p><p><strong>Conclusione<\/strong><\/p><p>La Foresta Nera \u00e8 un vero paradiso naturale e un luogo pieno di tesori culturali. Non importa se volete godervi la tranquillit\u00e0 della natura, sperimentare attivit\u00e0 emozionanti o scoprire la cultura regionale, qui ognuno trover\u00e0 il suo punto forte.<\/p><p>Ulteriori informazioni sulla Foresta Nera si trovano su: <a href=\"https:\/\/www.schwarzwald-tourismus.info\/\" target=\"_blank\" rel=\"noopener\">https:\/\/www.schwarzwald-tourismus.info\/<\/a><\/p>\t\t\t\t\t\t\t\t<\/div>\n\t\t\t\t<\/div>\n\t\t\t\t\t<\/div>\n\t\t<\/div>\n\t\t\t\t\t<\/div>\n\t\t<\/section>\n\t\t\t\t<\/div>","protected":false},"excerpt":{"rendered":"<p>Der Schwarzwald Der Schwarzwald: Ein Naturparadies im Herzen Europas Der Schwarzwald, eine der bekanntesten Regionen Deutschlands, fasziniert Besucher aus aller Welt mit seiner beeindruckenden Landschaft und reichen kulturellen Traditionen. Natur und Landschaft Die nat\u00fcrliche Sch\u00f6nheit des Schwarzwaldes erstreckt sich \u00fcber sanfte H\u00fcgel, dichte W\u00e4lder und malerische T\u00e4ler. Majest\u00e4tische Berggipfel bieten atemberaubende Ausblicke, w\u00e4hrend klare B\u00e4che [&hellip;]<\/p>\n","protected":false},"author":2,"featured_media":0,"parent":0,"menu_order":0,"comment_status":"closed","ping_status":"closed","template":"","meta":{"site-sidebar-layout":"no-sidebar","site-content-layout":"page-builder","ast-site-content-layout":"default","site-content-style":"default","site-sidebar-style":"default","ast-global-header-display":"","ast-banner-title-visibility":"","ast-main-header-display":"","ast-hfb-above-header-display":"","ast-hfb-below-header-display":"","ast-hfb-mobile-header-display":"","site-post-title":"disabled","ast-breadcrumbs-content":"","ast-featured-img":"disabled","footer-sml-layout":"","ast-disable-related-posts":"","theme-transparent-header-meta":"","adv-header-id-meta":"","stick-header-meta":"","header-above-stick-meta":"","header-main-stick-meta":"","header-below-stick-meta":"","astra-migrate-meta-layouts":"default","ast-page-background-enabled":"default","ast-page-background-meta":{"desktop":{"background-color":"var(--ast-global-color-4)","background-image":"","background-repeat":"repeat","background-position":"center center","background-size":"auto","background-attachment":"scroll","background-type":"","background-media":"","overlay-type":"","overlay-color":"","overlay-opacity":"","overlay-gradient":""},"tablet":{"background-color":"","background-image":"","background-repeat":"repeat","background-position":"center center","background-size":"auto","background-attachment":"scroll","background-type":"","background-media":"","overlay-type":"","overlay-color":"","overlay-opacity":"","overlay-gradient":""},"mobile":{"background-color":"","background-image":"","background-repeat":"repeat","background-position":"center center","background-size":"auto","background-attachment":"scroll","background-type":"","background-media":"","overlay-type":"","overlay-color":"","overlay-opacity":"","overlay-gradient":""}},"ast-content-background-meta":{"desktop":{"background-color":"var(--ast-global-color-5)","background-image":"","background-repeat":"repeat","background-position":"center center","background-size":"auto","background-attachment":"scroll","background-type":"","background-media":"","overlay-type":"","overlay-color":"","overlay-opacity":"","overlay-gradient":""},"tablet":{"background-color":"var(--ast-global-color-5)","background-image":"","background-repeat":"repeat","background-position":"center center","background-size":"auto","background-attachment":"scroll","background-type":"","background-media":"","overlay-type":"","overlay-color":"","overlay-opacity":"","overlay-gradient":""},"mobile":{"background-color":"var(--ast-global-color-5)","background-image":"","background-repeat":"repeat","background-position":"center center","background-size":"auto","background-attachment":"scroll","background-type":"","background-media":"","overlay-type":"","overlay-color":"","overlay-opacity":"","overlay-gradient":""}},"_glsr_average":0,"_glsr_ranking":0,"_glsr_reviews":0,"footnotes":""},"class_list":["post-388","page","type-page","status-publish","hentry"],"_links":{"self":[{"href":"https:\/\/pfefferundsalz.gaeste-mappe.de\/it\/wp-json\/wp\/v2\/pages\/388","targetHints":{"allow":["GET"]}}],"collection":[{"href":"https:\/\/pfefferundsalz.gaeste-mappe.de\/it\/wp-json\/wp\/v2\/pages"}],"about":[{"href":"https:\/\/pfefferundsalz.gaeste-mappe.de\/it\/wp-json\/wp\/v2\/types\/page"}],"author":[{"embeddable":true,"href":"https:\/\/pfefferundsalz.gaeste-mappe.de\/it\/wp-json\/wp\/v2\/users\/2"}],"replies":[{"embeddable":true,"href":"https:\/\/pfefferundsalz.gaeste-mappe.de\/it\/wp-json\/wp\/v2\/comments?post=388"}],"version-history":[{"count":60,"href":"https:\/\/pfefferundsalz.gaeste-mappe.de\/it\/wp-json\/wp\/v2\/pages\/388\/revisions"}],"predecessor-version":[{"id":12142,"href":"https:\/\/pfefferundsalz.gaeste-mappe.de\/it\/wp-json\/wp\/v2\/pages\/388\/revisions\/12142"}],"wp:attachment":[{"href":"https:\/\/pfefferundsalz.gaeste-mappe.de\/it\/wp-json\/wp\/v2\/media?parent=388"}],"curies":[{"name":"wp","href":"https:\/\/api.w.org\/{rel}","templated":true}]}}