{"id":5841,"date":"2023-03-24T14:32:13","date_gmt":"2023-03-24T14:32:13","guid":{"rendered":"https:\/\/gaestehaus-am-kurpark.gaeste-mappe.com\/?page_id=5841"},"modified":"2024-10-06T12:03:31","modified_gmt":"2024-10-06T12:03:31","slug":"fruehstueck","status":"publish","type":"page","link":"https:\/\/pfefferundsalz.gaeste-mappe.de\/it\/fruehstueck\/","title":{"rendered":"Colazione"},"content":{"rendered":"<div data-elementor-type=\"wp-page\" data-elementor-id=\"5841\" class=\"elementor elementor-5841\" data-elementor-post-type=\"page\">\n\t\t\t\t\t\t<section class=\"elementor-section elementor-top-section elementor-element elementor-element-443884d5 elementor-section-boxed elementor-section-height-default elementor-section-height-default\" data-id=\"443884d5\" data-element_type=\"section\" data-e-type=\"section\" data-settings=\"{&quot;background_background&quot;:&quot;classic&quot;}\">\n\t\t\t\t\t\t<div class=\"elementor-container elementor-column-gap-default\">\n\t\t\t\t\t<div class=\"elementor-column elementor-col-100 elementor-top-column elementor-element elementor-element-60b55b26\" data-id=\"60b55b26\" data-element_type=\"column\" data-e-type=\"column\">\n\t\t\t<div class=\"elementor-widget-wrap elementor-element-populated\">\n\t\t\t\t\t\t<div class=\"elementor-element elementor-element-69562c60 kopf elementor-icon-list--layout-traditional elementor-list-item-link-full_width elementor-widget elementor-widget-icon-list\" data-id=\"69562c60\" data-element_type=\"widget\" data-e-type=\"widget\" data-widget_type=\"icon-list.default\">\n\t\t\t\t<div class=\"elementor-widget-container\">\n\t\t\t\t\t\t\t<ul class=\"elementor-icon-list-items\">\n\t\t\t\t\t\t\t<li class=\"elementor-icon-list-item\">\n\t\t\t\t\t\t\t\t\t\t\t<span class=\"elementor-icon-list-icon\">\n\t\t\t\t\t\t\t<svg xmlns=\"http:\/\/www.w3.org\/2000\/svg\" id=\"Capa_1\" height=\"512\" viewbox=\"0 0 512 512\" width=\"512\"><g><path d=\"m200 370h-5v40c0 8.284-6.716 15-15 15s-15-6.716-15-15v-40h-50v40c0 8.284-6.716 15-15 15s-15-6.716-15-15v-40h-5c-44.183 0-80 35.817-80 80v32c0 16.569 13.431 30 30 30h220c16.569 0 30-13.431 30-30v-32c0-44.183-35.817-80-80-80z\"><\/path><path d=\"m457 250h-25v-15c0-8.284-6.716-15-15-15h-202c-8.284 0-15 6.716-15 15v45h257c13.785 0 25 11.215 25 25v50c0 13.785-11.215 25-25 25h-25v-70h-232v30c60.654 0 110 49.346 110 110v32c0 10.925-2.949 21.167-8.072 30h85.072c24.813 0 45-20.187 45-45v-57h25c30.327 0 55-24.673 55-55v-50c0-30.327-24.673-55-55-55z\"><\/path><path d=\"m347 190c8.284 0 15-6.716 15-15v-20c0-8.271 6.729-15 15-15 24.813 0 45-20.187 45-45s-20.187-45-45-45c-8.271 0-15-6.729-15-15v-20c0-8.284-6.716-15-15-15s-15 6.716-15 15v20c0 24.813 20.187 45 45 45 8.271 0 15 6.729 15 15s-6.729 15-15 15c-24.813 0-45 20.187-45 45v20c0 8.284 6.716 15 15 15z\"><\/path><path d=\"m247 190c8.284 0 15-6.716 15-15v-20c0-8.271 6.729-15 15-15 24.813 0 45-20.187 45-45s-20.187-45-45-45c-8.271 0-15-6.729-15-15v-20c0-8.284-6.716-15-15-15s-15 6.716-15 15v20c0 24.813 20.187 45 45 45 8.271 0 15 6.729 15 15s-6.729 15-15 15c-24.813 0-45 20.187-45 45v20c0 8.284 6.716 15 15 15z\"><\/path><\/g><\/svg>\t\t\t\t\t\t<\/span>\n\t\t\t\t\t\t\t\t\t\t<span class=\"elementor-icon-list-text\">Colazione<\/span>\n\t\t\t\t\t\t\t\t\t<\/li>\n\t\t\t\t\t\t<\/ul>\n\t\t\t\t\t\t<\/div>\n\t\t\t\t<\/div>\n\t\t\t\t\t<\/div>\n\t\t<\/div>\n\t\t\t\t\t<\/div>\n\t\t<\/section>\n\t\t\t\t<section class=\"elementor-section elementor-top-section elementor-element elementor-element-2df7a35 elementor-section-boxed elementor-section-height-default elementor-section-height-default\" data-id=\"2df7a35\" data-element_type=\"section\" data-e-type=\"section\">\n\t\t\t\t\t\t<div class=\"elementor-container elementor-column-gap-default\">\n\t\t\t\t\t<div class=\"elementor-column elementor-col-100 elementor-top-column elementor-element elementor-element-6f808e3\" data-id=\"6f808e3\" data-element_type=\"column\" data-e-type=\"column\">\n\t\t\t<div class=\"elementor-widget-wrap elementor-element-populated\">\n\t\t\t\t\t\t<div class=\"elementor-element elementor-element-75e48d3 elementor-widget elementor-widget-gallery\" data-id=\"75e48d3\" data-element_type=\"widget\" data-e-type=\"widget\" data-settings=\"{&quot;columns&quot;:3,&quot;columns_tablet&quot;:3,&quot;aspect_ratio&quot;:&quot;16:9&quot;,&quot;gallery_layout&quot;:&quot;grid&quot;,&quot;columns_mobile&quot;:1,&quot;gap&quot;:{&quot;unit&quot;:&quot;px&quot;,&quot;size&quot;:10,&quot;sizes&quot;:[]},&quot;gap_tablet&quot;:{&quot;unit&quot;:&quot;px&quot;,&quot;size&quot;:10,&quot;sizes&quot;:[]},&quot;gap_mobile&quot;:{&quot;unit&quot;:&quot;px&quot;,&quot;size&quot;:10,&quot;sizes&quot;:[]},&quot;link_to&quot;:&quot;file&quot;,&quot;content_hover_animation&quot;:&quot;fade-in&quot;}\" data-widget_type=\"gallery.default\">\n\t\t\t\t<div class=\"elementor-widget-container\">\n\t\t\t\t\t\t\t<div class=\"elementor-gallery__container\">\n\t\t\t\t\t\t\t<a class=\"e-gallery-item elementor-gallery-item elementor-animated-content\" href=\"https:\/\/pfefferundsalz.gaeste-mappe.de\/wp-content\/uploads\/2024\/10\/fruehstueck-1.jpg\" data-elementor-open-lightbox=\"yes\" data-elementor-lightbox-slideshow=\"75e48d3\" data-elementor-lightbox-title=\"fruehstueck-1\" data-e-action-hash=\"#elementor-action%3Aaction%3Dlightbox%26settings%3DeyJpZCI6MTIxODEsInVybCI6Imh0dHBzOlwvXC9wZmVmZmVydW5kc2Fsei5nYWVzdGUtbWFwcGUuZGVcL3dwLWNvbnRlbnRcL3VwbG9hZHNcLzIwMjRcLzEwXC9mcnVlaHN0dWVjay0xLmpwZyIsInNsaWRlc2hvdyI6Ijc1ZTQ4ZDMifQ%3D%3D\">\n\t\t\t\t\t<div class=\"e-gallery-image elementor-gallery-item__image\" data-thumbnail=\"https:\/\/pfefferundsalz.gaeste-mappe.de\/wp-content\/uploads\/2024\/10\/fruehstueck-1.jpg\" data-width=\"1200\" data-height=\"800\" aria-label=\"\" role=\"img\" ><\/div>\n\t\t\t\t\t\t\t\t\t\t\t\t\t\t<\/a>\n\t\t\t\t\t\t\t<a class=\"e-gallery-item elementor-gallery-item elementor-animated-content\" href=\"https:\/\/pfefferundsalz.gaeste-mappe.de\/wp-content\/uploads\/2024\/10\/fruehstueck-2.jpg\" data-elementor-open-lightbox=\"yes\" data-elementor-lightbox-slideshow=\"75e48d3\" data-elementor-lightbox-title=\"fruehstueck-2\" data-e-action-hash=\"#elementor-action%3Aaction%3Dlightbox%26settings%3DeyJpZCI6MTIxODIsInVybCI6Imh0dHBzOlwvXC9wZmVmZmVydW5kc2Fsei5nYWVzdGUtbWFwcGUuZGVcL3dwLWNvbnRlbnRcL3VwbG9hZHNcLzIwMjRcLzEwXC9mcnVlaHN0dWVjay0yLmpwZyIsInNsaWRlc2hvdyI6Ijc1ZTQ4ZDMifQ%3D%3D\">\n\t\t\t\t\t<div class=\"e-gallery-image elementor-gallery-item__image\" data-thumbnail=\"https:\/\/pfefferundsalz.gaeste-mappe.de\/wp-content\/uploads\/2024\/10\/fruehstueck-2.jpg\" data-width=\"1200\" data-height=\"800\" aria-label=\"\" role=\"img\" ><\/div>\n\t\t\t\t\t\t\t\t\t\t\t\t\t\t<\/a>\n\t\t\t\t\t\t\t<a class=\"e-gallery-item elementor-gallery-item elementor-animated-content\" href=\"https:\/\/pfefferundsalz.gaeste-mappe.de\/wp-content\/uploads\/2024\/10\/fruehstueck-3.jpg\" data-elementor-open-lightbox=\"yes\" data-elementor-lightbox-slideshow=\"75e48d3\" data-elementor-lightbox-title=\"fruehstueck-3\" data-e-action-hash=\"#elementor-action%3Aaction%3Dlightbox%26settings%3DeyJpZCI6MTIxODMsInVybCI6Imh0dHBzOlwvXC9wZmVmZmVydW5kc2Fsei5nYWVzdGUtbWFwcGUuZGVcL3dwLWNvbnRlbnRcL3VwbG9hZHNcLzIwMjRcLzEwXC9mcnVlaHN0dWVjay0zLmpwZyIsInNsaWRlc2hvdyI6Ijc1ZTQ4ZDMifQ%3D%3D\">\n\t\t\t\t\t<div class=\"e-gallery-image elementor-gallery-item__image\" data-thumbnail=\"https:\/\/pfefferundsalz.gaeste-mappe.de\/wp-content\/uploads\/2024\/10\/fruehstueck-3.jpg\" data-width=\"1200\" data-height=\"800\" aria-label=\"\" role=\"img\" ><\/div>\n\t\t\t\t\t\t\t\t\t\t\t\t\t\t<\/a>\n\t\t\t\t\t<\/div>\n\t\t\t\t\t<\/div>\n\t\t\t\t<\/div>\n\t\t\t\t\t<\/div>\n\t\t<\/div>\n\t\t\t\t\t<\/div>\n\t\t<\/section>\n\t\t\t\t<section class=\"elementor-section elementor-top-section elementor-element elementor-element-6f6af288 elementor-section-boxed elementor-section-height-default elementor-section-height-default\" data-id=\"6f6af288\" data-element_type=\"section\" data-e-type=\"section\">\n\t\t\t\t\t\t<div class=\"elementor-container elementor-column-gap-default\">\n\t\t\t\t\t<div class=\"elementor-column elementor-col-100 elementor-top-column elementor-element elementor-element-e574ff8\" data-id=\"e574ff8\" data-element_type=\"column\" data-e-type=\"column\">\n\t\t\t<div class=\"elementor-widget-wrap elementor-element-populated\">\n\t\t\t\t\t\t<div class=\"elementor-element elementor-element-34d41621 elementor-icon-list--layout-traditional elementor-list-item-link-full_width elementor-widget elementor-widget-icon-list\" data-id=\"34d41621\" data-element_type=\"widget\" data-e-type=\"widget\" data-widget_type=\"icon-list.default\">\n\t\t\t\t<div class=\"elementor-widget-container\">\n\t\t\t\t\t\t\t<ul class=\"elementor-icon-list-items\">\n\t\t\t\t\t\t\t<li class=\"elementor-icon-list-item\">\n\t\t\t\t\t\t\t\t\t\t\t<span class=\"elementor-icon-list-icon\">\n\t\t\t\t\t\t\t<svg xmlns=\"http:\/\/www.w3.org\/2000\/svg\" height=\"512\" viewbox=\"0 0 24 24\" width=\"512\"><g id=\"Layer_2\" data-name=\"Layer 2\"><path d=\"m12 1a11 11 0 1 0 11 11 11.013 11.013 0 0 0 -11-11zm3.707 14.707a1 1 0 0 1 -1.414 0l-3-3a1 1 0 0 1 -.293-.707v-6a1 1 0 0 1 2 0v5.586l2.707 2.707a1 1 0 0 1 0 1.414z\"><\/path><\/g><\/svg>\t\t\t\t\t\t<\/span>\n\t\t\t\t\t\t\t\t\t\t<span class=\"elementor-icon-list-text\">Orari della colazione<\/span>\n\t\t\t\t\t\t\t\t\t<\/li>\n\t\t\t\t\t\t<\/ul>\n\t\t\t\t\t\t<\/div>\n\t\t\t\t<\/div>\n\t\t\t\t\t<\/div>\n\t\t<\/div>\n\t\t\t\t\t<\/div>\n\t\t<\/section>\n\t\t\t\t<section class=\"elementor-section elementor-top-section elementor-element elementor-element-4d61e22f elementor-section-boxed elementor-section-height-default elementor-section-height-default\" data-id=\"4d61e22f\" data-element_type=\"section\" data-e-type=\"section\">\n\t\t\t\t\t\t<div class=\"elementor-container elementor-column-gap-default\">\n\t\t\t\t\t<div class=\"elementor-column elementor-col-100 elementor-top-column elementor-element elementor-element-597010cd\" data-id=\"597010cd\" data-element_type=\"column\" data-e-type=\"column\">\n\t\t\t<div class=\"elementor-widget-wrap elementor-element-populated\">\n\t\t\t\t\t\t<div class=\"elementor-element elementor-element-5b7e3702 elementor-widget elementor-widget-text-editor\" data-id=\"5b7e3702\" data-element_type=\"widget\" data-e-type=\"widget\" data-widget_type=\"text-editor.default\">\n\t\t\t\t<div class=\"elementor-widget-container\">\n\t\t\t\t\t\t\t\t\t<p>La nostra colazione a buffet \u00e8 a vostra disposizione\u00a0<strong>Disponibile dal luned\u00ec al venerd\u00ec dalle 7:00 alle 10:00 e nei fine settimana e nei giorni festivi dalle 8:00 alle 10:00.<\/strong><\/p><p>Sia che stiate pianificando un&#039;escursione attraverso il paesaggio pittoresco o semplicemente vogliate godervi la pace e la tranquillit\u00e0, con noi inizierete la giornata rafforzati e soddisfatti.<\/p>\t\t\t\t\t\t\t\t<\/div>\n\t\t\t\t<\/div>\n\t\t\t\t\t<\/div>\n\t\t<\/div>\n\t\t\t\t\t<\/div>\n\t\t<\/section>\n\t\t\t\t<section class=\"elementor-section elementor-top-section elementor-element elementor-element-4b7bb7c elementor-section-boxed elementor-section-height-default elementor-section-height-default\" data-id=\"4b7bb7c\" data-element_type=\"section\" data-e-type=\"section\">\n\t\t\t\t\t\t<div class=\"elementor-container elementor-column-gap-default\">\n\t\t\t\t\t<div class=\"elementor-column elementor-col-100 elementor-top-column elementor-element elementor-element-8a13f67\" data-id=\"8a13f67\" data-element_type=\"column\" data-e-type=\"column\">\n\t\t\t<div class=\"elementor-widget-wrap elementor-element-populated\">\n\t\t\t\t\t\t<div class=\"elementor-element elementor-element-2acacbd elementor-icon-list--layout-traditional elementor-list-item-link-full_width elementor-widget elementor-widget-icon-list\" data-id=\"2acacbd\" data-element_type=\"widget\" data-e-type=\"widget\" data-widget_type=\"icon-list.default\">\n\t\t\t\t<div class=\"elementor-widget-container\">\n\t\t\t\t\t\t\t<ul class=\"elementor-icon-list-items\">\n\t\t\t\t\t\t\t<li class=\"elementor-icon-list-item\">\n\t\t\t\t\t\t\t\t\t\t\t<span class=\"elementor-icon-list-icon\">\n\t\t\t\t\t\t\t<svg xmlns=\"http:\/\/www.w3.org\/2000\/svg\" id=\"Capa_1\" height=\"512\" viewbox=\"0 0 512 512\" width=\"512\"><g><path d=\"m200 370h-5v40c0 8.284-6.716 15-15 15s-15-6.716-15-15v-40h-50v40c0 8.284-6.716 15-15 15s-15-6.716-15-15v-40h-5c-44.183 0-80 35.817-80 80v32c0 16.569 13.431 30 30 30h220c16.569 0 30-13.431 30-30v-32c0-44.183-35.817-80-80-80z\"><\/path><path d=\"m457 250h-25v-15c0-8.284-6.716-15-15-15h-202c-8.284 0-15 6.716-15 15v45h257c13.785 0 25 11.215 25 25v50c0 13.785-11.215 25-25 25h-25v-70h-232v30c60.654 0 110 49.346 110 110v32c0 10.925-2.949 21.167-8.072 30h85.072c24.813 0 45-20.187 45-45v-57h25c30.327 0 55-24.673 55-55v-50c0-30.327-24.673-55-55-55z\"><\/path><path d=\"m347 190c8.284 0 15-6.716 15-15v-20c0-8.271 6.729-15 15-15 24.813 0 45-20.187 45-45s-20.187-45-45-45c-8.271 0-15-6.729-15-15v-20c0-8.284-6.716-15-15-15s-15 6.716-15 15v20c0 24.813 20.187 45 45 45 8.271 0 15 6.729 15 15s-6.729 15-15 15c-24.813 0-45 20.187-45 45v20c0 8.284 6.716 15 15 15z\"><\/path><path d=\"m247 190c8.284 0 15-6.716 15-15v-20c0-8.271 6.729-15 15-15 24.813 0 45-20.187 45-45s-20.187-45-45-45c-8.271 0-15-6.729-15-15v-20c0-8.284-6.716-15-15-15s-15 6.716-15 15v20c0 24.813 20.187 45 45 45 8.271 0 15 6.729 15 15s-6.729 15-15 15c-24.813 0-45 20.187-45 45v20c0 8.284 6.716 15 15 15z\"><\/path><\/g><\/svg>\t\t\t\t\t\t<\/span>\n\t\t\t\t\t\t\t\t\t\t<span class=\"elementor-icon-list-text\">La colazione del vignaiolo nel wine hotel<\/span>\n\t\t\t\t\t\t\t\t\t<\/li>\n\t\t\t\t\t\t<\/ul>\n\t\t\t\t\t\t<\/div>\n\t\t\t\t<\/div>\n\t\t\t\t\t<\/div>\n\t\t<\/div>\n\t\t\t\t\t<\/div>\n\t\t<\/section>\n\t\t\t\t<section class=\"elementor-section elementor-top-section elementor-element elementor-element-6eaea71 elementor-section-boxed elementor-section-height-default elementor-section-height-default\" data-id=\"6eaea71\" data-element_type=\"section\" data-e-type=\"section\">\n\t\t\t\t\t\t<div class=\"elementor-container elementor-column-gap-default\">\n\t\t\t\t\t<div class=\"elementor-column elementor-col-100 elementor-top-column elementor-element elementor-element-34ac773f\" data-id=\"34ac773f\" data-element_type=\"column\" data-e-type=\"column\">\n\t\t\t<div class=\"elementor-widget-wrap elementor-element-populated\">\n\t\t\t\t\t\t<div class=\"elementor-element elementor-element-4f705117 elementor-widget elementor-widget-text-editor\" data-id=\"4f705117\" data-element_type=\"widget\" data-e-type=\"widget\" data-widget_type=\"text-editor.default\">\n\t\t\t\t<div class=\"elementor-widget-container\">\n\t\t\t\t\t\t\t\t\t<p>Entrate nella nostra accogliente sala colazione e iniziate la giornata in una calda atmosfera con una ricca colazione a buffet.<\/p><p>L&#039;accurata selezione di specialit\u00e0 regionali comprende pane fresco del panificio vicino, marmellata, miele e muesli.<\/p><p>Vi aspettano anche piatti a base di uova appena preparati, speck croccante della Foresta Nera e tante altre prelibatezze che vi daranno l&#039;energia necessaria per la giornata.<\/p>\t\t\t\t\t\t\t\t<\/div>\n\t\t\t\t<\/div>\n\t\t\t\t\t<\/div>\n\t\t<\/div>\n\t\t\t\t\t<\/div>\n\t\t<\/section>\n\t\t\t\t<\/div>","protected":false},"excerpt":{"rendered":"<p>Fr\u00fchst\u00fcck Fr\u00fchst\u00fcckszeiten Unser Fr\u00fchst\u00fccksbuffet steht Ihnen\u00a0montags bis freitags von 7:00 bis 10:00 Uhr\u00a0und\u00a0am Wochenende und feiertags von 8:00 bis 10:00 Uhr\u00a0zur Verf\u00fcgung. Ob Sie eine Wanderung durch die malerische Landschaft planen oder einfach die Ruhe genie\u00dfen m\u00f6chten \u2013 bei uns starten Sie gest\u00e4rkt und zufrieden in den Tag. Das Winzerfr\u00fchst\u00fcck im Weinhotel Betreten Sie unseren [&hellip;]<\/p>\n","protected":false},"author":2,"featured_media":0,"parent":0,"menu_order":0,"comment_status":"closed","ping_status":"closed","template":"","meta":{"site-sidebar-layout":"no-sidebar","site-content-layout":"page-builder","ast-site-content-layout":"default","site-content-style":"default","site-sidebar-style":"default","ast-global-header-display":"","ast-banner-title-visibility":"","ast-main-header-display":"","ast-hfb-above-header-display":"","ast-hfb-below-header-display":"","ast-hfb-mobile-header-display":"","site-post-title":"disabled","ast-breadcrumbs-content":"","ast-featured-img":"disabled","footer-sml-layout":"","ast-disable-related-posts":"","theme-transparent-header-meta":"","adv-header-id-meta":"","stick-header-meta":"","header-above-stick-meta":"","header-main-stick-meta":"","header-below-stick-meta":"","astra-migrate-meta-layouts":"default","ast-page-background-enabled":"default","ast-page-background-meta":{"desktop":{"background-color":"var(--ast-global-color-4)","background-image":"","background-repeat":"repeat","background-position":"center center","background-size":"auto","background-attachment":"scroll","background-type":"","background-media":"","overlay-type":"","overlay-color":"","overlay-opacity":"","overlay-gradient":""},"tablet":{"background-color":"","background-image":"","background-repeat":"repeat","background-position":"center center","background-size":"auto","background-attachment":"scroll","background-type":"","background-media":"","overlay-type":"","overlay-color":"","overlay-opacity":"","overlay-gradient":""},"mobile":{"background-color":"","background-image":"","background-repeat":"repeat","background-position":"center center","background-size":"auto","background-attachment":"scroll","background-type":"","background-media":"","overlay-type":"","overlay-color":"","overlay-opacity":"","overlay-gradient":""}},"ast-content-background-meta":{"desktop":{"background-color":"var(--ast-global-color-5)","background-image":"","background-repeat":"repeat","background-position":"center center","background-size":"auto","background-attachment":"scroll","background-type":"","background-media":"","overlay-type":"","overlay-color":"","overlay-opacity":"","overlay-gradient":""},"tablet":{"background-color":"var(--ast-global-color-5)","background-image":"","background-repeat":"repeat","background-position":"center center","background-size":"auto","background-attachment":"scroll","background-type":"","background-media":"","overlay-type":"","overlay-color":"","overlay-opacity":"","overlay-gradient":""},"mobile":{"background-color":"var(--ast-global-color-5)","background-image":"","background-repeat":"repeat","background-position":"center center","background-size":"auto","background-attachment":"scroll","background-type":"","background-media":"","overlay-type":"","overlay-color":"","overlay-opacity":"","overlay-gradient":""}},"_glsr_average":0,"_glsr_ranking":0,"_glsr_reviews":0,"footnotes":""},"class_list":["post-5841","page","type-page","status-publish","hentry"],"_links":{"self":[{"href":"https:\/\/pfefferundsalz.gaeste-mappe.de\/it\/wp-json\/wp\/v2\/pages\/5841","targetHints":{"allow":["GET"]}}],"collection":[{"href":"https:\/\/pfefferundsalz.gaeste-mappe.de\/it\/wp-json\/wp\/v2\/pages"}],"about":[{"href":"https:\/\/pfefferundsalz.gaeste-mappe.de\/it\/wp-json\/wp\/v2\/types\/page"}],"author":[{"embeddable":true,"href":"https:\/\/pfefferundsalz.gaeste-mappe.de\/it\/wp-json\/wp\/v2\/users\/2"}],"replies":[{"embeddable":true,"href":"https:\/\/pfefferundsalz.gaeste-mappe.de\/it\/wp-json\/wp\/v2\/comments?post=5841"}],"version-history":[{"count":101,"href":"https:\/\/pfefferundsalz.gaeste-mappe.de\/it\/wp-json\/wp\/v2\/pages\/5841\/revisions"}],"predecessor-version":[{"id":12189,"href":"https:\/\/pfefferundsalz.gaeste-mappe.de\/it\/wp-json\/wp\/v2\/pages\/5841\/revisions\/12189"}],"wp:attachment":[{"href":"https:\/\/pfefferundsalz.gaeste-mappe.de\/it\/wp-json\/wp\/v2\/media?parent=5841"}],"curies":[{"name":"wp","href":"https:\/\/api.w.org\/{rel}","templated":true}]}}