{"id":349,"date":"2021-11-02T12:00:25","date_gmt":"2021-11-02T12:00:25","guid":{"rendered":"https:\/\/demo.zorentino.com\/?page_id=349"},"modified":"2024-10-07T12:10:45","modified_gmt":"2024-10-07T12:10:45","slug":"wilkommen","status":"publish","type":"page","link":"https:\/\/pfefferundsalz.gaeste-mappe.de\/nl\/wilkommen\/","title":{"rendered":"Welkom"},"content":{"rendered":"<div data-elementor-type=\"wp-page\" data-elementor-id=\"349\" class=\"elementor elementor-349\" data-elementor-post-type=\"page\">\n\t\t\t\t\t\t<section class=\"elementor-section elementor-top-section elementor-element elementor-element-5d7cb632 elementor-section-boxed elementor-section-height-default elementor-section-height-default\" data-id=\"5d7cb632\" data-element_type=\"section\" data-e-type=\"section\" data-settings=\"{&quot;background_background&quot;:&quot;classic&quot;}\">\n\t\t\t\t\t\t<div class=\"elementor-container elementor-column-gap-default\">\n\t\t\t\t\t<div class=\"elementor-column elementor-col-100 elementor-top-column elementor-element elementor-element-349c0488\" data-id=\"349c0488\" data-element_type=\"column\" data-e-type=\"column\" data-settings=\"{&quot;background_background&quot;:&quot;classic&quot;}\">\n\t\t\t<div class=\"elementor-widget-wrap elementor-element-populated\">\n\t\t\t\t\t\t<div class=\"elementor-element elementor-element-535e3e9d elementor-icon-list--layout-traditional elementor-list-item-link-full_width elementor-widget elementor-widget-icon-list\" data-id=\"535e3e9d\" data-element_type=\"widget\" data-e-type=\"widget\" data-widget_type=\"icon-list.default\">\n\t\t\t\t<div class=\"elementor-widget-container\">\n\t\t\t\t\t\t\t<ul class=\"elementor-icon-list-items\">\n\t\t\t\t\t\t\t<li class=\"elementor-icon-list-item\">\n\t\t\t\t\t\t\t\t\t\t\t<span class=\"elementor-icon-list-icon\">\n\t\t\t\t\t\t\t<svg xmlns=\"http:\/\/www.w3.org\/2000\/svg\" xmlns:xlink=\"http:\/\/www.w3.org\/1999\/xlink\" id=\"Layer_1\" x=\"0px\" y=\"0px\" viewbox=\"0 0 511.999 511.999\" style=\"enable-background:new 0 0 511.999 511.999;\" xml:space=\"preserve\"><g>\t<g>\t\t<g>\t\t\t<path d=\"M466.467,86.576h-13.699c0-77.128-107.328-77.208-107.328,0h-178.88c0-77.128-107.328-77.208-107.328,0h-13.7    C20.426,86.576,0,107.002,0,132.109v185.046c0,25.107,20.426,45.533,45.533,45.533h13.699v101.096    c0,10.777,8.737,19.514,19.514,19.514h68.299c10.777,0,19.514-8.737,19.514-19.514V362.688h178.88v101.096    c0,10.777,8.737,19.514,19.514,19.514h68.299c10.777,0,19.514-8.737,19.514-19.514V362.688h13.699    c25.107,0,45.533-20.426,45.533-45.533V132.109C512,107.002,491.573,86.576,466.467,86.576z M413.739,86.576h-29.271    C384.467,61.259,413.739,60.914,413.739,86.576z M127.531,86.576H98.26C98.26,61.259,127.531,60.914,127.531,86.576z     M127.531,444.27H98.26v-81.582h29.271V444.27z M413.739,444.27h-29.271v-81.582h29.271V444.27z M472.972,317.155    c0,3.587-2.918,6.505-6.505,6.505c-4.763,0-416.33,0-420.934,0c-3.587,0-6.505-2.918-6.505-6.505V132.109    c0-3.587,2.918-6.505,6.505-6.505c8.673,0,415.831,0,420.934,0c3.587,0,6.505,2.918,6.505,6.505V317.155z\"><\/path>\t\t\t<path d=\"M120.652,192.517l-12.528,42.282l-6.511-27.858c-0.997-4.49-11.365-4.493-12.363,0l-6.511,27.858l-12.528-42.282    c-1.445-5.052-13.979-1.291-12.281,3.791l16.402,50.276c1.838,5.854,15.54,5.569,16.813,0l4.287-19.534l4.285,19.534    c1.255,5.491,14.779,5.935,16.815,0l16.401-50.276C134.612,191.207,122.091,187.477,120.652,192.517z\"><\/path>\t\t\t<path d=\"M179.343,201.335c5.093,0,5.258-11.209,0-11.209h-29.341c-2.804,0-5.606,1.319-5.606,3.956v52.337    c0,2.637,2.804,3.956,5.606,3.956h29.341c5.255,0,5.096-11.209,0-11.209h-22.089v-14.011h12.363c5.24,0,5.083-9.891,0-9.891    h-12.363v-13.929H179.343z\"><\/path>\t\t\t<path d=\"M227.064,239.166h-18.791V194c0-2.72-3.213-3.874-6.429-3.874c-3.213,0-6.428,1.154-6.428,3.874v52.419    c0,2.637,2.804,3.956,5.606,3.956h26.042C232.01,250.375,232.01,239.166,227.064,239.166z\"><\/path>\t\t\t<path d=\"M261.275,201.336c7.006,0,7.251,5.274,7.336,7.417c0.164,2.967,2.967,3.874,6.429,3.874c4.367,0,6.428-1.154,6.428-6.099    c0-20.607-40.468-24.734-40.468,3.049v21.842c0,27.724,40.468,24.001,40.468,2.226c0-4.945-2.061-6.099-6.511-6.099    c-3.297,0-6.1,0.825-6.347,3.874c-0.246,3.215-0.66,8.241-7.253,8.241c-4.78,0-7.5-2.637-7.5-8.241v-21.841    C253.857,203.973,256.577,201.336,261.275,201.336z\"><\/path>\t\t\t<path d=\"M314.111,190.126c-11.375,0-20.195,5.275-20.195,19.452v21.842c0,14.176,8.819,19.45,20.195,19.452    c11.373,0,20.275-5.275,20.275-19.452v-21.842C334.386,195.401,325.484,190.126,314.111,190.126z M321.526,231.419    c0,5.686-2.801,8.241-7.417,8.241c-4.616,0-7.336-2.555-7.336-8.241v-21.842c0-5.688,2.72-8.243,7.336-8.243    c4.616,0,7.417,2.555,7.417,8.243V231.419z\"><\/path>\t\t\t<path d=\"M392.577,190.127c-4.617,0-6.593,0.493-9.973,6.428l-8.489,14.836l-8.49-14.836c-3.379-5.934-5.357-6.428-9.972-6.428    c-3.215,0-6.429,1.73-6.429,6.428v49.865c0,5.275,12.859,5.275,12.859,0v-31.733l7.829,14.342c1.73,3.32,6.483,3.116,8.323,0    l7.911-13.517v30.908c0,5.275,12.859,5.275,12.859,0v-49.865C399.005,191.858,395.873,190.127,392.577,190.127z\"><\/path>\t\t\t<path d=\"M449.452,201.335c5.094,0,5.256-11.209,0-11.209h-29.341c-2.804,0-5.606,1.319-5.606,3.956v52.337    c0,2.637,2.804,3.956,5.606,3.956h29.341c5.255,0,5.096-11.209,0-11.209h-22.089v-14.011h12.363c5.24,0,5.083-9.891,0-9.891    h-12.363v-13.929H449.452z\"><\/path>\t\t<\/g>\t<\/g><\/g><g><\/g><g><\/g><g><\/g><g><\/g><g><\/g><g><\/g><g><\/g><g><\/g><g><\/g><g><\/g><g><\/g><g><\/g><g><\/g><g><\/g><g><\/g><\/svg>\t\t\t\t\t\t<\/span>\n\t\t\t\t\t\t\t\t\t\t<span class=\"elementor-icon-list-text\">Welkom <\/span>\n\t\t\t\t\t\t\t\t\t<\/li>\n\t\t\t\t\t\t<\/ul>\n\t\t\t\t\t\t<\/div>\n\t\t\t\t<\/div>\n\t\t\t\t\t<\/div>\n\t\t<\/div>\n\t\t\t\t\t<\/div>\n\t\t<\/section>\n\t\t\t\t<section class=\"elementor-section elementor-top-section elementor-element elementor-element-1b849c07 elementor-section-boxed elementor-section-height-default elementor-section-height-default\" data-id=\"1b849c07\" data-element_type=\"section\" data-e-type=\"section\">\n\t\t\t\t\t\t<div class=\"elementor-container elementor-column-gap-default\">\n\t\t\t\t\t<div class=\"elementor-column elementor-col-50 elementor-top-column elementor-element elementor-element-32696e46\" data-id=\"32696e46\" data-element_type=\"column\" data-e-type=\"column\">\n\t\t\t<div class=\"elementor-widget-wrap elementor-element-populated\">\n\t\t\t\t\t\t<div class=\"elementor-element elementor-element-9b0665b elementor-widget__width-initial elementor-widget elementor-widget-image\" data-id=\"9b0665b\" data-element_type=\"widget\" data-e-type=\"widget\" data-widget_type=\"image.default\">\n\t\t\t\t<div class=\"elementor-widget-container\">\n\t\t\t\t\t\t\t\t\t\t\t\t<figure class=\"wp-caption\">\n\t\t\t\t\t\t\t\t\t\t<img fetchpriority=\"high\" decoding=\"async\" width=\"1024\" height=\"683\" src=\"https:\/\/pfefferundsalz.gaeste-mappe.de\/wp-content\/uploads\/2024\/10\/Ihre-Gastgeber-1024x683.jpg\" class=\"attachment-large size-large wp-image-12353\" alt=\"\" srcset=\"https:\/\/pfefferundsalz.gaeste-mappe.de\/wp-content\/uploads\/2024\/10\/Ihre-Gastgeber-1024x683.jpg 1024w, https:\/\/pfefferundsalz.gaeste-mappe.de\/wp-content\/uploads\/2024\/10\/Ihre-Gastgeber-300x200.jpg 300w, https:\/\/pfefferundsalz.gaeste-mappe.de\/wp-content\/uploads\/2024\/10\/Ihre-Gastgeber-768x512.jpg 768w, https:\/\/pfefferundsalz.gaeste-mappe.de\/wp-content\/uploads\/2024\/10\/Ihre-Gastgeber-18x12.jpg 18w, https:\/\/pfefferundsalz.gaeste-mappe.de\/wp-content\/uploads\/2024\/10\/Ihre-Gastgeber.jpg 1200w\" sizes=\"(max-width: 1024px) 100vw, 1024px\" \/>\t\t\t\t\t\t\t\t\t\t\t<figcaption class=\"widget-image-caption wp-caption-text\">Julia en Simon Huber<\/figcaption>\n\t\t\t\t\t\t\t\t\t\t<\/figure>\n\t\t\t\t\t\t\t\t\t<\/div>\n\t\t\t\t<\/div>\n\t\t\t\t\t<\/div>\n\t\t<\/div>\n\t\t\t\t<div class=\"elementor-column elementor-col-50 elementor-top-column elementor-element elementor-element-6d2482b\" data-id=\"6d2482b\" data-element_type=\"column\" data-e-type=\"column\">\n\t\t\t<div class=\"elementor-widget-wrap elementor-element-populated\">\n\t\t\t\t\t\t<div class=\"elementor-element elementor-element-4a68f74 elementor-widget elementor-widget-text-editor\" data-id=\"4a68f74\" data-element_type=\"widget\" data-e-type=\"widget\" data-widget_type=\"text-editor.default\">\n\t\t\t\t<div class=\"elementor-widget-container\">\n\t\t\t\t\t\t\t\t\t<p>Wij kijken ernaar uit u als gast te mogen verwelkomen in het Weinhotel Pfeffer &amp; Salz.<\/p><p>Ons idyllisch gelegen huis aan de rand van Gengenbach, een van de mooiste steden van Duitsland met zijn hoekjes en steegjes, torens en poorten, biedt u maximaal genieten, ontspanning en natuur.<\/p><p>Hier vindt u een door een familie gerund hotel, restaurant en wijnmakerij onder \u00e9\u00e9n dak. In alles wat wij voor u doen, willen wij de toekomst en de lokale identiteit combineren. In ons huis vindt u traditie en moderniteit in de ontmoeting van Zwarte Woud-huis en moderne uitbreiding, waarin de lokale architectuur een nieuwe interpretatie vindt in stijlvolle wijnarchitectuur.<\/p><p>Wij willen dat u zich volledig op uw gemak voelt. Met de digitale gastengids ontvangt u van ons insidertips en informatie over uw verblijf. Als u vragen heeft, kunt u altijd bij ons langskomen bij de receptie.<\/p><p>Wij wensen u een onvergetelijk verblijf met veel plezier!<\/p><p>Jouw familie Huber &amp; het hele peper- en zoutteam<\/p>\t\t\t\t\t\t\t\t<\/div>\n\t\t\t\t<\/div>\n\t\t\t\t\t<\/div>\n\t\t<\/div>\n\t\t\t\t\t<\/div>\n\t\t<\/section>\n\t\t\t\t<section class=\"elementor-section elementor-top-section elementor-element elementor-element-c1d9d78 elementor-section-boxed elementor-section-height-default elementor-section-height-default\" data-id=\"c1d9d78\" data-element_type=\"section\" data-e-type=\"section\">\n\t\t\t\t\t\t<div class=\"elementor-container elementor-column-gap-default\">\n\t\t\t\t\t<div class=\"elementor-column elementor-col-100 elementor-top-column elementor-element elementor-element-fd0a321\" data-id=\"fd0a321\" data-element_type=\"column\" data-e-type=\"column\">\n\t\t\t<div class=\"elementor-widget-wrap elementor-element-populated\">\n\t\t\t\t\t\t<div class=\"elementor-element elementor-element-a99f892 elementor-icon-list--layout-traditional elementor-list-item-link-full_width elementor-widget elementor-widget-icon-list\" data-id=\"a99f892\" data-element_type=\"widget\" data-e-type=\"widget\" data-widget_type=\"icon-list.default\">\n\t\t\t\t<div class=\"elementor-widget-container\">\n\t\t\t\t\t\t\t<ul class=\"elementor-icon-list-items\">\n\t\t\t\t\t\t\t<li class=\"elementor-icon-list-item\">\n\t\t\t\t\t\t\t\t\t\t\t<span class=\"elementor-icon-list-icon\">\n\t\t\t\t\t\t\t<svg xmlns=\"http:\/\/www.w3.org\/2000\/svg\" id=\"Glyph\" height=\"512\" viewbox=\"0 0 32 32\" width=\"512\"><path d=\"m12 9v-6c0-.552.448-1 1-1h6c.552 0 1 .448 1 1v6c0 .552-.448 1-1 1h-6c-.552 0-1-.448-1-1z\"><\/path><path d=\"m12 19v-6c0-.552.448-1 1-1h6c.552 0 1 .448 1 1v6c0 .552-.448 1-1 1h-6c-.552 0-1-.448-1-1z\"><\/path><path d=\"m12 29v-6c0-.552.448-1 1-1h6c.552 0 1 .448 1 1v6c0 .552-.448 1-1 1h-6c-.552 0-1-.448-1-1z\"><\/path><path d=\"m2 9v-6c0-.552.448-1 1-1h6c.552 0 1 .448 1 1v6c0 .552-.448 1-1 1h-6c-.552 0-1-.448-1-1z\"><\/path><path d=\"m2 19v-6c0-.552.448-1 1-1h6c.552 0 1 .448 1 1v6c0 .552-.448 1-1 1h-6c-.552 0-1-.448-1-1z\"><\/path><path d=\"m2 29v-6c0-.552.448-1 1-1h6c.552 0 1 .448 1 1v6c0 .552-.448 1-1 1h-6c-.552 0-1-.448-1-1z\"><\/path><path d=\"m30 3v6c0 .552-.448 1-1 1h-6c-.552 0-1-.448-1-1v-6c0-.552.448-1 1-1h6c.552 0 1 .448 1 1z\"><\/path><path d=\"m30 13v6c0 .552-.448 1-1 1h-6c-.552 0-1-.448-1-1v-6c0-.552.448-1 1-1h6c.552 0 1 .448 1 1z\"><\/path><path d=\"m30 23v6c0 .552-.448 1-1 1h-6c-.552 0-1-.448-1-1v-6c0-.552.448-1 1-1h6c.552 0 1 .448 1 1z\"><\/path><\/svg>\t\t\t\t\t\t<\/span>\n\t\t\t\t\t\t\t\t\t\t<span class=\"elementor-icon-list-text\">Ga snel terug naar het overzicht<\/span>\n\t\t\t\t\t\t\t\t\t<\/li>\n\t\t\t\t\t\t<\/ul>\n\t\t\t\t\t\t<\/div>\n\t\t\t\t<\/div>\n\t\t\t\t\t<\/div>\n\t\t<\/div>\n\t\t\t\t\t<\/div>\n\t\t<\/section>\n\t\t\t\t<section class=\"elementor-section elementor-top-section elementor-element elementor-element-6e18e48 elementor-section-boxed elementor-section-height-default elementor-section-height-default\" data-id=\"6e18e48\" data-element_type=\"section\" data-e-type=\"section\">\n\t\t\t\t\t\t<div class=\"elementor-container elementor-column-gap-default\">\n\t\t\t\t\t<div class=\"elementor-column elementor-col-50 elementor-top-column elementor-element elementor-element-b3b21ca\" data-id=\"b3b21ca\" data-element_type=\"column\" data-e-type=\"column\">\n\t\t\t<div class=\"elementor-widget-wrap elementor-element-populated\">\n\t\t\t\t\t\t<div class=\"elementor-element elementor-element-8e6e7b2 elementor-widget elementor-widget-image\" data-id=\"8e6e7b2\" data-element_type=\"widget\" data-e-type=\"widget\" data-widget_type=\"image.default\">\n\t\t\t\t<div class=\"elementor-widget-container\">\n\t\t\t\t\t\t\t\t\t\t\t\t\t\t\t\t<a href=\"https:\/\/pfefferundsalz.gaeste-mappe.de\/nl\/\">\n\t\t\t\t\t\t\t<img decoding=\"async\" width=\"300\" height=\"300\" src=\"https:\/\/pfefferundsalz.gaeste-mappe.de\/wp-content\/uploads\/2023\/03\/logo-rund-2.svg\" class=\"attachment-full size-full wp-image-11958\" alt=\"\" \/>\t\t\t\t\t\t\t\t<\/a>\n\t\t\t\t\t\t\t\t\t\t\t\t\t\t\t<\/div>\n\t\t\t\t<\/div>\n\t\t\t\t\t<\/div>\n\t\t<\/div>\n\t\t\t\t<div class=\"elementor-column elementor-col-50 elementor-top-column elementor-element elementor-element-5325011\" data-id=\"5325011\" data-element_type=\"column\" data-e-type=\"column\">\n\t\t\t<div class=\"elementor-widget-wrap elementor-element-populated\">\n\t\t\t\t\t\t<div class=\"elementor-element elementor-element-a12c3b2 elementor-widget elementor-widget-text-editor\" data-id=\"a12c3b2\" data-element_type=\"widget\" data-e-type=\"widget\" data-widget_type=\"text-editor.default\">\n\t\t\t\t<div class=\"elementor-widget-container\">\n\t\t\t\t\t\t\t\t\t<p>Op iedere pagina vindt u dit symbool of ons logo linksboven en helemaal onderaan in de footer. Nadat u op dit symbool of het logo heeft geklikt, komt u terug op de overzichtspagina met alle onderwerpen<\/p>\t\t\t\t\t\t\t\t<\/div>\n\t\t\t\t<\/div>\n\t\t\t\t\t<\/div>\n\t\t<\/div>\n\t\t\t\t\t<\/div>\n\t\t<\/section>\n\t\t\t\t<\/div>","protected":false},"excerpt":{"rendered":"<p>Willkommen Julia &amp; Simon Huber Wir freuen uns Sie als G\u00e4ste im Weinhotel Pfeffer &amp; Salz begr\u00fc\u00dfen zu d\u00fcrfen. Unser idyllisch gelegenes Haus am Rande von Gengenbach, eine der mit Ihren Winkeln und Gassen, T\u00fcrmen und Toren sch\u00f6nsten St\u00e4dten Deutschlands, bietet Ihnen ein Maximum an Genuss, Entspannung und Natur. Hier befinden sich Hotel, Restaurant und [&hellip;]<\/p>\n","protected":false},"author":2,"featured_media":0,"parent":0,"menu_order":0,"comment_status":"closed","ping_status":"closed","template":"","meta":{"site-sidebar-layout":"no-sidebar","site-content-layout":"page-builder","ast-site-content-layout":"default","site-content-style":"default","site-sidebar-style":"default","ast-global-header-display":"","ast-banner-title-visibility":"","ast-main-header-display":"","ast-hfb-above-header-display":"","ast-hfb-below-header-display":"","ast-hfb-mobile-header-display":"","site-post-title":"disabled","ast-breadcrumbs-content":"","ast-featured-img":"disabled","footer-sml-layout":"","ast-disable-related-posts":"","theme-transparent-header-meta":"","adv-header-id-meta":"","stick-header-meta":"","header-above-stick-meta":"","header-main-stick-meta":"","header-below-stick-meta":"","astra-migrate-meta-layouts":"default","ast-page-background-enabled":"default","ast-page-background-meta":{"desktop":{"background-color":"var(--ast-global-color-4)","background-image":"","background-repeat":"repeat","background-position":"center center","background-size":"auto","background-attachment":"scroll","background-type":"","background-media":"","overlay-type":"","overlay-color":"","overlay-opacity":"","overlay-gradient":""},"tablet":{"background-color":"","background-image":"","background-repeat":"repeat","background-position":"center center","background-size":"auto","background-attachment":"scroll","background-type":"","background-media":"","overlay-type":"","overlay-color":"","overlay-opacity":"","overlay-gradient":""},"mobile":{"background-color":"","background-image":"","background-repeat":"repeat","background-position":"center center","background-size":"auto","background-attachment":"scroll","background-type":"","background-media":"","overlay-type":"","overlay-color":"","overlay-opacity":"","overlay-gradient":""}},"ast-content-background-meta":{"desktop":{"background-color":"var(--ast-global-color-5)","background-image":"","background-repeat":"repeat","background-position":"center center","background-size":"auto","background-attachment":"scroll","background-type":"","background-media":"","overlay-type":"","overlay-color":"","overlay-opacity":"","overlay-gradient":""},"tablet":{"background-color":"var(--ast-global-color-5)","background-image":"","background-repeat":"repeat","background-position":"center center","background-size":"auto","background-attachment":"scroll","background-type":"","background-media":"","overlay-type":"","overlay-color":"","overlay-opacity":"","overlay-gradient":""},"mobile":{"background-color":"var(--ast-global-color-5)","background-image":"","background-repeat":"repeat","background-position":"center center","background-size":"auto","background-attachment":"scroll","background-type":"","background-media":"","overlay-type":"","overlay-color":"","overlay-opacity":"","overlay-gradient":""}},"_glsr_average":0,"_glsr_ranking":0,"_glsr_reviews":0,"footnotes":""},"class_list":["post-349","page","type-page","status-publish","hentry"],"_links":{"self":[{"href":"https:\/\/pfefferundsalz.gaeste-mappe.de\/nl\/wp-json\/wp\/v2\/pages\/349","targetHints":{"allow":["GET"]}}],"collection":[{"href":"https:\/\/pfefferundsalz.gaeste-mappe.de\/nl\/wp-json\/wp\/v2\/pages"}],"about":[{"href":"https:\/\/pfefferundsalz.gaeste-mappe.de\/nl\/wp-json\/wp\/v2\/types\/page"}],"author":[{"embeddable":true,"href":"https:\/\/pfefferundsalz.gaeste-mappe.de\/nl\/wp-json\/wp\/v2\/users\/2"}],"replies":[{"embeddable":true,"href":"https:\/\/pfefferundsalz.gaeste-mappe.de\/nl\/wp-json\/wp\/v2\/comments?post=349"}],"version-history":[{"count":86,"href":"https:\/\/pfefferundsalz.gaeste-mappe.de\/nl\/wp-json\/wp\/v2\/pages\/349\/revisions"}],"predecessor-version":[{"id":12384,"href":"https:\/\/pfefferundsalz.gaeste-mappe.de\/nl\/wp-json\/wp\/v2\/pages\/349\/revisions\/12384"}],"wp:attachment":[{"href":"https:\/\/pfefferundsalz.gaeste-mappe.de\/nl\/wp-json\/wp\/v2\/media?parent=349"}],"curies":[{"name":"wp","href":"https:\/\/api.w.org\/{rel}","templated":true}]}}