{"id":361,"date":"2021-11-02T12:03:12","date_gmt":"2021-11-02T12:03:12","guid":{"rendered":"https:\/\/demo.zorentino.com\/?page_id=361"},"modified":"2024-10-06T11:31:42","modified_gmt":"2024-10-06T11:31:42","slug":"check-in-out","status":"publish","type":"page","link":"https:\/\/pfefferundsalz.gaeste-mappe.de\/nl\/check-in-out\/","title":{"rendered":"In- en uitchecken"},"content":{"rendered":"<div data-elementor-type=\"wp-page\" data-elementor-id=\"361\" class=\"elementor elementor-361\" data-elementor-post-type=\"page\">\n\t\t\t\t\t\t<section class=\"elementor-section elementor-top-section elementor-element elementor-element-4d5ad368 elementor-section-boxed elementor-section-height-default elementor-section-height-default\" data-id=\"4d5ad368\" data-element_type=\"section\" data-e-type=\"section\" data-settings=\"{&quot;background_background&quot;:&quot;classic&quot;}\">\n\t\t\t\t\t\t<div class=\"elementor-container elementor-column-gap-default\">\n\t\t\t\t\t<div class=\"elementor-column elementor-col-100 elementor-top-column elementor-element elementor-element-ba981dc\" data-id=\"ba981dc\" data-element_type=\"column\" data-e-type=\"column\">\n\t\t\t<div class=\"elementor-widget-wrap elementor-element-populated\">\n\t\t\t\t\t\t<div class=\"elementor-element elementor-element-2a159ae kopf elementor-icon-list--layout-traditional elementor-list-item-link-full_width elementor-widget elementor-widget-icon-list\" data-id=\"2a159ae\" data-element_type=\"widget\" data-e-type=\"widget\" data-widget_type=\"icon-list.default\">\n\t\t\t\t<div class=\"elementor-widget-container\">\n\t\t\t\t\t\t\t<ul class=\"elementor-icon-list-items\">\n\t\t\t\t\t\t\t<li class=\"elementor-icon-list-item\">\n\t\t\t\t\t\t\t\t\t\t\t<span class=\"elementor-icon-list-icon\">\n\t\t\t\t\t\t\t<i aria-hidden=\"true\" class=\"fas fa-key\"><\/i>\t\t\t\t\t\t<\/span>\n\t\t\t\t\t\t\t\t\t\t<span class=\"elementor-icon-list-text\">In- en uitchecken<\/span>\n\t\t\t\t\t\t\t\t\t<\/li>\n\t\t\t\t\t\t<\/ul>\n\t\t\t\t\t\t<\/div>\n\t\t\t\t<\/div>\n\t\t\t\t<div class=\"elementor-element elementor-element-b69d4a4 elementor-widget-divider--view-line elementor-widget elementor-widget-divider\" data-id=\"b69d4a4\" data-element_type=\"widget\" data-e-type=\"widget\" data-widget_type=\"divider.default\">\n\t\t\t\t<div class=\"elementor-widget-container\">\n\t\t\t\t\t\t\t<div class=\"elementor-divider\">\n\t\t\t<span class=\"elementor-divider-separator\">\n\t\t\t\t\t\t<\/span>\n\t\t<\/div>\n\t\t\t\t\t\t<\/div>\n\t\t\t\t<\/div>\n\t\t\t\t\t<\/div>\n\t\t<\/div>\n\t\t\t\t\t<\/div>\n\t\t<\/section>\n\t\t\t\t<section class=\"elementor-section elementor-top-section elementor-element elementor-element-731ba557 elementor-section-boxed elementor-section-height-default elementor-section-height-default\" data-id=\"731ba557\" data-element_type=\"section\" data-e-type=\"section\">\n\t\t\t\t\t\t<div class=\"elementor-container elementor-column-gap-default\">\n\t\t\t\t\t<div class=\"elementor-column elementor-col-100 elementor-top-column elementor-element elementor-element-3b597dbe\" data-id=\"3b597dbe\" data-element_type=\"column\" data-e-type=\"column\">\n\t\t\t<div class=\"elementor-widget-wrap elementor-element-populated\">\n\t\t\t\t\t\t<div class=\"elementor-element elementor-element-713efff elementor-icon-list--layout-traditional elementor-list-item-link-full_width elementor-widget elementor-widget-icon-list\" data-id=\"713efff\" data-element_type=\"widget\" data-e-type=\"widget\" data-widget_type=\"icon-list.default\">\n\t\t\t\t<div class=\"elementor-widget-container\">\n\t\t\t\t\t\t\t<ul class=\"elementor-icon-list-items\">\n\t\t\t\t\t\t\t<li class=\"elementor-icon-list-item\">\n\t\t\t\t\t\t\t\t\t\t\t<span class=\"elementor-icon-list-icon\">\n\t\t\t\t\t\t\t<svg xmlns=\"http:\/\/www.w3.org\/2000\/svg\" id=\"Capa_1\" height=\"512\" viewbox=\"0 0 512 512\" width=\"512\"><g><g><path d=\"m498.584 154.956-225.997-149.954c-10.052-6.67-23.121-6.67-33.173 0l-225.998 149.954c-13.805 9.16-17.571 27.778-8.411 41.583 9.161 13.806 27.779 17.57 41.584 8.411l209.411-138.947 209.41 138.948c5.103 3.386 10.862 5.006 16.559 5.006 9.716 0 19.251-4.714 25.025-13.417 9.161-13.806 5.395-32.424-8.41-41.584z\"><\/path><\/g><g><path d=\"m268.502 313.874c7.08-19.934 2.033-42.437-12.857-57.327-10.388-10.388-24.2-16.109-38.891-16.109s-28.503 5.722-38.891 16.109c-10.388 10.388-16.109 24.199-16.109 38.891 0 14.69 5.721 28.502 16.109 38.891 14.891 14.89 37.394 19.938 57.328 12.858 1.639-.582 3.336-.865 5.018-.865 3.913 0 7.747 1.531 10.609 4.394l84.004 84.003 15.425-3.085v-23.916l-78.216-78.218c-4.093-4.091-5.466-10.173-3.529-15.626zm-41.141-21.973-14.142 14.143c-2.929 2.929-6.768 4.394-10.607 4.394s-7.677-1.464-10.606-4.394c-5.858-5.857-5.858-15.354 0-21.213l14.142-14.143c5.858-5.857 15.355-5.859 21.213 0 5.857 5.857 5.857 15.354 0 21.213z\"><\/path><path d=\"m476 482h-25v-250.608l-195-129.386-195 129.387v250.607h-25c-8.284 0-15 6.716-15 15s6.716 15 15 15h440c8.284 0 15-6.716 15-15s-6.716-15-15-15zm-95.754-38.071c0 7.15-5.047 13.307-12.058 14.709l-35.355 7.071c-.979.195-1.964.291-2.942.291-3.938 0-7.766-1.553-10.606-4.394l-83.424-83.423c-28.272 6.482-58.493-1.925-79.211-22.644-16.054-16.055-24.896-37.399-24.896-60.104s8.842-44.05 24.896-60.104c16.054-16.055 37.399-24.896 60.104-24.896 22.704 0 44.05 8.842 60.104 24.896 20.719 20.719 29.125 50.94 22.643 79.211l76.352 76.353c2.813 2.813 4.394 6.628 4.394 10.606v42.428z\"><\/path><\/g><\/g><\/svg>\t\t\t\t\t\t<\/span>\n\t\t\t\t\t\t\t\t\t\t<span class=\"elementor-icon-list-text\">Inchecken<\/span>\n\t\t\t\t\t\t\t\t\t<\/li>\n\t\t\t\t\t\t<\/ul>\n\t\t\t\t\t\t<\/div>\n\t\t\t\t<\/div>\n\t\t\t\t\t<\/div>\n\t\t<\/div>\n\t\t\t\t\t<\/div>\n\t\t<\/section>\n\t\t\t\t<section class=\"elementor-section elementor-top-section elementor-element elementor-element-2e25c835 elementor-section-boxed elementor-section-height-default elementor-section-height-default\" data-id=\"2e25c835\" data-element_type=\"section\" data-e-type=\"section\">\n\t\t\t\t\t\t<div class=\"elementor-container elementor-column-gap-default\">\n\t\t\t\t\t<div class=\"elementor-column elementor-col-100 elementor-top-column elementor-element elementor-element-6e221eec\" data-id=\"6e221eec\" data-element_type=\"column\" data-e-type=\"column\">\n\t\t\t<div class=\"elementor-widget-wrap elementor-element-populated\">\n\t\t\t\t\t\t<div class=\"elementor-element elementor-element-1643a603 elementor-widget elementor-widget-text-editor\" data-id=\"1643a603\" data-element_type=\"widget\" data-e-type=\"widget\" data-widget_type=\"text-editor.default\">\n\t\t\t\t<div class=\"elementor-widget-container\">\n\t\t\t\t\t\t\t\t\t<p>Op de dag van aankomst is de kamer vanaf 14.00 uur voor u beschikbaar<\/p>\t\t\t\t\t\t\t\t<\/div>\n\t\t\t\t<\/div>\n\t\t\t\t\t<\/div>\n\t\t<\/div>\n\t\t\t\t\t<\/div>\n\t\t<\/section>\n\t\t\t\t<section class=\"elementor-section elementor-top-section elementor-element elementor-element-28118b40 elementor-section-boxed elementor-section-height-default elementor-section-height-default\" data-id=\"28118b40\" data-element_type=\"section\" data-e-type=\"section\">\n\t\t\t\t\t\t<div class=\"elementor-container elementor-column-gap-default\">\n\t\t\t\t\t<div class=\"elementor-column elementor-col-100 elementor-top-column elementor-element elementor-element-399bdae4\" data-id=\"399bdae4\" data-element_type=\"column\" data-e-type=\"column\">\n\t\t\t<div class=\"elementor-widget-wrap elementor-element-populated\">\n\t\t\t\t\t\t<div class=\"elementor-element elementor-element-49f47ad7 elementor-icon-list--layout-traditional elementor-list-item-link-full_width elementor-widget elementor-widget-icon-list\" data-id=\"49f47ad7\" data-element_type=\"widget\" data-e-type=\"widget\" data-widget_type=\"icon-list.default\">\n\t\t\t\t<div class=\"elementor-widget-container\">\n\t\t\t\t\t\t\t<ul class=\"elementor-icon-list-items\">\n\t\t\t\t\t\t\t<li class=\"elementor-icon-list-item\">\n\t\t\t\t\t\t\t\t\t\t\t<span class=\"elementor-icon-list-icon\">\n\t\t\t\t\t\t\t<i aria-hidden=\"true\" class=\"fas fa-cloud-moon\"><\/i>\t\t\t\t\t\t<\/span>\n\t\t\t\t\t\t\t\t\t\t<span class=\"elementor-icon-list-text\">Laat inchecken<\/span>\n\t\t\t\t\t\t\t\t\t<\/li>\n\t\t\t\t\t\t<\/ul>\n\t\t\t\t\t\t<\/div>\n\t\t\t\t<\/div>\n\t\t\t\t\t<\/div>\n\t\t<\/div>\n\t\t\t\t\t<\/div>\n\t\t<\/section>\n\t\t\t\t<section class=\"elementor-section elementor-top-section elementor-element elementor-element-3735069 elementor-section-boxed elementor-section-height-default elementor-section-height-default\" data-id=\"3735069\" data-element_type=\"section\" data-e-type=\"section\">\n\t\t\t\t\t\t<div class=\"elementor-container elementor-column-gap-default\">\n\t\t\t\t\t<div class=\"elementor-column elementor-col-100 elementor-top-column elementor-element elementor-element-3d9a50a\" data-id=\"3d9a50a\" data-element_type=\"column\" data-e-type=\"column\">\n\t\t\t<div class=\"elementor-widget-wrap elementor-element-populated\">\n\t\t\t\t\t\t<div class=\"elementor-element elementor-element-abee2b4 elementor-widget elementor-widget-text-editor\" data-id=\"abee2b4\" data-element_type=\"widget\" data-e-type=\"widget\" data-widget_type=\"text-editor.default\">\n\t\t\t\t<div class=\"elementor-widget-container\">\n\t\t\t\t\t\t\t\t\t<p>Zelf inchecken is op elk moment mogelijk. Op dinsdag en woensdag is de receptie geopend tot 18.00 uur. Tijdens de openingstijden van het restaurant is de receptie tot 22.00 uur bemand. Indien u later arriveert, neem dan contact met ons op en u kunt uw kamerkaart op elk gewenst moment ophalen uit het sleutelkastje bij de ingang van het hotel.\u00a0<\/p>\t\t\t\t\t\t\t\t<\/div>\n\t\t\t\t<\/div>\n\t\t\t\t\t<\/div>\n\t\t<\/div>\n\t\t\t\t\t<\/div>\n\t\t<\/section>\n\t\t\t\t<section class=\"elementor-section elementor-top-section elementor-element elementor-element-8b8ce01 elementor-section-boxed elementor-section-height-default elementor-section-height-default\" data-id=\"8b8ce01\" data-element_type=\"section\" data-e-type=\"section\">\n\t\t\t\t\t\t<div class=\"elementor-container elementor-column-gap-default\">\n\t\t\t\t\t<div class=\"elementor-column elementor-col-100 elementor-top-column elementor-element elementor-element-59a540e\" data-id=\"59a540e\" data-element_type=\"column\" data-e-type=\"column\">\n\t\t\t<div class=\"elementor-widget-wrap elementor-element-populated\">\n\t\t\t\t\t\t<div class=\"elementor-element elementor-element-25cf31e elementor-icon-list--layout-traditional elementor-list-item-link-full_width elementor-widget elementor-widget-icon-list\" data-id=\"25cf31e\" data-element_type=\"widget\" data-e-type=\"widget\" data-widget_type=\"icon-list.default\">\n\t\t\t\t<div class=\"elementor-widget-container\">\n\t\t\t\t\t\t\t<ul class=\"elementor-icon-list-items\">\n\t\t\t\t\t\t\t<li class=\"elementor-icon-list-item\">\n\t\t\t\t\t\t\t\t\t\t\t<span class=\"elementor-icon-list-icon\">\n\t\t\t\t\t\t\t<svg xmlns=\"http:\/\/www.w3.org\/2000\/svg\" id=\"Layer_3\" height=\"512\" viewbox=\"0 0 64 64\" width=\"512\" data-name=\"Layer 3\"><path d=\"m18 61h3v-2h2v2h3v-4h-8z\"><\/path><path d=\"m55.806 31a2.981 2.981 0 0 0 -4.864-3.171 1 1 0 0 1 -1.563-.242 4.984 4.984 0 0 0 -4-2.567 1 1 0 0 1 -.792-.5 2.966 2.966 0 0 0 -2.587-1.52 3 3 0 0 0 -3 3 1 1 0 0 1 -1 1 2.948 2.948 0 0 0 -2.806 4z\"><\/path><path d=\"m8 61h3v-2h2v2h3v-4h-8z\"><\/path><path d=\"m23 4a1 1 0 0 0 -2 0v39h2z\"><\/path><path d=\"m27 46a1 1 0 0 0 -1-1h-8a1 1 0 0 0 -1 1v3h10z\"><\/path><path d=\"m28 61h3v-2h2v2h3v-4h-8z\"><\/path><path d=\"m33 33h24v2h-24z\"><\/path><path d=\"m34 51h-24a3 3 0 0 0 -3 3v1h30v-1a3 3 0 0 0 -3-3z\"><\/path><path d=\"m34.937 49.1a5 5 0 0 1 4.063 4.9v2a1 1 0 0 1 -1 1v4h16.074l1.846-24h-21.846z\"><\/path><circle cx=\"50\" cy=\"11\" r=\"2\"><\/circle><circle cx=\"30\" cy=\"14\" r=\"2\"><\/circle><circle cx=\"4\" cy=\"9\" r=\"2\"><\/circle><circle cx=\"8\" cy=\"19\" r=\"2\"><\/circle><circle cx=\"59\" cy=\"20\" r=\"2\"><\/circle><\/svg>\t\t\t\t\t\t<\/span>\n\t\t\t\t\t\t\t\t\t\t<span class=\"elementor-icon-list-text\">Netheid en schoonmaak<\/span>\n\t\t\t\t\t\t\t\t\t<\/li>\n\t\t\t\t\t\t<\/ul>\n\t\t\t\t\t\t<\/div>\n\t\t\t\t<\/div>\n\t\t\t\t\t<\/div>\n\t\t<\/div>\n\t\t\t\t\t<\/div>\n\t\t<\/section>\n\t\t\t\t<section class=\"elementor-section elementor-top-section elementor-element elementor-element-65991879 elementor-section-boxed elementor-section-height-default elementor-section-height-default\" data-id=\"65991879\" data-element_type=\"section\" data-e-type=\"section\">\n\t\t\t\t\t\t<div class=\"elementor-container elementor-column-gap-default\">\n\t\t\t\t\t<div class=\"elementor-column elementor-col-100 elementor-top-column elementor-element elementor-element-5c6a674\" data-id=\"5c6a674\" data-element_type=\"column\" data-e-type=\"column\">\n\t\t\t<div class=\"elementor-widget-wrap elementor-element-populated\">\n\t\t\t\t\t\t<div class=\"elementor-element elementor-element-1b331a9f elementor-widget elementor-widget-text-editor\" data-id=\"1b331a9f\" data-element_type=\"widget\" data-e-type=\"widget\" data-widget_type=\"text-editor.default\">\n\t\t\t\t<div class=\"elementor-widget-container\">\n\t\t\t\t\t\t\t\t\t<p>Uw kamer wordt v\u00f3\u00f3r aankomst professioneel schoongemaakt. Als er iets niet klopt, laat het ons dan weten, zodat we snel verbeteringen kunnen aanbrengen.<\/p>\t\t\t\t\t\t\t\t<\/div>\n\t\t\t\t<\/div>\n\t\t\t\t\t<\/div>\n\t\t<\/div>\n\t\t\t\t\t<\/div>\n\t\t<\/section>\n\t\t\t\t<section class=\"elementor-section elementor-top-section elementor-element elementor-element-62711c0a elementor-section-boxed elementor-section-height-default elementor-section-height-default\" data-id=\"62711c0a\" data-element_type=\"section\" data-e-type=\"section\">\n\t\t\t\t\t\t<div class=\"elementor-container elementor-column-gap-default\">\n\t\t\t\t\t<div class=\"elementor-column elementor-col-100 elementor-top-column elementor-element elementor-element-2056e28d\" data-id=\"2056e28d\" data-element_type=\"column\" data-e-type=\"column\">\n\t\t\t<div class=\"elementor-widget-wrap elementor-element-populated\">\n\t\t\t\t\t\t<div class=\"elementor-element elementor-element-27d0f6f8 elementor-icon-list--layout-traditional elementor-list-item-link-full_width elementor-widget elementor-widget-icon-list\" data-id=\"27d0f6f8\" data-element_type=\"widget\" data-e-type=\"widget\" data-widget_type=\"icon-list.default\">\n\t\t\t\t<div class=\"elementor-widget-container\">\n\t\t\t\t\t\t\t<ul class=\"elementor-icon-list-items\">\n\t\t\t\t\t\t\t<li class=\"elementor-icon-list-item\">\n\t\t\t\t\t\t\t\t\t\t\t<span class=\"elementor-icon-list-icon\">\n\t\t\t\t\t\t\t<svg xmlns=\"http:\/\/www.w3.org\/2000\/svg\" height=\"512\" viewbox=\"0 0 88 88\" width=\"512\"><g id=\"Suitcase\"><path d=\"m29 71v-28a6.9737 6.9737 0 0 1 2-4.8895v-8.1105a1 1 0 0 1 2 0v6.6851a6.9445 6.9445 0 0 1 3-.6851h7v-10a4.0042 4.0042 0 0 0 -4-4h-34a4.0042 4.0042 0 0 0 -4 4v46a4.0042 4.0042 0 0 0 4 4h26.1105a6.9762 6.9762 0 0 1 -2.1105-5zm-16-3a1 1 0 0 1 -2 0v-38a1 1 0 0 1 2 0zm10 0a1 1 0 0 1 -2 0v-38a1 1 0 0 1 2 0z\"><\/path><rect height=\"8\" rx=\"2\" width=\"26\" x=\"9\" y=\"6\"><\/rect><path d=\"m7 80a2.0059 2.0059 0 0 0 2 2h6a2.0059 2.0059 0 0 0 2-2v-2h-10z\"><\/path><path d=\"m27 80a2.0059 2.0059 0 0 0 2 2h6a2.0059 2.0059 0 0 0 2-2v-2h-10z\"><\/path><path d=\"m40 80a2.0059 2.0059 0 0 0 2 2h6a2.0059 2.0059 0 0 0 2-2v-2h-10z\"><\/path><path d=\"m68 80a2.0059 2.0059 0 0 0 2 2h6a2.0059 2.0059 0 0 0 2-2v-2h-10z\"><\/path><path d=\"m71 38h4v38h-4z\"><\/path><path d=\"m49 38h20v38h-20z\"><\/path><path d=\"m43 38h4v38h-4z\"><\/path><path d=\"m82 38h-5v38h5a5.0059 5.0059 0 0 0 5-5v-28a5.0059 5.0059 0 0 0 -5-5z\"><\/path><path d=\"m31 43v28a5.0059 5.0059 0 0 0 5 5h5v-38h-5a5.0059 5.0059 0 0 0 -5 5z\"><\/path><path d=\"m54 34h10v2h6v-5a3.0088 3.0088 0 0 0 -3-3h-16a3.0088 3.0088 0 0 0 -3 3v5h6z\"><\/path><path d=\"m24 16h6v4h-6z\"><\/path><path d=\"m14 16h6v4h-6z\"><\/path><\/g><\/svg>\t\t\t\t\t\t<\/span>\n\t\t\t\t\t\t\t\t\t\t<span class=\"elementor-icon-list-text\">Vertrek, bagage-opslag<\/span>\n\t\t\t\t\t\t\t\t\t<\/li>\n\t\t\t\t\t\t<\/ul>\n\t\t\t\t\t\t<\/div>\n\t\t\t\t<\/div>\n\t\t\t\t\t<\/div>\n\t\t<\/div>\n\t\t\t\t\t<\/div>\n\t\t<\/section>\n\t\t\t\t<section class=\"elementor-section elementor-top-section elementor-element elementor-element-4438714a elementor-section-boxed elementor-section-height-default elementor-section-height-default\" data-id=\"4438714a\" data-element_type=\"section\" data-e-type=\"section\">\n\t\t\t\t\t\t<div class=\"elementor-container elementor-column-gap-default\">\n\t\t\t\t\t<div class=\"elementor-column elementor-col-100 elementor-top-column elementor-element elementor-element-52aaf83b\" data-id=\"52aaf83b\" data-element_type=\"column\" data-e-type=\"column\">\n\t\t\t<div class=\"elementor-widget-wrap elementor-element-populated\">\n\t\t\t\t\t\t<div class=\"elementor-element elementor-element-463212e7 elementor-widget elementor-widget-text-editor\" data-id=\"463212e7\" data-element_type=\"widget\" data-e-type=\"widget\" data-widget_type=\"text-editor.default\">\n\t\t\t\t<div class=\"elementor-widget-container\">\n\t\t\t\t\t\t\t\t\t<p>Op de dag van vertrek is uw kamer tot 11.00 uur beschikbaar<\/p><p>Bij een later vertrek slaan wij uw bagage graag tussentijds op.<\/p>\t\t\t\t\t\t\t\t<\/div>\n\t\t\t\t<\/div>\n\t\t\t\t\t<\/div>\n\t\t<\/div>\n\t\t\t\t\t<\/div>\n\t\t<\/section>\n\t\t\t\t<section class=\"elementor-section elementor-top-section elementor-element elementor-element-961cd0b elementor-section-boxed elementor-section-height-default elementor-section-height-default\" data-id=\"961cd0b\" data-element_type=\"section\" data-e-type=\"section\">\n\t\t\t\t\t\t<div class=\"elementor-container elementor-column-gap-default\">\n\t\t\t\t\t<div class=\"elementor-column elementor-col-100 elementor-top-column elementor-element elementor-element-6a0daeb\" data-id=\"6a0daeb\" data-element_type=\"column\" data-e-type=\"column\">\n\t\t\t<div class=\"elementor-widget-wrap elementor-element-populated\">\n\t\t\t\t\t\t<div class=\"elementor-element elementor-element-79d0830 elementor-icon-list--layout-traditional elementor-list-item-link-full_width elementor-widget elementor-widget-icon-list\" data-id=\"79d0830\" data-element_type=\"widget\" data-e-type=\"widget\" data-widget_type=\"icon-list.default\">\n\t\t\t\t<div class=\"elementor-widget-container\">\n\t\t\t\t\t\t\t<ul class=\"elementor-icon-list-items\">\n\t\t\t\t\t\t\t<li class=\"elementor-icon-list-item\">\n\t\t\t\t\t\t\t\t\t\t\t<span class=\"elementor-icon-list-icon\">\n\t\t\t\t\t\t\t<svg xmlns=\"http:\/\/www.w3.org\/2000\/svg\" id=\"Artboard_30\" height=\"512\" viewbox=\"0 0 64 64\" width=\"512\" data-name=\"Artboard 30\"><path d=\"m22 5h2v7h-2z\"><\/path><path d=\"m29 15a1 1 0 0 0 -1-1h-10a1 1 0 0 0 -1 1v36h12z\"><\/path><path d=\"m36 37v11a2.832 2.832 0 0 0 2.619 3h11.762a2.832 2.832 0 0 0 2.619-3v-11a2.832 2.832 0 0 0 -2.619-3h-11.762a2.832 2.832 0 0 0 -2.619 3z\"><\/path><path d=\"m34 48v-11a4.826 4.826 0 0 1 4.619-5h1.381v-10a1 1 0 0 0 -1-1h-8v30h3.947a5.219 5.219 0 0 1 -.947-3z\"><\/path><path d=\"m47 28.5a2.5 2.5 0 0 0 -5 0v3.5h5z\"><\/path><path d=\"m35 13h2v6h-2z\"><\/path><circle cx=\"6\" cy=\"56\" r=\"3\"><\/circle><circle cx=\"52\" cy=\"56\" r=\"3\"><\/circle><path d=\"m5.121 23h2v5h-2z\"><\/path><path d=\"m60 46a1 1 0 0 0 -1 1v5a1 1 0 0 1 -1 1h-2.026a4.954 4.954 0 0 1 .925 2h4.101v-8a1 1 0 0 0 -1-1z\"><\/path><path d=\"m10.9 55h36.2a4.954 4.954 0 0 1 .925-2h-38.051a4.954 4.954 0 0 1 .926 2z\"><\/path><path d=\"m11.121 51v-38.586l-6.207-6.207a1.147 1.147 0 0 0 -1.585 0 1.122 1.122 0 0 0 0 1.586l5.5 5.5a1 1 0 0 1 .292.707v37z\"><\/path><\/svg>\t\t\t\t\t\t<\/span>\n\t\t\t\t\t\t\t\t\t\t<span class=\"elementor-icon-list-text\">Bagageservice<\/span>\n\t\t\t\t\t\t\t\t\t<\/li>\n\t\t\t\t\t\t<\/ul>\n\t\t\t\t\t\t<\/div>\n\t\t\t\t<\/div>\n\t\t\t\t\t<\/div>\n\t\t<\/div>\n\t\t\t\t\t<\/div>\n\t\t<\/section>\n\t\t\t\t<section class=\"elementor-section elementor-top-section elementor-element elementor-element-4f0c000 elementor-section-boxed elementor-section-height-default elementor-section-height-default\" data-id=\"4f0c000\" data-element_type=\"section\" data-e-type=\"section\">\n\t\t\t\t\t\t<div class=\"elementor-container elementor-column-gap-default\">\n\t\t\t\t\t<div class=\"elementor-column elementor-col-100 elementor-top-column elementor-element elementor-element-71e7659\" data-id=\"71e7659\" data-element_type=\"column\" data-e-type=\"column\">\n\t\t\t<div class=\"elementor-widget-wrap elementor-element-populated\">\n\t\t\t\t\t\t<div class=\"elementor-element elementor-element-ee5511a elementor-widget elementor-widget-text-editor\" data-id=\"ee5511a\" data-element_type=\"widget\" data-e-type=\"widget\" data-widget_type=\"text-editor.default\">\n\t\t\t\t<div class=\"elementor-widget-container\">\n\t\t\t\t\t\t\t\t\t<p>Wij vervoeren uw bagage graag naar uw kamer of terug naar uw auto. Neem contact met ons op.<\/p>\t\t\t\t\t\t\t\t<\/div>\n\t\t\t\t<\/div>\n\t\t\t\t\t<\/div>\n\t\t<\/div>\n\t\t\t\t\t<\/div>\n\t\t<\/section>\n\t\t\t\t<\/div>","protected":false},"excerpt":{"rendered":"<p>Check-In \/ Out Check-in Am Anreisetag steht Ihnen das Zimmer ab 14:00 Uhr zur Verf\u00fcgung Late-Check-in Ein Selfcheck-In ist jederzeit m\u00f6glich. Dienstags und mittwochs ist die Rezeption bis 18.00 Uhr besetzt. Zu den Restaurant\u00f6ffnungszeiten ist die Rezeption bis 22 Uhr besetzt. Sollten Sie sp\u00e4ter anreisen, bitten wir Sie uns zu kontaktieren und Sie k\u00f6nnen jederzeit [&hellip;]<\/p>\n","protected":false},"author":2,"featured_media":0,"parent":0,"menu_order":0,"comment_status":"closed","ping_status":"closed","template":"","meta":{"site-sidebar-layout":"no-sidebar","site-content-layout":"page-builder","ast-site-content-layout":"default","site-content-style":"default","site-sidebar-style":"default","ast-global-header-display":"","ast-banner-title-visibility":"","ast-main-header-display":"","ast-hfb-above-header-display":"","ast-hfb-below-header-display":"","ast-hfb-mobile-header-display":"","site-post-title":"disabled","ast-breadcrumbs-content":"","ast-featured-img":"disabled","footer-sml-layout":"","ast-disable-related-posts":"","theme-transparent-header-meta":"","adv-header-id-meta":"","stick-header-meta":"","header-above-stick-meta":"","header-main-stick-meta":"","header-below-stick-meta":"","astra-migrate-meta-layouts":"default","ast-page-background-enabled":"default","ast-page-background-meta":{"desktop":{"background-color":"var(--ast-global-color-4)","background-image":"","background-repeat":"repeat","background-position":"center center","background-size":"auto","background-attachment":"scroll","background-type":"","background-media":"","overlay-type":"","overlay-color":"","overlay-opacity":"","overlay-gradient":""},"tablet":{"background-color":"","background-image":"","background-repeat":"repeat","background-position":"center center","background-size":"auto","background-attachment":"scroll","background-type":"","background-media":"","overlay-type":"","overlay-color":"","overlay-opacity":"","overlay-gradient":""},"mobile":{"background-color":"","background-image":"","background-repeat":"repeat","background-position":"center center","background-size":"auto","background-attachment":"scroll","background-type":"","background-media":"","overlay-type":"","overlay-color":"","overlay-opacity":"","overlay-gradient":""}},"ast-content-background-meta":{"desktop":{"background-color":"var(--ast-global-color-5)","background-image":"","background-repeat":"repeat","background-position":"center center","background-size":"auto","background-attachment":"scroll","background-type":"","background-media":"","overlay-type":"","overlay-color":"","overlay-opacity":"","overlay-gradient":""},"tablet":{"background-color":"var(--ast-global-color-5)","background-image":"","background-repeat":"repeat","background-position":"center center","background-size":"auto","background-attachment":"scroll","background-type":"","background-media":"","overlay-type":"","overlay-color":"","overlay-opacity":"","overlay-gradient":""},"mobile":{"background-color":"var(--ast-global-color-5)","background-image":"","background-repeat":"repeat","background-position":"center center","background-size":"auto","background-attachment":"scroll","background-type":"","background-media":"","overlay-type":"","overlay-color":"","overlay-opacity":"","overlay-gradient":""}},"_glsr_average":0,"_glsr_ranking":0,"_glsr_reviews":0,"footnotes":""},"class_list":["post-361","page","type-page","status-publish","hentry"],"_links":{"self":[{"href":"https:\/\/pfefferundsalz.gaeste-mappe.de\/nl\/wp-json\/wp\/v2\/pages\/361","targetHints":{"allow":["GET"]}}],"collection":[{"href":"https:\/\/pfefferundsalz.gaeste-mappe.de\/nl\/wp-json\/wp\/v2\/pages"}],"about":[{"href":"https:\/\/pfefferundsalz.gaeste-mappe.de\/nl\/wp-json\/wp\/v2\/types\/page"}],"author":[{"embeddable":true,"href":"https:\/\/pfefferundsalz.gaeste-mappe.de\/nl\/wp-json\/wp\/v2\/users\/2"}],"replies":[{"embeddable":true,"href":"https:\/\/pfefferundsalz.gaeste-mappe.de\/nl\/wp-json\/wp\/v2\/comments?post=361"}],"version-history":[{"count":64,"href":"https:\/\/pfefferundsalz.gaeste-mappe.de\/nl\/wp-json\/wp\/v2\/pages\/361\/revisions"}],"predecessor-version":[{"id":12159,"href":"https:\/\/pfefferundsalz.gaeste-mappe.de\/nl\/wp-json\/wp\/v2\/pages\/361\/revisions\/12159"}],"wp:attachment":[{"href":"https:\/\/pfefferundsalz.gaeste-mappe.de\/nl\/wp-json\/wp\/v2\/media?parent=361"}],"curies":[{"name":"wp","href":"https:\/\/api.w.org\/{rel}","templated":true}]}}