{"id":6613,"date":"2023-05-27T13:20:47","date_gmt":"2023-05-27T13:20:47","guid":{"rendered":"https:\/\/naturliebeharz.gaeste-mappe.com\/?page_id=6613"},"modified":"2024-10-30T11:50:53","modified_gmt":"2024-10-30T11:50:53","slug":"mobilitaet","status":"publish","type":"page","link":"https:\/\/pfefferundsalz.gaeste-mappe.de\/nl\/mobilitaet\/","title":{"rendered":"Mobiliteit"},"content":{"rendered":"<div data-elementor-type=\"wp-page\" data-elementor-id=\"6613\" class=\"elementor elementor-6613\" data-elementor-post-type=\"page\">\n\t\t\t\t\t\t<section class=\"elementor-section elementor-top-section elementor-element elementor-element-56542d35 elementor-section-boxed elementor-section-height-default elementor-section-height-default\" data-id=\"56542d35\" data-element_type=\"section\" data-e-type=\"section\" data-settings=\"{&quot;background_background&quot;:&quot;classic&quot;}\">\n\t\t\t\t\t\t<div class=\"elementor-container elementor-column-gap-default\">\n\t\t\t\t\t<div class=\"elementor-column elementor-col-100 elementor-top-column elementor-element elementor-element-7948b7df\" data-id=\"7948b7df\" data-element_type=\"column\" data-e-type=\"column\">\n\t\t\t<div class=\"elementor-widget-wrap elementor-element-populated\">\n\t\t\t\t\t\t<div class=\"elementor-element elementor-element-6dc74b20 kopf elementor-icon-list--layout-traditional elementor-list-item-link-full_width elementor-widget elementor-widget-icon-list\" data-id=\"6dc74b20\" data-element_type=\"widget\" data-e-type=\"widget\" data-widget_type=\"icon-list.default\">\n\t\t\t\t<div class=\"elementor-widget-container\">\n\t\t\t\t\t\t\t<ul class=\"elementor-icon-list-items\">\n\t\t\t\t\t\t\t<li class=\"elementor-icon-list-item\">\n\t\t\t\t\t\t\t\t\t\t\t<span class=\"elementor-icon-list-icon\">\n\t\t\t\t\t\t\t<i aria-hidden=\"true\" class=\"fas fa-bus\"><\/i>\t\t\t\t\t\t<\/span>\n\t\t\t\t\t\t\t\t\t\t<span class=\"elementor-icon-list-text\">Mobiliteit<\/span>\n\t\t\t\t\t\t\t\t\t<\/li>\n\t\t\t\t\t\t<\/ul>\n\t\t\t\t\t\t<\/div>\n\t\t\t\t<\/div>\n\t\t\t\t\t<\/div>\n\t\t<\/div>\n\t\t\t\t\t<\/div>\n\t\t<\/section>\n\t\t\t\t<section class=\"elementor-section elementor-top-section elementor-element elementor-element-1decd4e5 elementor-section-boxed elementor-section-height-default elementor-section-height-default\" data-id=\"1decd4e5\" data-element_type=\"section\" data-e-type=\"section\">\n\t\t\t\t\t\t<div class=\"elementor-container elementor-column-gap-default\">\n\t\t\t\t\t<div class=\"elementor-column elementor-col-100 elementor-top-column elementor-element elementor-element-7448aa82\" data-id=\"7448aa82\" data-element_type=\"column\" data-e-type=\"column\">\n\t\t\t<div class=\"elementor-widget-wrap elementor-element-populated\">\n\t\t\t\t\t\t<div class=\"elementor-element elementor-element-543a5760 elementor-icon-list--layout-traditional elementor-list-item-link-full_width elementor-widget elementor-widget-icon-list\" data-id=\"543a5760\" data-element_type=\"widget\" data-e-type=\"widget\" data-widget_type=\"icon-list.default\">\n\t\t\t\t<div class=\"elementor-widget-container\">\n\t\t\t\t\t\t\t<ul class=\"elementor-icon-list-items\">\n\t\t\t\t\t\t\t<li class=\"elementor-icon-list-item\">\n\t\t\t\t\t\t\t\t\t\t\t<span class=\"elementor-icon-list-icon\">\n\t\t\t\t\t\t\t<svg xmlns=\"http:\/\/www.w3.org\/2000\/svg\" id=\"Layer_1\" height=\"512\" viewbox=\"0 0 512 512\" width=\"512\"><path clip-rule=\"evenodd\" d=\"m465 487.789v2.575c0 4.43-3.625 8.055-8.055 8.055h-11.096c-4.43 0-8.055-3.625-8.055-8.055v-2.575zm-189.585-175.369h2.285v35.318h-2.285c-3.052 0-5.549-2.497-5.549-5.549v-24.22c.001-3.052 2.497-5.549 5.549-5.549zm215.251 0h2.285c3.052 0 5.549 2.497 5.549 5.549v24.22c0 3.052-2.497 5.549-5.549 5.549h-2.285zm-477.166-15.57h23.314v-18.226h37.849v18.226h101.375v-18.226h37.849v18.226h23.313v26.358h-223.7zm69.025-283.269h123.958c21.533 0 40.009 10.921 50.39 29.786 36.652 66.604 80.728 102.363 204.899 138.664 2.599.758 4.32 3.052 4.32 5.759v59.791c0 3.305-2.695 6-6 6h-390.718c-30.774 0-55.873-25.099-55.873-55.874v-82.747c0-5.174.569-9.591 1.883-14.596l11.508-43.862c6.725-25.637 29.128-42.921 55.633-42.921zm178.546 104.074v50.656c0 2.405 1.323 4.462 3.511 5.46 6.676 3.043 13.571 6.039 20.695 8.985 3.967 1.64 8.292-1.251 8.292-5.544v-40.573c0-1.873-.769-3.485-2.225-4.663-7.218-5.843-13.805-11.967-19.911-18.437-3.728-3.953-10.362-1.318-10.362 4.116zm182.014 105.418v-18.22c0-2.706-1.719-4.999-4.316-5.758-5.273-1.542-10.4-3.083-15.389-4.625-3.879-1.199-7.772 1.672-7.772 5.732v19.263c0 2.809 1.869 5.179 4.601 5.834 5.104 1.224 10.287 2.432 15.549 3.626 3.775.855 7.327-1.982 7.327-5.852zm-78.989-40.763v23.538c0 2.708 1.722 5.003 4.323 5.76 5.638 1.642 11.389 3.261 17.252 4.859 3.836 1.045 7.577-1.813 7.577-5.789v-21.904c0-2.578-1.543-4.773-3.969-5.645-5.884-2.117-11.539-4.248-16.977-6.398-3.955-1.564-8.206 1.326-8.206 5.579zm-51.513-24.473v31.337c0 2.577 1.542 4.772 3.967 5.645 6.166 2.22 12.483 4.409 18.965 6.564 3.903 1.298 7.893-1.58 7.893-5.693v-27.78c0-2.339-1.245-4.342-3.342-5.379-6.522-3.223-12.665-6.512-18.47-9.883-4.012-2.33-9.013.548-9.013 5.189zm-226.674-116.359c-14.905 0-27.218 9.51-31 23.943l-8.177 31.203c-1.275 4.864 2.348 9.578 7.381 9.578h151.747c4.735 0 8.29-4.196 7.531-8.866l-5.189-31.914c-2.394-14.728-16.096-23.943-31-23.943h-91.293zm-23.509 104.074c-12.221 0-22.127 9.907-22.127 22.127s9.906 22.127 22.127 22.127c12.22 0 22.127-9.907 22.127-22.127s-9.907-22.127-22.127-22.127zm128.351 0c-12.22 0-22.127 9.907-22.127 22.127s9.906 22.127 22.127 22.127 22.127-9.907 22.127-22.127-9.907-22.127-22.127-22.127zm119.532 131.615h65.9v109.731h-82.484v-93.147c0-9.121 7.463-16.584 16.584-16.584zm81.9 0h65.9c9.121 0 16.584 7.463 16.584 16.585v93.147h-82.484zm82.484 125.731v68.892h-180.968v-68.892zm-34.69 20.525c-7.688 0-13.921 6.233-13.921 13.92 0 7.688 6.233 13.921 13.921 13.921s13.921-6.233 13.921-13.921c0-7.687-6.233-13.92-13.921-13.92zm-111.588 0c-7.688 0-13.921 6.233-13.921 13.92 0 7.688 6.233 13.921 13.921 13.921s13.921-6.233 13.921-13.921c0-7.687-6.232-13.92-13.921-13.92zm40.909 21.921h29.771c4.418 0 8-3.582 8-8s-3.582-8-8-8h-29.771c-4.418 0-8 3.582-8 8s3.582 8 8 8zm-38.726 42.445v2.575c0 4.43-3.625 8.055-8.055 8.055h-11.096c-4.43 0-8.055-3.625-8.055-8.055v-2.575z\" fill-rule=\"evenodd\"><\/path><\/svg>\t\t\t\t\t\t<\/span>\n\t\t\t\t\t\t\t\t\t\t<span class=\"elementor-icon-list-text\">Openbaar vervoer &amp; taxi<\/span>\n\t\t\t\t\t\t\t\t\t<\/li>\n\t\t\t\t\t\t<\/ul>\n\t\t\t\t\t\t<\/div>\n\t\t\t\t<\/div>\n\t\t\t\t\t<\/div>\n\t\t<\/div>\n\t\t\t\t\t<\/div>\n\t\t<\/section>\n\t\t\t\t<section class=\"elementor-section elementor-top-section elementor-element elementor-element-59b6ed36 elementor-section-boxed elementor-section-height-default elementor-section-height-default\" data-id=\"59b6ed36\" data-element_type=\"section\" data-e-type=\"section\">\n\t\t\t\t\t\t<div class=\"elementor-container elementor-column-gap-default\">\n\t\t\t\t\t<div class=\"elementor-column elementor-col-100 elementor-top-column elementor-element elementor-element-5e02ce3e\" data-id=\"5e02ce3e\" data-element_type=\"column\" data-e-type=\"column\">\n\t\t\t<div class=\"elementor-widget-wrap elementor-element-populated\">\n\t\t\t\t\t\t<div class=\"elementor-element elementor-element-7b741277 elementor-widget elementor-widget-text-editor\" data-id=\"7b741277\" data-element_type=\"widget\" data-e-type=\"widget\" data-widget_type=\"text-editor.default\">\n\t\t\t\t<div class=\"elementor-widget-container\">\n\t\t\t\t\t\t\t\t\t<p>Met de Konus-kaart krijgt u diverse kortingen en kunt u gratis gebruikmaken van bussen en treinen (2e klas, behalve ICE) in het hele Zwarte Woud (Konus-gebied).<\/p><p>Hier vindt u meer informatie over het Konus-gebied en de voordelen van de Konus-kaart.<\/p><p><span style=\"text-decoration: underline;\"><a href=\"https:\/\/pfefferundsalz.gaeste-mappe.de\/nl\/gaestekarte\/\">Informatie over de kegelkaart<\/a><\/span><\/p><p><strong>SWEG-BUS<\/strong><\/p><p>gratis met de gastenkonuskaart<\/p><p><span style=\"text-decoration: underline;\"><a href=\"https:\/\/www.sweg.de\/de\/\" target=\"_blank\" rel=\"noopener\">Meer informatie over de SWEG-bus<\/a><\/span><\/p><p><strong>Duitse spoorweg<\/strong><\/p><p><span style=\"text-decoration: underline;\"><a href=\"https:\/\/www.bahn.de\/\" target=\"_blank\" rel=\"noopener\">Naar de website<\/a><\/span><\/p><p><strong>Europass Mini<\/strong><\/p><p>Met de EUROPASS Mini kunt u \u00e9\u00e9n dag zo vaak reizen als u wilt tussen Kehl (TGO-tariefzone 2) en de Eurometropool Straatsburg (EMS). Het aanbod is geschikt voor b.v. B. ideaal als aanvulling op de gastenkegelkaart.<\/p><p>Prijs per persoon ca. \u20ac 6,80<\/p><p><span style=\"text-decoration: underline;\"><a href=\"https:\/\/www.dbregio-shop.de\/index.php\/product\/97\/show\/0\/0\/0\/0\" target=\"_blank\" rel=\"noopener\">Meer informatie over de EUROPASS-Mini<\/a><\/span><\/p><p><strong>Taxi Schilli<\/strong><\/p><p>Scheffelstra\u00dfe 2<br \/>77723 Gengenbach\u00a0<\/p><p>Telefoonnummer 07803 3536<\/p><p><strong>Taxi Heizmann<\/strong><\/p><p>Hinterer Burgweg 14<br \/>77799 Ortenberg\u00a0<\/p><p>Telefoonnummer 0781 32111<\/p><p><span style=\"text-decoration: underline;\"><a href=\"http:\/\/taxi-eiltransporte-heizmann.de\/\" target=\"_blank\" rel=\"noopener\">Naar de website<\/a><\/span><\/p><p>\u00a0<\/p>\t\t\t\t\t\t\t\t<\/div>\n\t\t\t\t<\/div>\n\t\t\t\t\t<\/div>\n\t\t<\/div>\n\t\t\t\t\t<\/div>\n\t\t<\/section>\n\t\t\t\t<\/div>","protected":false},"excerpt":{"rendered":"<p>Mobilit\u00e4t \u00d6ffentliche Verkehrsmittel &#038; Taxi Mit der Konus-Karte erhalten Sie eine Vielzahl an erm\u00e4\u00dfigten Eintritten und k\u00f6nnen die Busse und Bahnen (2.Klasse, au\u00dfer ICE) im gesamten Schwarzwald (Konusgebiet) kostenfrei nutzten. Hier finden Sie mehr Informationen \u00fcber das Konusgebiet und die Vorteile der Konuskarte. Informationen zur Konuskarte SWEG-BUS kostenlos mit der G\u00e4ste Konus-Karte Weitere Informationen zum [&hellip;]<\/p>\n","protected":false},"author":2,"featured_media":0,"parent":0,"menu_order":0,"comment_status":"closed","ping_status":"closed","template":"","meta":{"site-sidebar-layout":"no-sidebar","site-content-layout":"page-builder","ast-site-content-layout":"default","site-content-style":"default","site-sidebar-style":"default","ast-global-header-display":"","ast-banner-title-visibility":"","ast-main-header-display":"","ast-hfb-above-header-display":"","ast-hfb-below-header-display":"","ast-hfb-mobile-header-display":"","site-post-title":"disabled","ast-breadcrumbs-content":"","ast-featured-img":"disabled","footer-sml-layout":"","ast-disable-related-posts":"","theme-transparent-header-meta":"","adv-header-id-meta":"","stick-header-meta":"","header-above-stick-meta":"","header-main-stick-meta":"","header-below-stick-meta":"","astra-migrate-meta-layouts":"default","ast-page-background-enabled":"default","ast-page-background-meta":{"desktop":{"background-color":"var(--ast-global-color-4)","background-image":"","background-repeat":"repeat","background-position":"center center","background-size":"auto","background-attachment":"scroll","background-type":"","background-media":"","overlay-type":"","overlay-color":"","overlay-opacity":"","overlay-gradient":""},"tablet":{"background-color":"","background-image":"","background-repeat":"repeat","background-position":"center center","background-size":"auto","background-attachment":"scroll","background-type":"","background-media":"","overlay-type":"","overlay-color":"","overlay-opacity":"","overlay-gradient":""},"mobile":{"background-color":"","background-image":"","background-repeat":"repeat","background-position":"center center","background-size":"auto","background-attachment":"scroll","background-type":"","background-media":"","overlay-type":"","overlay-color":"","overlay-opacity":"","overlay-gradient":""}},"ast-content-background-meta":{"desktop":{"background-color":"var(--ast-global-color-5)","background-image":"","background-repeat":"repeat","background-position":"center center","background-size":"auto","background-attachment":"scroll","background-type":"","background-media":"","overlay-type":"","overlay-color":"","overlay-opacity":"","overlay-gradient":""},"tablet":{"background-color":"var(--ast-global-color-5)","background-image":"","background-repeat":"repeat","background-position":"center center","background-size":"auto","background-attachment":"scroll","background-type":"","background-media":"","overlay-type":"","overlay-color":"","overlay-opacity":"","overlay-gradient":""},"mobile":{"background-color":"var(--ast-global-color-5)","background-image":"","background-repeat":"repeat","background-position":"center center","background-size":"auto","background-attachment":"scroll","background-type":"","background-media":"","overlay-type":"","overlay-color":"","overlay-opacity":"","overlay-gradient":""}},"_glsr_average":0,"_glsr_ranking":0,"_glsr_reviews":0,"footnotes":""},"class_list":["post-6613","page","type-page","status-publish","hentry"],"_links":{"self":[{"href":"https:\/\/pfefferundsalz.gaeste-mappe.de\/nl\/wp-json\/wp\/v2\/pages\/6613","targetHints":{"allow":["GET"]}}],"collection":[{"href":"https:\/\/pfefferundsalz.gaeste-mappe.de\/nl\/wp-json\/wp\/v2\/pages"}],"about":[{"href":"https:\/\/pfefferundsalz.gaeste-mappe.de\/nl\/wp-json\/wp\/v2\/types\/page"}],"author":[{"embeddable":true,"href":"https:\/\/pfefferundsalz.gaeste-mappe.de\/nl\/wp-json\/wp\/v2\/users\/2"}],"replies":[{"embeddable":true,"href":"https:\/\/pfefferundsalz.gaeste-mappe.de\/nl\/wp-json\/wp\/v2\/comments?post=6613"}],"version-history":[{"count":76,"href":"https:\/\/pfefferundsalz.gaeste-mappe.de\/nl\/wp-json\/wp\/v2\/pages\/6613\/revisions"}],"predecessor-version":[{"id":12630,"href":"https:\/\/pfefferundsalz.gaeste-mappe.de\/nl\/wp-json\/wp\/v2\/pages\/6613\/revisions\/12630"}],"wp:attachment":[{"href":"https:\/\/pfefferundsalz.gaeste-mappe.de\/nl\/wp-json\/wp\/v2\/media?parent=6613"}],"curies":[{"name":"wp","href":"https:\/\/api.w.org\/{rel}","templated":true}]}}