{"id":6619,"date":"2023-05-27T13:22:43","date_gmt":"2023-05-27T13:22:43","guid":{"rendered":"https:\/\/naturliebeharz.gaeste-mappe.com\/?page_id=6619"},"modified":"2024-10-06T12:04:22","modified_gmt":"2024-10-06T12:04:22","slug":"gaestekarte","status":"publish","type":"page","link":"https:\/\/pfefferundsalz.gaeste-mappe.de\/nl\/gaestekarte\/","title":{"rendered":"Gastenkaart"},"content":{"rendered":"<div data-elementor-type=\"wp-page\" data-elementor-id=\"6619\" class=\"elementor elementor-6619\" data-elementor-post-type=\"page\">\n\t\t\t\t\t\t<section class=\"elementor-section elementor-top-section elementor-element elementor-element-56542d35 elementor-section-boxed elementor-section-height-default elementor-section-height-default\" data-id=\"56542d35\" data-element_type=\"section\" data-e-type=\"section\" data-settings=\"{&quot;background_background&quot;:&quot;classic&quot;}\">\n\t\t\t\t\t\t<div class=\"elementor-container elementor-column-gap-default\">\n\t\t\t\t\t<div class=\"elementor-column elementor-col-100 elementor-top-column elementor-element elementor-element-7948b7df\" data-id=\"7948b7df\" data-element_type=\"column\" data-e-type=\"column\">\n\t\t\t<div class=\"elementor-widget-wrap elementor-element-populated\">\n\t\t\t\t\t\t<div class=\"elementor-element elementor-element-6dc74b20 kopf elementor-icon-list--layout-traditional elementor-list-item-link-full_width elementor-widget elementor-widget-icon-list\" data-id=\"6dc74b20\" data-element_type=\"widget\" data-e-type=\"widget\" data-widget_type=\"icon-list.default\">\n\t\t\t\t<div class=\"elementor-widget-container\">\n\t\t\t\t\t\t\t<ul class=\"elementor-icon-list-items\">\n\t\t\t\t\t\t\t<li class=\"elementor-icon-list-item\">\n\t\t\t\t\t\t\t\t\t\t\t<span class=\"elementor-icon-list-icon\">\n\t\t\t\t\t\t\t<i aria-hidden=\"true\" class=\"far fa-address-card\"><\/i>\t\t\t\t\t\t<\/span>\n\t\t\t\t\t\t\t\t\t\t<span class=\"elementor-icon-list-text\">Gastenkaart<\/span>\n\t\t\t\t\t\t\t\t\t<\/li>\n\t\t\t\t\t\t<\/ul>\n\t\t\t\t\t\t<\/div>\n\t\t\t\t<\/div>\n\t\t\t\t<div class=\"elementor-element elementor-element-4b48a5cf elementor-widget-divider--view-line elementor-widget elementor-widget-divider\" data-id=\"4b48a5cf\" data-element_type=\"widget\" data-e-type=\"widget\" data-widget_type=\"divider.default\">\n\t\t\t\t<div class=\"elementor-widget-container\">\n\t\t\t\t\t\t\t<div class=\"elementor-divider\">\n\t\t\t<span class=\"elementor-divider-separator\">\n\t\t\t\t\t\t<\/span>\n\t\t<\/div>\n\t\t\t\t\t\t<\/div>\n\t\t\t\t<\/div>\n\t\t\t\t\t<\/div>\n\t\t<\/div>\n\t\t\t\t\t<\/div>\n\t\t<\/section>\n\t\t\t\t<section class=\"elementor-section elementor-top-section elementor-element elementor-element-2f4209 elementor-section-boxed elementor-section-height-default elementor-section-height-default\" data-id=\"2f4209\" data-element_type=\"section\" data-e-type=\"section\">\n\t\t\t\t\t\t<div class=\"elementor-container elementor-column-gap-default\">\n\t\t\t\t\t<div class=\"elementor-column elementor-col-100 elementor-top-column elementor-element elementor-element-37d6e69a\" data-id=\"37d6e69a\" data-element_type=\"column\" data-e-type=\"column\">\n\t\t\t<div class=\"elementor-widget-wrap elementor-element-populated\">\n\t\t\t\t\t\t<div class=\"elementor-element elementor-element-1251fb08 elementor-icon-list--layout-traditional elementor-list-item-link-full_width elementor-widget elementor-widget-icon-list\" data-id=\"1251fb08\" data-element_type=\"widget\" data-e-type=\"widget\" data-widget_type=\"icon-list.default\">\n\t\t\t\t<div class=\"elementor-widget-container\">\n\t\t\t\t\t\t\t<ul class=\"elementor-icon-list-items\">\n\t\t\t\t\t\t\t<li class=\"elementor-icon-list-item\">\n\t\t\t\t\t\t\t\t\t\t\t<span class=\"elementor-icon-list-icon\">\n\t\t\t\t\t\t\t<svg xmlns=\"http:\/\/www.w3.org\/2000\/svg\" xmlns:xlink=\"http:\/\/www.w3.org\/1999\/xlink\" id=\"Layer_1\" x=\"0px\" y=\"0px\" viewbox=\"0 0 512.002 512.002\" style=\"enable-background:new 0 0 512.002 512.002;\" xml:space=\"preserve\"><g>\t<g>\t\t<g>\t\t\t<path d=\"M481.519,123.22h-0.009l-20.71-2.227v-14.327H0v51.2h443.733v17.067H0v179.2c0,15.428,10.351,28.348,24.422,32.563    c-0.009,7.774,2.449,15.292,7.398,21.436c5.717,7.1,13.867,11.537,22.886,12.51l394.061,44.228    c1.229,0.137,2.449,0.196,3.661,0.196c17.203,0,32.043-13.013,33.937-30.601l25.438-273.656    C513.818,142.104,500.233,125.234,481.519,123.22z M264.533,252.031c0-4.719,3.823-8.533,8.533-8.533H409.6    c4.71,0,8.533,3.814,8.533,8.533v76.501c0,4.719-3.823,8.533-8.533,8.533H273.067c-4.71,0-8.533-3.814-8.533-8.533V252.031z     M145.067,209.065h68.267c4.71,0,8.533,3.823,8.533,8.533c0,4.719-3.823,8.533-8.533,8.533h-68.267    c-4.71,0-8.533-3.814-8.533-8.533C136.533,212.888,140.356,209.065,145.067,209.065z M221.867,251.732    c0,4.719-3.823,8.533-8.533,8.533h-25.6c-4.71,0-8.533-3.814-8.533-8.533c0-4.71,3.823-8.533,8.533-8.533h25.6    C218.044,243.199,221.867,247.022,221.867,251.732z M42.667,209.065h68.267c4.71,0,8.533,3.823,8.533,8.533    c0,4.719-3.823,8.533-8.533,8.533H42.667c-4.71,0-8.533-3.814-8.533-8.533C34.133,212.888,37.956,209.065,42.667,209.065z     M34.133,251.732c0-4.71,3.823-8.533,8.533-8.533H153.6c4.71,0,8.533,3.823,8.533,8.533c0,4.719-3.823,8.533-8.533,8.533H42.667    C37.956,260.265,34.133,256.451,34.133,251.732z M494.822,159.103L469.385,432.75c-1.007,9.361-9.387,16.154-18.756,15.155    L56.567,403.677c-4.531-0.486-8.602-2.705-11.46-6.255c-2.142-2.662-3.413-5.828-3.712-9.156h385.271    c18.825,0,34.133-15.3,34.133-34.133v-179.2v-17.067v-19.703l18.893,2.022C489.045,141.2,495.838,149.631,494.822,159.103z\"><\/path>\t\t\t<rect x=\"281.602\" y=\"260.56\" width=\"119.467\" height=\"59.443\"><\/rect>\t\t\t<path d=\"M460.802,81.07c0-18.825-15.309-34.133-34.133-34.133H34.135c-18.825,0-34.133,15.309-34.133,34.133v8.533h460.8V81.07z\"><\/path>\t\t<\/g>\t<\/g><\/g><g><\/g><g><\/g><g><\/g><g><\/g><g><\/g><g><\/g><g><\/g><g><\/g><g><\/g><g><\/g><g><\/g><g><\/g><g><\/g><g><\/g><g><\/g><\/svg>\t\t\t\t\t\t<\/span>\n\t\t\t\t\t\t\t\t\t\t<span class=\"elementor-icon-list-text\">De KONUS-gastenkaart<\/span>\n\t\t\t\t\t\t\t\t\t<\/li>\n\t\t\t\t\t\t<\/ul>\n\t\t\t\t\t\t<\/div>\n\t\t\t\t<\/div>\n\t\t\t\t\t<\/div>\n\t\t<\/div>\n\t\t\t\t\t<\/div>\n\t\t<\/section>\n\t\t\t\t<section class=\"elementor-section elementor-top-section elementor-element elementor-element-4e96be2c elementor-section-boxed elementor-section-height-default elementor-section-height-default\" data-id=\"4e96be2c\" data-element_type=\"section\" data-e-type=\"section\">\n\t\t\t\t\t\t<div class=\"elementor-container elementor-column-gap-default\">\n\t\t\t\t\t<div class=\"elementor-column elementor-col-100 elementor-top-column elementor-element elementor-element-25cc8f0b\" data-id=\"25cc8f0b\" data-element_type=\"column\" data-e-type=\"column\">\n\t\t\t<div class=\"elementor-widget-wrap elementor-element-populated\">\n\t\t\t\t\t\t<div class=\"elementor-element elementor-element-5ec6a2a1 elementor-widget elementor-widget-text-editor\" data-id=\"5ec6a2a1\" data-element_type=\"widget\" data-e-type=\"widget\" data-widget_type=\"text-editor.default\">\n\t\t\t\t<div class=\"elementor-widget-container\">\n\t\t\t\t\t\t\t\t\t<p>Zodra u aankomt, parkeert u uw auto en kunt u gratis gaan wandelen, ontdekken of winkelen met het openbaar vervoer, zonder dat u zich zorgen hoeft te maken over parkeerproblemen: dat is wat de unieke KONUS-gastenkaart mogelijk maakt. <strong>dat is een gratis kaartje voor bussen en treinen in de hele vakantieregio van het Zwarte Woud.<\/strong><\/p><p>Bij aankomst in het hotel ontvangt u van ons de gastenkaart<\/p><p><span style=\"font-size: 16px;\">Meer informatie over de gastenkaart vindt u op:<\/span><\/p><p><a href=\"https:\/\/www.schwarzwald-tourismus.info\/planen-buchen\/konus-gaestekarte\" target=\"_blank\" rel=\"noopener\"><span style=\"font-size: 16px;\">https:\/\/www.schwarzwald-tourismus.info\/planen-buchen\/konus-gaestekarte<\/span><\/a><\/p>\t\t\t\t\t\t\t\t<\/div>\n\t\t\t\t<\/div>\n\t\t\t\t\t<\/div>\n\t\t<\/div>\n\t\t\t\t\t<\/div>\n\t\t<\/section>\n\t\t\t\t<section class=\"elementor-section elementor-top-section elementor-element elementor-element-77296bc8 elementor-section-boxed elementor-section-height-default elementor-section-height-default\" data-id=\"77296bc8\" data-element_type=\"section\" data-e-type=\"section\">\n\t\t\t\t\t\t<div class=\"elementor-container elementor-column-gap-default\">\n\t\t\t\t\t<div class=\"elementor-column elementor-col-100 elementor-top-column elementor-element elementor-element-531d952e\" data-id=\"531d952e\" data-element_type=\"column\" data-e-type=\"column\">\n\t\t\t<div class=\"elementor-widget-wrap elementor-element-populated\">\n\t\t\t\t\t\t<div class=\"elementor-element elementor-element-7a66fa7c elementor-icon-list--layout-traditional elementor-list-item-link-full_width elementor-widget elementor-widget-icon-list\" data-id=\"7a66fa7c\" data-element_type=\"widget\" data-e-type=\"widget\" data-widget_type=\"icon-list.default\">\n\t\t\t\t<div class=\"elementor-widget-container\">\n\t\t\t\t\t\t\t<ul class=\"elementor-icon-list-items\">\n\t\t\t\t\t\t\t<li class=\"elementor-icon-list-item\">\n\t\t\t\t\t\t\t\t\t\t\t<span class=\"elementor-icon-list-icon\">\n\t\t\t\t\t\t\t<i aria-hidden=\"true\" class=\"fas fa-photo-video\"><\/i>\t\t\t\t\t\t<\/span>\n\t\t\t\t\t\t\t\t\t\t<span class=\"elementor-icon-list-text\">De video over de gastenkaart: Ani legt de Konus-gastenkaart uit<\/span>\n\t\t\t\t\t\t\t\t\t<\/li>\n\t\t\t\t\t\t<\/ul>\n\t\t\t\t\t\t<\/div>\n\t\t\t\t<\/div>\n\t\t\t\t\t<\/div>\n\t\t<\/div>\n\t\t\t\t\t<\/div>\n\t\t<\/section>\n\t\t\t\t<section class=\"elementor-section elementor-top-section elementor-element elementor-element-40af1d84 elementor-section-boxed elementor-section-height-default elementor-section-height-default\" data-id=\"40af1d84\" data-element_type=\"section\" data-e-type=\"section\">\n\t\t\t\t\t\t<div class=\"elementor-container elementor-column-gap-default\">\n\t\t\t\t\t<div class=\"elementor-column elementor-col-100 elementor-top-column elementor-element elementor-element-6c5beed6\" data-id=\"6c5beed6\" data-element_type=\"column\" data-e-type=\"column\">\n\t\t\t<div class=\"elementor-widget-wrap elementor-element-populated\">\n\t\t\t\t\t\t<div class=\"elementor-element elementor-element-04d140b elementor-widget elementor-widget-video\" data-id=\"04d140b\" data-element_type=\"widget\" data-e-type=\"widget\" data-settings=\"{&quot;youtube_url&quot;:&quot;https:\\\/\\\/www.youtube.com\\\/watch?v=oGYuE0-iBfI&quot;,&quot;video_type&quot;:&quot;youtube&quot;,&quot;controls&quot;:&quot;yes&quot;}\" data-widget_type=\"video.default\">\n\t\t\t\t<div class=\"elementor-widget-container\">\n\t\t\t\t\t\t\t<div class=\"elementor-wrapper elementor-open-inline\">\n\t\t\t<div class=\"elementor-video\"><\/div>\t\t<\/div>\n\t\t\t\t\t\t<\/div>\n\t\t\t\t<\/div>\n\t\t\t\t\t<\/div>\n\t\t<\/div>\n\t\t\t\t\t<\/div>\n\t\t<\/section>\n\t\t\t\t<section class=\"elementor-section elementor-top-section elementor-element elementor-element-738ad0b elementor-section-boxed elementor-section-height-default elementor-section-height-default\" data-id=\"738ad0b\" data-element_type=\"section\" data-e-type=\"section\">\n\t\t\t\t\t\t<div class=\"elementor-container elementor-column-gap-default\">\n\t\t\t\t\t<div class=\"elementor-column elementor-col-100 elementor-top-column elementor-element elementor-element-7a838c58\" data-id=\"7a838c58\" data-element_type=\"column\" data-e-type=\"column\">\n\t\t\t<div class=\"elementor-widget-wrap elementor-element-populated\">\n\t\t\t\t\t\t<div class=\"elementor-element elementor-element-34217b6c elementor-icon-list--layout-traditional elementor-list-item-link-full_width elementor-widget elementor-widget-icon-list\" data-id=\"34217b6c\" data-element_type=\"widget\" data-e-type=\"widget\" data-widget_type=\"icon-list.default\">\n\t\t\t\t<div class=\"elementor-widget-container\">\n\t\t\t\t\t\t\t<ul class=\"elementor-icon-list-items\">\n\t\t\t\t\t\t\t<li class=\"elementor-icon-list-item\">\n\t\t\t\t\t\t\t\t\t\t\t<span class=\"elementor-icon-list-icon\">\n\t\t\t\t\t\t\t<svg xmlns=\"http:\/\/www.w3.org\/2000\/svg\" clip-rule=\"evenodd\" fill-rule=\"evenodd\" height=\"512\" viewbox=\"0 0 43.3492 43.3492\" width=\"512\"><g id=\"Layer_x0020_1\"><g id=\"_306586480\"><path id=\"_306585856\" d=\"m18.1911 6.0571-17.3066-6.0572v37.1567l17.3066 6.0571zm-12.3364 16.6321 8.0073 2.8025-.254.7287-8.0073-2.8025zm.0001 3.7346 8.0072 2.8024-.254.7288-8.0072-2.8025zm0 3.7346 8.0072 2.8024-.254.7288-8.0072-2.8025zm0 3.7345 8.0072 2.8025-.254.7287-8.0072-2.8024zm0-14.9383 8.0072 2.8025-.254.7287-8.0072-2.8024zm7.8802-9.8627v9.295l-8.0072-2.8025v-9.295z\"><\/path><path id=\"_306586024\" d=\"m23.2945 25.4917 8.0072-2.8025.254.7287-8.0072 2.8025zm-.0001 3.7345 8.0073-2.8024.254.7287-8.0073 2.8025zm0 3.7346 8.0073-2.8024.254.7287-8.0073 2.8025zm0 3.7346 8.0073-2.8025.254.7288-8.0073 2.8024zm0-14.9383 8.0073-2.8025.254.7288-8.0073 2.8024zm.127-3.3702v-9.295l8.0073-2.8025v9.295zm12.8505-18.387-17.3067 6.0572v37.1567l17.3067-6.0572v-37.1567z\"><\/path><path id=\"_306586168\" d=\"m36.8415 37.7261 5.6232 5.6231v-37.1566l-5.4671-5.467v36.9459z\"><\/path><\/g><\/g><\/svg>\t\t\t\t\t\t<\/span>\n\t\t\t\t\t\t\t\t\t\t<span class=\"elementor-icon-list-text\">De flyer voor de gastenkaart<\/span>\n\t\t\t\t\t\t\t\t\t<\/li>\n\t\t\t\t\t\t<\/ul>\n\t\t\t\t\t\t<\/div>\n\t\t\t\t<\/div>\n\t\t\t\t\t<\/div>\n\t\t<\/div>\n\t\t\t\t\t<\/div>\n\t\t<\/section>\n\t\t\t\t<section class=\"elementor-section elementor-top-section elementor-element elementor-element-7eda47b8 elementor-section-boxed elementor-section-height-default elementor-section-height-default\" data-id=\"7eda47b8\" data-element_type=\"section\" data-e-type=\"section\">\n\t\t\t\t\t\t<div class=\"elementor-container elementor-column-gap-default\">\n\t\t\t\t\t<div class=\"elementor-column elementor-col-100 elementor-top-column elementor-element elementor-element-66f93832\" data-id=\"66f93832\" data-element_type=\"column\" data-e-type=\"column\">\n\t\t\t<div class=\"elementor-widget-wrap elementor-element-populated\">\n\t\t\t\t\t\t<div class=\"elementor-element elementor-element-3bc79676 elementor-widget elementor-widget-text-editor\" data-id=\"3bc79676\" data-element_type=\"widget\" data-e-type=\"widget\" data-widget_type=\"text-editor.default\">\n\t\t\t\t<div class=\"elementor-widget-container\">\n\t\t\t\t\t\t\t\t\t<p>Via de volgende link vindt u een flyer voor de gastenkaart:\u00a0<br \/><br \/><span style=\"text-decoration: underline;\"><a href=\"https:\/\/prospektbestellung.toubiz.de\/media\/prospekt\/file\/7663126_KONUS_Flyer_DIN-A6-2023-Internet.pdf\" target=\"_blank\" rel=\"noopener\">Link naar de vlieger<\/a><\/span><\/p>\t\t\t\t\t\t\t\t<\/div>\n\t\t\t\t<\/div>\n\t\t\t\t\t<\/div>\n\t\t<\/div>\n\t\t\t\t\t<\/div>\n\t\t<\/section>\n\t\t\t\t<\/div>","protected":false},"excerpt":{"rendered":"<p>G\u00e4stekarte Die KONUS G\u00e4stekarte Nach der Ankunft das Fahrzeug abstellen und ohne Gedanken an Parkplatzprobleme mit \u00f6ffentlichen Verkehrsmitteln kostenlos zu Wanderungen, Erkundungstouren oder Einkaufsbummeln aufbrechen: Dies erm\u00f6glicht die einzigartige KONUS G\u00e4stekarte, welche als kostenfreies Ticket f\u00fcr Busse und Bahnen in der gesamten Urlaubsregion Schwarzwald gilt. Die G\u00e4stekarte erhalten Sie von uns bei Ihrer Ankunft im [&hellip;]<\/p>\n","protected":false},"author":2,"featured_media":0,"parent":0,"menu_order":0,"comment_status":"closed","ping_status":"closed","template":"","meta":{"site-sidebar-layout":"no-sidebar","site-content-layout":"page-builder","ast-site-content-layout":"default","site-content-style":"default","site-sidebar-style":"default","ast-global-header-display":"","ast-banner-title-visibility":"","ast-main-header-display":"","ast-hfb-above-header-display":"","ast-hfb-below-header-display":"","ast-hfb-mobile-header-display":"","site-post-title":"disabled","ast-breadcrumbs-content":"","ast-featured-img":"disabled","footer-sml-layout":"","ast-disable-related-posts":"","theme-transparent-header-meta":"","adv-header-id-meta":"","stick-header-meta":"","header-above-stick-meta":"","header-main-stick-meta":"","header-below-stick-meta":"","astra-migrate-meta-layouts":"default","ast-page-background-enabled":"default","ast-page-background-meta":{"desktop":{"background-color":"var(--ast-global-color-4)","background-image":"","background-repeat":"repeat","background-position":"center center","background-size":"auto","background-attachment":"scroll","background-type":"","background-media":"","overlay-type":"","overlay-color":"","overlay-opacity":"","overlay-gradient":""},"tablet":{"background-color":"","background-image":"","background-repeat":"repeat","background-position":"center center","background-size":"auto","background-attachment":"scroll","background-type":"","background-media":"","overlay-type":"","overlay-color":"","overlay-opacity":"","overlay-gradient":""},"mobile":{"background-color":"","background-image":"","background-repeat":"repeat","background-position":"center center","background-size":"auto","background-attachment":"scroll","background-type":"","background-media":"","overlay-type":"","overlay-color":"","overlay-opacity":"","overlay-gradient":""}},"ast-content-background-meta":{"desktop":{"background-color":"var(--ast-global-color-5)","background-image":"","background-repeat":"repeat","background-position":"center center","background-size":"auto","background-attachment":"scroll","background-type":"","background-media":"","overlay-type":"","overlay-color":"","overlay-opacity":"","overlay-gradient":""},"tablet":{"background-color":"var(--ast-global-color-5)","background-image":"","background-repeat":"repeat","background-position":"center center","background-size":"auto","background-attachment":"scroll","background-type":"","background-media":"","overlay-type":"","overlay-color":"","overlay-opacity":"","overlay-gradient":""},"mobile":{"background-color":"var(--ast-global-color-5)","background-image":"","background-repeat":"repeat","background-position":"center center","background-size":"auto","background-attachment":"scroll","background-type":"","background-media":"","overlay-type":"","overlay-color":"","overlay-opacity":"","overlay-gradient":""}},"_glsr_average":0,"_glsr_ranking":0,"_glsr_reviews":0,"footnotes":""},"class_list":["post-6619","page","type-page","status-publish","hentry"],"_links":{"self":[{"href":"https:\/\/pfefferundsalz.gaeste-mappe.de\/nl\/wp-json\/wp\/v2\/pages\/6619","targetHints":{"allow":["GET"]}}],"collection":[{"href":"https:\/\/pfefferundsalz.gaeste-mappe.de\/nl\/wp-json\/wp\/v2\/pages"}],"about":[{"href":"https:\/\/pfefferundsalz.gaeste-mappe.de\/nl\/wp-json\/wp\/v2\/types\/page"}],"author":[{"embeddable":true,"href":"https:\/\/pfefferundsalz.gaeste-mappe.de\/nl\/wp-json\/wp\/v2\/users\/2"}],"replies":[{"embeddable":true,"href":"https:\/\/pfefferundsalz.gaeste-mappe.de\/nl\/wp-json\/wp\/v2\/comments?post=6619"}],"version-history":[{"count":92,"href":"https:\/\/pfefferundsalz.gaeste-mappe.de\/nl\/wp-json\/wp\/v2\/pages\/6619\/revisions"}],"predecessor-version":[{"id":12192,"href":"https:\/\/pfefferundsalz.gaeste-mappe.de\/nl\/wp-json\/wp\/v2\/pages\/6619\/revisions\/12192"}],"wp:attachment":[{"href":"https:\/\/pfefferundsalz.gaeste-mappe.de\/nl\/wp-json\/wp\/v2\/media?parent=6619"}],"curies":[{"name":"wp","href":"https:\/\/api.w.org\/{rel}","templated":true}]}}